{"id":714224,"date":"2025-08-27T17:16:13","date_gmt":"2025-08-27T14:16:13","guid":{"rendered":"https:\/\/roveyayinevi.com.tr\/index.php\/urun\/egzersiz-antrenman-ve-hormonal-uyumlar\/"},"modified":"2026-04-16T02:22:45","modified_gmt":"2026-04-15T23:22:45","slug":"egzersiz-antrenman-ve-hormonal-uyumlar","status":"publish","type":"product","link":"https:\/\/roveyayinevi.com.tr\/index.php\/urun\/egzersiz-antrenman-ve-hormonal-uyumlar\/","title":{"rendered":"Egzersiz &#8211; Antrenman ve Hormonal Uyumlar"},"content":{"rendered":"<p>Endokrinolojiye Giri\u015fEgzersizin N\u00f6roendokrinal Kontrol\u00fcHormonal Resept\u00f6rlerStres Hormonlar\u0131 ve EgzersizEgzersizde Enerji Kullan\u0131m\u0131n\u0131n Hormonal D\u00fczenlenmesiV\u00fccut S\u0131v\u0131lar\u0131n\u0131n D\u00fczenlenmesi ve Hormonal EtkilerIs\u0131 Dengesi Ve EgzersizBiyolojik Ritimlerin Endokrinolojisi ve Egzersiz\u00dcreme(Cinsiyet)Hormonlar\u0131 ve EgzersizB\u00fcy\u00fcme Fizyolojisi<\/p>\n","protected":false},"excerpt":{"rendered":"<p>Endokrinolojiye Giri\u015fEgzersizin N\u00f6roendokrinal Kontrol\u00fcHormonal Resept\u00f6rlerStres Hormonlar\u0131 ve EgzersizEgzersizde Enerji Kullan\u0131m\u0131n\u0131n Hormonal D\u00fczenlenmesiV\u00fccut S\u0131v\u0131lar\u0131n\u0131n D\u00fczenlenmesi ve Hormonal EtkilerIs\u0131 Dengesi Ve EgzersizBiyolojik Ritimlerin Endokrinolojisi ve Egzersiz\u00dcreme(Cinsiyet)Hormonlar\u0131 ve EgzersizB\u00fcy\u00fcme<span class=\"excerpt-hellip\"> [\u2026]<\/span><\/p>\n","protected":false},"featured_media":0,"template":"","meta":{"_monsterinsights_skip_tracking":false,"_monsterinsights_sitenote_active":false,"_monsterinsights_sitenote_note":"","_monsterinsights_sitenote_category":0},"product_brand":[],"product_cat":[12573,12566],"product_tag":[],"class_list":{"0":"post-714224","1":"product","2":"type-product","3":"status-publish","5":"product_cat-akademik-kitaplar","6":"product_cat-egitim","7":"pa_cilt-ciltsiz","8":"pa_tur-kitap","9":"pa_yayinevi-gazi-kitabevi","10":"pa_yazar-kollektif","12":"first","13":"instock","14":"sale","15":"shipping-taxable","16":"purchasable","17":"product-type-simple"},"_links":{"self":[{"href":"https:\/\/roveyayinevi.com.tr\/index.php\/wp-json\/wp\/v2\/product\/714224","targetHints":{"allow":["GET"]}}],"collection":[{"href":"https:\/\/roveyayinevi.com.tr\/index.php\/wp-json\/wp\/v2\/product"}],"about":[{"href":"https:\/\/roveyayinevi.com.tr\/index.php\/wp-json\/wp\/v2\/types\/product"}],"wp:attachment":[{"href":"https:\/\/roveyayinevi.com.tr\/index.php\/wp-json\/wp\/v2\/media?parent=714224"}],"wp:term":[{"taxonomy":"product_brand","embeddable":true,"href":"https:\/\/roveyayinevi.com.tr\/index.php\/wp-json\/wp\/v2\/product_brand?post=714224"},{"taxonomy":"product_cat","embeddable":true,"href":"https:\/\/roveyayinevi.com.tr\/index.php\/wp-json\/wp\/v2\/product_cat?post=714224"},{"taxonomy":"product_tag","embeddable":true,"href":"https:\/\/roveyayinevi.com.tr\/index.php\/wp-json\/wp\/v2\/product_tag?post=714224"}],"curies":[{"name":"wp","href":"https:\/\/api.w.org\/{rel}","templated":true}]}}