{"id":714222,"date":"2025-08-27T17:16:12","date_gmt":"2025-08-27T14:16:12","guid":{"rendered":"https:\/\/roveyayinevi.com.tr\/index.php\/urun\/dinozorlar-kendilerini-nasil-korur-ciltli\/"},"modified":"2026-03-05T02:35:49","modified_gmt":"2026-03-04T23:35:49","slug":"dinozorlar-kendilerini-nasil-korur-ciltli","status":"publish","type":"product","link":"https:\/\/roveyayinevi.com.tr\/index.php\/urun\/dinozorlar-kendilerini-nasil-korur-ciltli\/","title":{"rendered":"Dinozorlar Kendilerini Nas\u0131l Korur? (Ciltli)"},"content":{"rendered":"<p>Evde, okulda ya da oyunda, dinozorlar kendilerini b\u00fct\u00fcn g\u00fcn nas\u0131l korur? \u00d6d\u00fcll\u00fc yazar Jane Yolen\u2019den, k\u00fc\u00e7\u00fck dinozorlar\u0131n kar\u015f\u0131dan kar\u015f\u0131ya ge\u00e7erken, yabanc\u0131larla konu\u015furken, bisiklete binerken kendilerini nas\u0131l koruyacaklar\u0131na dair keyifli mi keyifli bir hik\u00e2ye.<\/p>\n","protected":false},"excerpt":{"rendered":"<p>Evde, okulda ya da oyunda, dinozorlar kendilerini b\u00fct\u00fcn g\u00fcn nas\u0131l korur? \u00d6d\u00fcll\u00fc yazar Jane Yolen\u2019den, k\u00fc\u00e7\u00fck dinozorlar\u0131n kar\u015f\u0131dan kar\u015f\u0131ya ge\u00e7erken, yabanc\u0131larla konu\u015furken, bisiklete binerken kendilerini nas\u0131l<span class=\"excerpt-hellip\"> [\u2026]<\/span><\/p>\n","protected":false},"featured_media":0,"template":"","meta":{"_monsterinsights_skip_tracking":false,"_monsterinsights_sitenote_active":false,"_monsterinsights_sitenote_note":"","_monsterinsights_sitenote_category":0},"product_brand":[],"product_cat":[12274,12284],"product_tag":[],"class_list":{"0":"post-714222","1":"product","2":"type-product","3":"status-publish","5":"product_cat-cocuk-ve-genclik-kitaplari","6":"product_cat-hikayeler","7":"pa_cilt-ciltli","8":"pa_tur-kitap","9":"pa_yayinevi-beyaz-balina-yayinlari","10":"pa_yazar-jane-yolen","12":"first","13":"instock","14":"sale","15":"shipping-taxable","16":"purchasable","17":"product-type-simple"},"_links":{"self":[{"href":"https:\/\/roveyayinevi.com.tr\/index.php\/wp-json\/wp\/v2\/product\/714222","targetHints":{"allow":["GET"]}}],"collection":[{"href":"https:\/\/roveyayinevi.com.tr\/index.php\/wp-json\/wp\/v2\/product"}],"about":[{"href":"https:\/\/roveyayinevi.com.tr\/index.php\/wp-json\/wp\/v2\/types\/product"}],"wp:attachment":[{"href":"https:\/\/roveyayinevi.com.tr\/index.php\/wp-json\/wp\/v2\/media?parent=714222"}],"wp:term":[{"taxonomy":"product_brand","embeddable":true,"href":"https:\/\/roveyayinevi.com.tr\/index.php\/wp-json\/wp\/v2\/product_brand?post=714222"},{"taxonomy":"product_cat","embeddable":true,"href":"https:\/\/roveyayinevi.com.tr\/index.php\/wp-json\/wp\/v2\/product_cat?post=714222"},{"taxonomy":"product_tag","embeddable":true,"href":"https:\/\/roveyayinevi.com.tr\/index.php\/wp-json\/wp\/v2\/product_tag?post=714222"}],"curies":[{"name":"wp","href":"https:\/\/api.w.org\/{rel}","templated":true}]}}