{"id":714221,"date":"2025-08-27T17:16:12","date_gmt":"2025-08-27T14:16:12","guid":{"rendered":"https:\/\/roveyayinevi.com.tr\/index.php\/urun\/dinozorlar-nasil-barisir\/"},"modified":"2026-04-16T02:22:45","modified_gmt":"2026-04-15T23:22:45","slug":"dinozorlar-nasil-barisir","status":"publish","type":"product","link":"https:\/\/roveyayinevi.com.tr\/index.php\/urun\/dinozorlar-nasil-barisir\/","title":{"rendered":"Dinozorlar Nas\u0131l Bar\u0131\u015f\u0131r?"},"content":{"rendered":"<p>Dinozorlar ara s\u0131ra tart\u0131\u015f\u0131r, peki ama nas\u0131l bar\u0131\u015f\u0131rlar? \u00d6d\u00fcll\u00fc yazar Jane Yolen\u2019den arkada\u015fl\u0131\u011f\u0131n ve nezaketin \u00f6nemine dair, reng\u00e2renk dinozor resimleriyle s\u00fcsl\u00fc, e\u011flenceli mi e\u011flenceli bir hik\u00e2ye. \ufffcTan\u0131t\u0131m Metni<\/p>\n","protected":false},"excerpt":{"rendered":"<p>Dinozorlar ara s\u0131ra tart\u0131\u015f\u0131r, peki ama nas\u0131l bar\u0131\u015f\u0131rlar? \u00d6d\u00fcll\u00fc yazar Jane Yolen\u2019den arkada\u015fl\u0131\u011f\u0131n ve nezaketin \u00f6nemine dair, reng\u00e2renk dinozor resimleriyle s\u00fcsl\u00fc, e\u011flenceli mi e\u011flenceli bir hik\u00e2ye.<span class=\"excerpt-hellip\"> [\u2026]<\/span><\/p>\n","protected":false},"featured_media":0,"template":"","meta":{"_monsterinsights_skip_tracking":false,"_monsterinsights_sitenote_active":false,"_monsterinsights_sitenote_note":"","_monsterinsights_sitenote_category":0},"product_brand":[],"product_cat":[12913,12274],"product_tag":[],"class_list":{"0":"post-714221","1":"product","2":"type-product","3":"status-publish","5":"product_cat-3-6-yas-kitaplari","6":"product_cat-cocuk-ve-genclik-kitaplari","7":"pa_cilt-ciltli","8":"pa_tur-kitap","9":"pa_yayinevi-beyaz-balina-yayinlari","10":"pa_yazar-jane-yolen","12":"first","13":"instock","14":"sale","15":"shipping-taxable","16":"purchasable","17":"product-type-simple"},"_links":{"self":[{"href":"https:\/\/roveyayinevi.com.tr\/index.php\/wp-json\/wp\/v2\/product\/714221","targetHints":{"allow":["GET"]}}],"collection":[{"href":"https:\/\/roveyayinevi.com.tr\/index.php\/wp-json\/wp\/v2\/product"}],"about":[{"href":"https:\/\/roveyayinevi.com.tr\/index.php\/wp-json\/wp\/v2\/types\/product"}],"wp:attachment":[{"href":"https:\/\/roveyayinevi.com.tr\/index.php\/wp-json\/wp\/v2\/media?parent=714221"}],"wp:term":[{"taxonomy":"product_brand","embeddable":true,"href":"https:\/\/roveyayinevi.com.tr\/index.php\/wp-json\/wp\/v2\/product_brand?post=714221"},{"taxonomy":"product_cat","embeddable":true,"href":"https:\/\/roveyayinevi.com.tr\/index.php\/wp-json\/wp\/v2\/product_cat?post=714221"},{"taxonomy":"product_tag","embeddable":true,"href":"https:\/\/roveyayinevi.com.tr\/index.php\/wp-json\/wp\/v2\/product_tag?post=714221"}],"curies":[{"name":"wp","href":"https:\/\/api.w.org\/{rel}","templated":true}]}}