{"id":714218,"date":"2025-08-27T17:16:10","date_gmt":"2025-08-27T14:16:10","guid":{"rendered":"https:\/\/roveyayinevi.com.tr\/index.php\/urun\/muzakere-101-strateji-olusturmadan-ikna-tekniklerine-muzakere-hakkinda-bilmemiz-gereken-her-sey\/"},"modified":"2026-04-16T02:22:45","modified_gmt":"2026-04-15T23:22:45","slug":"muzakere-101-strateji-olusturmadan-ikna-tekniklerine-muzakere-hakkinda-bilmemiz-gereken-her-sey","status":"publish","type":"product","link":"https:\/\/roveyayinevi.com.tr\/index.php\/urun\/muzakere-101-strateji-olusturmadan-ikna-tekniklerine-muzakere-hakkinda-bilmemiz-gereken-her-sey\/","title":{"rendered":"M\u00fczakere 101 &#8211; Strateji Olu\u015fturmadan \u0130kna Tekniklerine M\u00fczakere Hakk\u0131nda Bilmemiz Gereken Her \u015eey"},"content":{"rendered":"<p>Siz fark etmeseniz de b\u00fct\u00fcn hayat\u0131n\u0131z m\u00fczakere \u00fczerine kurulu. Bir i\u015f toplant\u0131s\u0131nda, yeni bir araba al\u0131rken ve hatta \u00e7ocu\u011funuzla bile s\u00fcrekli bir pazarl\u0131k, m\u00fczakere hali i\u00e7indesiniz. Ama m\u00fczakereyle ilgili kitaplar, \u00e7o\u011funlukla karma\u015f\u0131k teknikler veya bo\u015f s\u00f6zlerden fazlas\u0131n\u0131 sunmaz. M\u00fczakere 101 ise t\u00fcm bu karma\u015f\u0131k teknikleri, sadece gereken nitelikleri edinmeniz i\u00e7in basitle\u015ftiriyor. Ara\u015ft\u0131rma yapmaktan m\u00fczakere tekniklerine, s\u00fcreci y\u00f6netmekten stres seviyenizi ayarlamaya ve hukuki yollara kadar ihtiyac\u0131n\u0131z olan her \u015fey M\u00fczakere 101\u2019de.<\/p>\n","protected":false},"excerpt":{"rendered":"<p>Siz fark etmeseniz de b\u00fct\u00fcn hayat\u0131n\u0131z m\u00fczakere \u00fczerine kurulu. Bir i\u015f toplant\u0131s\u0131nda, yeni bir araba al\u0131rken ve hatta \u00e7ocu\u011funuzla bile s\u00fcrekli bir pazarl\u0131k, m\u00fczakere hali i\u00e7indesiniz.<span class=\"excerpt-hellip\"> [\u2026]<\/span><\/p>\n","protected":false},"featured_media":0,"template":"","meta":{"_monsterinsights_skip_tracking":false,"_monsterinsights_sitenote_active":false,"_monsterinsights_sitenote_note":"","_monsterinsights_sitenote_category":0},"product_brand":[],"product_cat":[13043,17647],"product_tag":[],"class_list":{"0":"post-714218","1":"product","2":"type-product","3":"status-publish","5":"product_cat-ekonomi","6":"product_cat-is-dunyasi","7":"pa_cilt-ciltsiz","8":"pa_tur-kitap","9":"pa_yayinevi-say-yayinlari","10":"pa_yazar-peter-sander","12":"first","13":"instock","14":"sale","15":"shipping-taxable","16":"purchasable","17":"product-type-simple"},"_links":{"self":[{"href":"https:\/\/roveyayinevi.com.tr\/index.php\/wp-json\/wp\/v2\/product\/714218","targetHints":{"allow":["GET"]}}],"collection":[{"href":"https:\/\/roveyayinevi.com.tr\/index.php\/wp-json\/wp\/v2\/product"}],"about":[{"href":"https:\/\/roveyayinevi.com.tr\/index.php\/wp-json\/wp\/v2\/types\/product"}],"wp:attachment":[{"href":"https:\/\/roveyayinevi.com.tr\/index.php\/wp-json\/wp\/v2\/media?parent=714218"}],"wp:term":[{"taxonomy":"product_brand","embeddable":true,"href":"https:\/\/roveyayinevi.com.tr\/index.php\/wp-json\/wp\/v2\/product_brand?post=714218"},{"taxonomy":"product_cat","embeddable":true,"href":"https:\/\/roveyayinevi.com.tr\/index.php\/wp-json\/wp\/v2\/product_cat?post=714218"},{"taxonomy":"product_tag","embeddable":true,"href":"https:\/\/roveyayinevi.com.tr\/index.php\/wp-json\/wp\/v2\/product_tag?post=714218"}],"curies":[{"name":"wp","href":"https:\/\/api.w.org\/{rel}","templated":true}]}}