{"id":714217,"date":"2025-08-27T17:16:09","date_gmt":"2025-08-27T14:16:09","guid":{"rendered":"https:\/\/roveyayinevi.com.tr\/index.php\/urun\/islem-tamam-elde-var-3\/"},"modified":"2026-04-16T02:22:45","modified_gmt":"2026-04-15T23:22:45","slug":"islem-tamam-elde-var-3","status":"publish","type":"product","link":"https:\/\/roveyayinevi.com.tr\/index.php\/urun\/islem-tamam-elde-var-3\/","title":{"rendered":"\u0130\u015flem Tamam Elde Var 3"},"content":{"rendered":"<p>Soru bahane, denklem \u00e7\u00f6zmek \u015fahane!Toprak I\u015f\u0131k\u2019\u0131n, matemati\u011fin g\u00f6r\u00fcnd\u00fc\u011f\u00fcnden \u00e7ok daha keyifli olabilece\u011fini kan\u0131tlayan \u201c\u0130\u015flem Tamam\u201d isimli ba\u015fvuru dizisinin \u00fc\u00e7\u00fcnc\u00fc kitab\u0131.Problem \u00e7\u00f6zme, denklemler ve kesirler gibi temel matematik konular\u0131n\u0131n s\u00fcr\u00fckleyici bir hik\u00e2yeyle bulu\u015ftu\u011fu, 10 ya\u015f ve \u00fczeri okurlar i\u00e7in e\u011flenceli bir ser\u00fcven.Toprak I\u015f\u0131k\u2019\u0131n mizahi anlat\u0131m\u0131n\u0131Do\u011fan Gen\u00e7soy\u2019un karikat\u00fcr esintili resimleriyle bulu\u015fturan \u201c\u0130\u015flem Tamam\u201d serisi, \u00f6\u011frencilere matemati\u011fi sevdirmenin en keyifli yollar\u0131ndan birini sunuyor.&#8221;Matematik dedi\u011fin problemsiz olmaz, matematik\u00e7i dedi\u011fin problem \u00e7\u00f6zmeden duramaz.&#8221; g\u00f6r\u00fc\u015f\u00fcnden yola \u00e7\u0131kan Toprak I\u015f\u0131k, &#8220;\u0130\u015flem Tamam&#8221; serisinin \u00fc\u00e7\u00fcnc\u00fc halkas\u0131nda problem \u00e7\u00f6zmenin e\u011flenceli yan\u0131n\u0131 g\u00f6steriyor.  Ya\u015fam\u0131n her alan\u0131nda matemati\u011fe ihtiya\u00e7 duyabilece\u011fimizi an\u0131msatan\u0130\u015flem Tamam Elde Var 3, soru \u00e7\u00f6zmek i\u00e7in gereken malzemelerden x\u2019li, y\u2019li sorulara, denklemlerden geometriye uzanan bir se\u00e7kide, matemati\u011fin omurgas\u0131n\u0131 olu\u015fturan \u00f6nemli konulara de\u011finiyor. Do\u011fru dille ve y\u00f6ntemle anlat\u0131lan matemati\u011fin, kat\u0131ks\u0131z bir e\u011flenceye d\u00f6n\u00fc\u015febilece\u011fini savunan yazar, \u201c\u0130\u015flem Tamam\u201dda yaratt\u0131\u011f\u0131 matematik evreni ile okurlar\u0131 say\u0131lar\u0131n b\u00fcy\u00fcl\u00fc d\u00fcnyas\u0131nda sihirli bir yolculu\u011fa \u00e7\u0131kar\u0131yor. <\/p>\n","protected":false},"excerpt":{"rendered":"<p>Soru bahane, denklem \u00e7\u00f6zmek \u015fahane!Toprak I\u015f\u0131k\u2019\u0131n, matemati\u011fin g\u00f6r\u00fcnd\u00fc\u011f\u00fcnden \u00e7ok daha keyifli olabilece\u011fini kan\u0131tlayan \u201c\u0130\u015flem Tamam\u201d isimli ba\u015fvuru dizisinin \u00fc\u00e7\u00fcnc\u00fc kitab\u0131.Problem \u00e7\u00f6zme, denklemler ve kesirler gibi temel<span class=\"excerpt-hellip\"> [\u2026]<\/span><\/p>\n","protected":false},"featured_media":0,"template":"","meta":{"_monsterinsights_skip_tracking":false,"_monsterinsights_sitenote_active":false,"_monsterinsights_sitenote_note":"","_monsterinsights_sitenote_category":0},"product_brand":[],"product_cat":[12275,12274],"product_tag":[],"class_list":{"0":"post-714217","1":"product","2":"type-product","3":"status-publish","5":"product_cat-6-12-yas-kitaplari","6":"product_cat-cocuk-ve-genclik-kitaplari","7":"pa_cilt-ciltsiz","8":"pa_tur-kitap","9":"pa_yayinevi-tudem-yayinlari","10":"pa_yazar-toprak-isik","12":"first","13":"instock","14":"sale","15":"shipping-taxable","16":"purchasable","17":"product-type-simple"},"_links":{"self":[{"href":"https:\/\/roveyayinevi.com.tr\/index.php\/wp-json\/wp\/v2\/product\/714217","targetHints":{"allow":["GET"]}}],"collection":[{"href":"https:\/\/roveyayinevi.com.tr\/index.php\/wp-json\/wp\/v2\/product"}],"about":[{"href":"https:\/\/roveyayinevi.com.tr\/index.php\/wp-json\/wp\/v2\/types\/product"}],"wp:attachment":[{"href":"https:\/\/roveyayinevi.com.tr\/index.php\/wp-json\/wp\/v2\/media?parent=714217"}],"wp:term":[{"taxonomy":"product_brand","embeddable":true,"href":"https:\/\/roveyayinevi.com.tr\/index.php\/wp-json\/wp\/v2\/product_brand?post=714217"},{"taxonomy":"product_cat","embeddable":true,"href":"https:\/\/roveyayinevi.com.tr\/index.php\/wp-json\/wp\/v2\/product_cat?post=714217"},{"taxonomy":"product_tag","embeddable":true,"href":"https:\/\/roveyayinevi.com.tr\/index.php\/wp-json\/wp\/v2\/product_tag?post=714217"}],"curies":[{"name":"wp","href":"https:\/\/api.w.org\/{rel}","templated":true}]}}