{"id":714216,"date":"2025-08-27T17:16:09","date_gmt":"2025-08-27T14:16:09","guid":{"rendered":"https:\/\/roveyayinevi.com.tr\/index.php\/urun\/yasakli-sanat-olarak-minyatur-resim-ve-grafik-tarihi\/"},"modified":"2026-04-16T02:22:45","modified_gmt":"2026-04-15T23:22:45","slug":"yasakli-sanat-olarak-minyatur-resim-ve-grafik-tarihi","status":"publish","type":"product","link":"https:\/\/roveyayinevi.com.tr\/index.php\/urun\/yasakli-sanat-olarak-minyatur-resim-ve-grafik-tarihi\/","title":{"rendered":"Yasakl\u0131 Sanat Olarak Minyat\u00fcr, Resim Ve Grafik Tarihi"},"content":{"rendered":"<p>Resim, tarih boyunca \u00e7e\u015fitli yasaklara ve d\u00fc\u015fmanl\u0131klara maruz kald\u0131. Ma\u011fara duvarlar\u0131na yap\u0131lan betimlemelerden grafik tasar\u0131ma uzanan geni\u015f yelpazede minyat\u00fcr, resim ve grafi\u011fin ustalar\u0131; teknikleri, \u00fcsluplar\u0131, konular\u0131 nedeniyle ciddi ele\u015ftirilerin hatta bask\u0131lar\u0131n hedefi oldu.  Y\u00fczy\u0131llar boyunca d\u00fcnyan\u0131n farkl\u0131 co\u011frafyalar\u0131nda birbirlerinden \u00e7ok ayr\u0131 zorluklarla kar\u015f\u0131la\u015fan ressamlar, d\u00fcnya k\u00fclt\u00fcr tarihine e\u015fsiz katk\u0131larda bulundu. Usta ressamlar hem birbirlerini hem de di\u011fer sanat dallar\u0131n\u0131 etkiledi. Resim \u00fczerine yap\u0131lan tart\u0131\u015fmalar, denemeler ve resimden kayna\u011f\u0131n\u0131 alan estetik anlay\u0131\u015f sanat\u0131n ba\u015fat meseleleri i\u00e7in de bir cevap olu\u015fturdu. \u0130\u015fte bu nedenle, resim tarihini bilmek, sanat\u0131 bilmenin olmazsa olmazlar\u0131ndan biri haline geldi.  Prof. Dr. Zeki Tez\u2019in kaleme ald\u0131\u011f\u0131 Yasakl\u0131 Sanat Olarak Minyat\u00fcr, Resim ve Grafik Tarihi, tarih boyunca resim sanat\u0131n\u0131n farkl\u0131 co\u011frafyalarda nas\u0131l filizlendi\u011fini, \u015fekillendi\u011fini ve ressamlar\u0131n hangi bask\u0131 ve yasaklamalarla kar\u015f\u0131la\u015ft\u0131\u011f\u0131n\u0131 anlatan, titizlikle haz\u0131rlanm\u0131\u015f yetkin bir ara\u015ft\u0131rma\u2026 <\/p>\n","protected":false},"excerpt":{"rendered":"<p>Resim, tarih boyunca \u00e7e\u015fitli yasaklara ve d\u00fc\u015fmanl\u0131klara maruz kald\u0131. Ma\u011fara duvarlar\u0131na yap\u0131lan betimlemelerden grafik tasar\u0131ma uzanan geni\u015f yelpazede minyat\u00fcr, resim ve grafi\u011fin ustalar\u0131; teknikleri, \u00fcsluplar\u0131, konular\u0131<span class=\"excerpt-hellip\"> [\u2026]<\/span><\/p>\n","protected":false},"featured_media":0,"template":"","meta":{"_monsterinsights_skip_tracking":false,"_monsterinsights_sitenote_active":false,"_monsterinsights_sitenote_note":"","_monsterinsights_sitenote_category":0},"product_brand":[],"product_cat":[12408,14197],"product_tag":[],"class_list":{"0":"post-714216","1":"product","2":"type-product","3":"status-publish","5":"product_cat-sanat","6":"product_cat-sanat-tarihi","7":"pa_cilt-ciltsiz","8":"pa_tur-kitap","9":"pa_yayinevi-inkilap-kitabevi","10":"pa_yazar-zeki-tez","12":"first","13":"instock","14":"sale","15":"shipping-taxable","16":"purchasable","17":"product-type-simple"},"_links":{"self":[{"href":"https:\/\/roveyayinevi.com.tr\/index.php\/wp-json\/wp\/v2\/product\/714216","targetHints":{"allow":["GET"]}}],"collection":[{"href":"https:\/\/roveyayinevi.com.tr\/index.php\/wp-json\/wp\/v2\/product"}],"about":[{"href":"https:\/\/roveyayinevi.com.tr\/index.php\/wp-json\/wp\/v2\/types\/product"}],"wp:attachment":[{"href":"https:\/\/roveyayinevi.com.tr\/index.php\/wp-json\/wp\/v2\/media?parent=714216"}],"wp:term":[{"taxonomy":"product_brand","embeddable":true,"href":"https:\/\/roveyayinevi.com.tr\/index.php\/wp-json\/wp\/v2\/product_brand?post=714216"},{"taxonomy":"product_cat","embeddable":true,"href":"https:\/\/roveyayinevi.com.tr\/index.php\/wp-json\/wp\/v2\/product_cat?post=714216"},{"taxonomy":"product_tag","embeddable":true,"href":"https:\/\/roveyayinevi.com.tr\/index.php\/wp-json\/wp\/v2\/product_tag?post=714216"}],"curies":[{"name":"wp","href":"https:\/\/api.w.org\/{rel}","templated":true}]}}