{"id":714214,"date":"2025-08-27T17:16:08","date_gmt":"2025-08-27T14:16:08","guid":{"rendered":"https:\/\/roveyayinevi.com.tr\/index.php\/urun\/sana-kek-yaptim-ve-etkinlik-kitabi-2li-set\/"},"modified":"2026-04-16T02:22:45","modified_gmt":"2026-04-15T23:22:45","slug":"sana-kek-yaptim-ve-etkinlik-kitabi-2li-set","status":"publish","type":"product","link":"https:\/\/roveyayinevi.com.tr\/index.php\/urun\/sana-kek-yaptim-ve-etkinlik-kitabi-2li-set\/","title":{"rendered":"Sana Kek Yapt\u0131m ve Etkinlik Kitab\u0131 2&#8217;li Set"},"content":{"rendered":"<p>Sana Kek Yapt\u0131m Akademisyen Anne olarak tan\u0131nan Saniye Bencik Kangal\u2019\u0131n ilk \u00e7ocuk kitab\u0131 Sana Kek Yapt\u0131m, babalar\u0131 mutfa\u011fa sokuyor, evleri mis kokularla dolduruyor, \u00e7ocuklar\u0131n ba\u015f\u0131na e\u011flenceli i\u015fler a\u00e7\u0131yor. Dilerseniz ayn\u0131 f\u0131r\u0131ndan \u00e7\u0131kan Benim Kapkek Kitab\u0131m adl\u0131 etkinlik kitab\u0131yla e\u011flenceye kald\u0131\u011f\u0131n\u0131z yerden devam edebilirsiniz. *** Demir ve G\u00fcne\u015f kek yapmay\u0131 ve yemeyi \u00e7ok seviyor. Yine bir g\u00fcn kek yaparken aksilikler bir t\u00fcrl\u00fc pe\u015flerini b\u0131rakm\u0131yor! Acaba bunca aksili\u011fe ra\u011fmen kekleri f\u0131r\u0131na girebilecek mi? Saniye Bencik Kangal\u2019\u0131n yazd\u0131\u011f\u0131 bu e\u011flenceli \u00f6yk\u00fcye, Ay\u015f\u0131n Deliba\u015f Ero\u011flu reng\u00e2renk \u00e7izimleriyle e\u015flik ediyor\u2026 Benim Kapkek Kitab\u0131m: E\u011flenceli Geli\u015fim Etkinlikleri Benim Kapkek Kitab\u0131m hem \u00e7ocu\u011funuzla ge\u00e7irece\u011finiz nitelikli zamanlara katk\u0131 sa\u011flamak hem de \u00e7ocu\u011funuzun geli\u015fimini b\u00fct\u00fcnsel olarak desteklemek amac\u0131yla haz\u0131rlanm\u0131\u015ft\u0131r. Kitapta yer alan etkinlikler \u00e7ocuklar\u0131n t\u00fcm geli\u015fim alanlar\u0131 ve \u00e7oklu zek\u00e2 t\u00fcrleri g\u00f6z \u00f6n\u00fcne al\u0131narak tasarlanm\u0131\u015f; etkinlikler olu\u015fturulurken Milli E\u011fitim Bakanl\u0131\u011f\u0131 Okul \u00d6ncesi E\u011fitim Program\u0131\u2019nda yer alan kazan\u0131mlar, g\u00f6stergeler ve geli\u015fim \u00f6zellikleri dikkate al\u0131nm\u0131\u015ft\u0131r. Hangi etkinli\u011fin hangi geli\u015fim alan\u0131n\u0131, geli\u015fimin hangi y\u00f6n\u00fcn\u00fc ve hangi \u00e7oklu zek\u00e2 t\u00fcr\u00fcn\u00fc destekledi\u011fi de kitapta belirtilmi\u015ftir. <\/p>\n","protected":false},"excerpt":{"rendered":"<p>Sana Kek Yapt\u0131m Akademisyen Anne olarak tan\u0131nan Saniye Bencik Kangal\u2019\u0131n ilk \u00e7ocuk kitab\u0131 Sana Kek Yapt\u0131m, babalar\u0131 mutfa\u011fa sokuyor, evleri mis kokularla dolduruyor, \u00e7ocuklar\u0131n ba\u015f\u0131na e\u011flenceli<span class=\"excerpt-hellip\"> [\u2026]<\/span><\/p>\n","protected":false},"featured_media":0,"template":"","meta":{"_monsterinsights_skip_tracking":false,"_monsterinsights_sitenote_active":false,"_monsterinsights_sitenote_note":"","_monsterinsights_sitenote_category":0},"product_brand":[],"product_cat":[12274,12518],"product_tag":[],"class_list":{"0":"post-714214","1":"product","2":"type-product","3":"status-publish","5":"product_cat-cocuk-ve-genclik-kitaplari","6":"product_cat-okul-oncesi-kitaplar","7":"pa_cilt-set","8":"pa_tur-kitap","9":"pa_yayinevi-turta-kitap","10":"pa_yazar-saniye-bencik-kangal","12":"first","13":"instock","14":"sale","15":"shipping-taxable","16":"purchasable","17":"product-type-simple"},"_links":{"self":[{"href":"https:\/\/roveyayinevi.com.tr\/index.php\/wp-json\/wp\/v2\/product\/714214","targetHints":{"allow":["GET"]}}],"collection":[{"href":"https:\/\/roveyayinevi.com.tr\/index.php\/wp-json\/wp\/v2\/product"}],"about":[{"href":"https:\/\/roveyayinevi.com.tr\/index.php\/wp-json\/wp\/v2\/types\/product"}],"wp:attachment":[{"href":"https:\/\/roveyayinevi.com.tr\/index.php\/wp-json\/wp\/v2\/media?parent=714214"}],"wp:term":[{"taxonomy":"product_brand","embeddable":true,"href":"https:\/\/roveyayinevi.com.tr\/index.php\/wp-json\/wp\/v2\/product_brand?post=714214"},{"taxonomy":"product_cat","embeddable":true,"href":"https:\/\/roveyayinevi.com.tr\/index.php\/wp-json\/wp\/v2\/product_cat?post=714214"},{"taxonomy":"product_tag","embeddable":true,"href":"https:\/\/roveyayinevi.com.tr\/index.php\/wp-json\/wp\/v2\/product_tag?post=714214"}],"curies":[{"name":"wp","href":"https:\/\/api.w.org\/{rel}","templated":true}]}}