{"id":714213,"date":"2025-08-27T17:16:07","date_gmt":"2025-08-27T14:16:07","guid":{"rendered":"https:\/\/roveyayinevi.com.tr\/index.php\/urun\/benim-kapkek-kitabim-eglenceli-gelisim-etkinlikleri\/"},"modified":"2026-04-16T02:22:45","modified_gmt":"2026-04-15T23:22:45","slug":"benim-kapkek-kitabim-eglenceli-gelisim-etkinlikleri","status":"publish","type":"product","link":"https:\/\/roveyayinevi.com.tr\/index.php\/urun\/benim-kapkek-kitabim-eglenceli-gelisim-etkinlikleri\/","title":{"rendered":"Benim Kapkek Kitab\u0131m:  E\u011flenceli Geli\u015fim Etkinlikleri"},"content":{"rendered":"<p>Benim Kapkek Kitab\u0131m hem \u00e7ocu\u011funuzla ge\u00e7irece\u011finiz nitelikli zamanlara katk\u0131 sa\u011flamak hem de \u00e7ocu\u011funuzun geli\u015fimini b\u00fct\u00fcnsel olarak desteklemek amac\u0131yla haz\u0131rlanm\u0131\u015ft\u0131r. Kitapta yer alan etkinlikler \u00e7ocuklar\u0131n t\u00fcm geli\u015fim alanlar\u0131 ve \u00e7oklu zek\u00e2 t\u00fcrleri g\u00f6z \u00f6n\u00fcne al\u0131narak tasarlanm\u0131\u015f; etkinlikler olu\u015fturulurken Milli E\u011fitim Bakanl\u0131\u011f\u0131 Okul \u00d6ncesi E\u011fitim Program\u0131\u2019nda yer alan kazan\u0131mlar, g\u00f6stergeler ve geli\u015fim \u00f6zellikleri dikkate al\u0131nm\u0131\u015ft\u0131r. Hangi etkinli\u011fin hangi geli\u015fim alan\u0131n\u0131, geli\u015fimin hangi y\u00f6n\u00fcn\u00fc ve hangi \u00e7oklu zek\u00e2 t\u00fcr\u00fcn\u00fc destekledi\u011fi de kitapta belirtilmi\u015ftir \ufffcTan\u0131t\u0131m Metni<\/p>\n","protected":false},"excerpt":{"rendered":"<p>Benim Kapkek Kitab\u0131m hem \u00e7ocu\u011funuzla ge\u00e7irece\u011finiz nitelikli zamanlara katk\u0131 sa\u011flamak hem de \u00e7ocu\u011funuzun geli\u015fimini b\u00fct\u00fcnsel olarak desteklemek amac\u0131yla haz\u0131rlanm\u0131\u015ft\u0131r. Kitapta yer alan etkinlikler \u00e7ocuklar\u0131n t\u00fcm geli\u015fim<span class=\"excerpt-hellip\"> [\u2026]<\/span><\/p>\n","protected":false},"featured_media":0,"template":"","meta":{"_monsterinsights_skip_tracking":false,"_monsterinsights_sitenote_active":false,"_monsterinsights_sitenote_note":"","_monsterinsights_sitenote_category":0},"product_brand":[],"product_cat":[12274,12518],"product_tag":[],"class_list":{"0":"post-714213","1":"product","2":"type-product","3":"status-publish","5":"product_cat-cocuk-ve-genclik-kitaplari","6":"product_cat-okul-oncesi-kitaplar","7":"pa_cilt-ciltsiz","8":"pa_tur-kitap","9":"pa_yayinevi-turta-kitap","10":"pa_yazar-saniye-bencik-kangal","12":"first","13":"instock","14":"sale","15":"shipping-taxable","16":"purchasable","17":"product-type-simple"},"_links":{"self":[{"href":"https:\/\/roveyayinevi.com.tr\/index.php\/wp-json\/wp\/v2\/product\/714213","targetHints":{"allow":["GET"]}}],"collection":[{"href":"https:\/\/roveyayinevi.com.tr\/index.php\/wp-json\/wp\/v2\/product"}],"about":[{"href":"https:\/\/roveyayinevi.com.tr\/index.php\/wp-json\/wp\/v2\/types\/product"}],"wp:attachment":[{"href":"https:\/\/roveyayinevi.com.tr\/index.php\/wp-json\/wp\/v2\/media?parent=714213"}],"wp:term":[{"taxonomy":"product_brand","embeddable":true,"href":"https:\/\/roveyayinevi.com.tr\/index.php\/wp-json\/wp\/v2\/product_brand?post=714213"},{"taxonomy":"product_cat","embeddable":true,"href":"https:\/\/roveyayinevi.com.tr\/index.php\/wp-json\/wp\/v2\/product_cat?post=714213"},{"taxonomy":"product_tag","embeddable":true,"href":"https:\/\/roveyayinevi.com.tr\/index.php\/wp-json\/wp\/v2\/product_tag?post=714213"}],"curies":[{"name":"wp","href":"https:\/\/api.w.org\/{rel}","templated":true}]}}