{"id":714212,"date":"2025-08-27T17:16:06","date_gmt":"2025-08-27T14:16:06","guid":{"rendered":"https:\/\/roveyayinevi.com.tr\/index.php\/urun\/cep-korsanlari-buyuk-peynir-soygunu\/"},"modified":"2025-10-06T04:38:14","modified_gmt":"2025-10-06T01:38:14","slug":"cep-korsanlari-buyuk-peynir-soygunu","status":"publish","type":"product","link":"https:\/\/roveyayinevi.com.tr\/index.php\/urun\/cep-korsanlari-buyuk-peynir-soygunu\/","title":{"rendered":"Cep Korsanlar\u0131: B\u00fcy\u00fck Peynir Soygunu"},"content":{"rendered":"<p>Soka\u011f\u0131n dibindeki eskici d\u00fckk\u00e2n\u0131nda b\u00fcy\u00fck maceralar ya\u015fan\u0131yor. Kahramanlar\u0131m\u0131zsa cebinize s\u0131\u011facak kadar k\u00fc\u00e7\u00fck. Kar\u015f\u0131n\u0131zda Cep Korsanlar\u0131! Bu macerada ne mi oldu? Geminin kedisi, peynir delisi S\u00fcp\u00fcrgelik Fareleri taraf\u0131ndan ka\u00e7\u0131r\u0131ld\u0131! Korsanlar\u0131n buzdolab\u0131 denen yere gitmesi ve kocaman bir peynir dilimi getirmesi gerekiyor. Maceraya haz\u0131r m\u0131s\u0131n\u0131z k\u00fc\u00e7\u00fck korsanlar? \u0130SKELE ALABANDA! YELKENLER FORA! <\/p>\n","protected":false},"excerpt":{"rendered":"<p>Soka\u011f\u0131n dibindeki eskici d\u00fckk\u00e2n\u0131nda b\u00fcy\u00fck maceralar ya\u015fan\u0131yor. Kahramanlar\u0131m\u0131zsa cebinize s\u0131\u011facak kadar k\u00fc\u00e7\u00fck. Kar\u015f\u0131n\u0131zda Cep Korsanlar\u0131! Bu macerada ne mi oldu? Geminin kedisi, peynir delisi S\u00fcp\u00fcrgelik Fareleri<span class=\"excerpt-hellip\"> [\u2026]<\/span><\/p>\n","protected":false},"featured_media":0,"template":"","meta":{"_monsterinsights_skip_tracking":false,"_monsterinsights_sitenote_active":false,"_monsterinsights_sitenote_note":"","_monsterinsights_sitenote_category":0},"product_brand":[],"product_cat":[12274,12284],"product_tag":[],"class_list":{"0":"post-714212","1":"product","2":"type-product","3":"status-publish","5":"product_cat-cocuk-ve-genclik-kitaplari","6":"product_cat-hikayeler","7":"pa_cilt-ciltli","8":"pa_tur-kitap","9":"pa_yayinevi-nemesis-kitap","10":"pa_yazar-chris-mould","12":"first","13":"instock","14":"sale","15":"shipping-taxable","16":"purchasable","17":"product-type-simple"},"_links":{"self":[{"href":"https:\/\/roveyayinevi.com.tr\/index.php\/wp-json\/wp\/v2\/product\/714212","targetHints":{"allow":["GET"]}}],"collection":[{"href":"https:\/\/roveyayinevi.com.tr\/index.php\/wp-json\/wp\/v2\/product"}],"about":[{"href":"https:\/\/roveyayinevi.com.tr\/index.php\/wp-json\/wp\/v2\/types\/product"}],"wp:attachment":[{"href":"https:\/\/roveyayinevi.com.tr\/index.php\/wp-json\/wp\/v2\/media?parent=714212"}],"wp:term":[{"taxonomy":"product_brand","embeddable":true,"href":"https:\/\/roveyayinevi.com.tr\/index.php\/wp-json\/wp\/v2\/product_brand?post=714212"},{"taxonomy":"product_cat","embeddable":true,"href":"https:\/\/roveyayinevi.com.tr\/index.php\/wp-json\/wp\/v2\/product_cat?post=714212"},{"taxonomy":"product_tag","embeddable":true,"href":"https:\/\/roveyayinevi.com.tr\/index.php\/wp-json\/wp\/v2\/product_tag?post=714212"}],"curies":[{"name":"wp","href":"https:\/\/api.w.org\/{rel}","templated":true}]}}