{"id":714211,"date":"2025-08-27T17:16:06","date_gmt":"2025-08-27T14:16:06","guid":{"rendered":"https:\/\/roveyayinevi.com.tr\/index.php\/urun\/seyler-kitabi\/"},"modified":"2026-04-16T02:22:44","modified_gmt":"2026-04-15T23:22:44","slug":"seyler-kitabi","status":"publish","type":"product","link":"https:\/\/roveyayinevi.com.tr\/index.php\/urun\/seyler-kitabi\/","title":{"rendered":"\u015eeyler Kitab\u0131"},"content":{"rendered":"<p>Kendini t\u00fcm \u015fairlerle &#8220;akraba&#8221; sayan y\u00fcceg\u00f6n\u00fcll\u00fc bir \u015fairin, kendini, hayat\u0131n g\u00f6r\u00fcnen-g\u00f6r\u00fcnmeyen t\u00fcm nesneleriyle e\u015fitleyen karde\u015f\u00e7e y\u00fcceg\u00f6n\u00fcll\u00fcl\u00fc\u011f\u00fcn\u00fcn sessiz \u015fark\u0131s\u0131: D\u00fc\u015f\u00fcnd\u00fcn konumunu \u00f6l\u00fcm\u00fcn. K\u00fcp\u00fcn, piramidin, silindirin. Yanl\u0131\u015f olan nesne yok. \u015eeylerin en iyisi sudur. Bir ak\u015fam g\u00f6rd\u00fc\u011f\u00fc yerleri anlatt\u0131 bana. G\u00f6lgesiyle b\u0131rakt\u0131m suyu. Sonluyu, kurcalamal\u0131. A\u011fa\u00e7lar koysun ad\u0131m\u0131. <\/p>\n","protected":false},"excerpt":{"rendered":"<p>Kendini t\u00fcm \u015fairlerle &#8220;akraba&#8221; sayan y\u00fcceg\u00f6n\u00fcll\u00fc bir \u015fairin, kendini, hayat\u0131n g\u00f6r\u00fcnen-g\u00f6r\u00fcnmeyen t\u00fcm nesneleriyle e\u015fitleyen karde\u015f\u00e7e y\u00fcceg\u00f6n\u00fcll\u00fcl\u00fc\u011f\u00fcn\u00fcn sessiz \u015fark\u0131s\u0131: D\u00fc\u015f\u00fcnd\u00fcn konumunu \u00f6l\u00fcm\u00fcn. K\u00fcp\u00fcn, piramidin, silindirin. Yanl\u0131\u015f olan<span class=\"excerpt-hellip\"> [\u2026]<\/span><\/p>\n","protected":false},"featured_media":0,"template":"","meta":{"_monsterinsights_skip_tracking":false,"_monsterinsights_sitenote_active":false,"_monsterinsights_sitenote_note":"","_monsterinsights_sitenote_category":0},"product_brand":[],"product_cat":[12291,12509],"product_tag":[],"class_list":{"0":"post-714211","1":"product","2":"type-product","3":"status-publish","5":"product_cat-edebiyat","6":"product_cat-siir","7":"pa_cilt-ciltsiz","8":"pa_tur-kitap","9":"pa_yayinevi-yapi-kredi-yayinlari","10":"pa_yazar-ilhan-berk","12":"first","13":"instock","14":"sale","15":"shipping-taxable","16":"purchasable","17":"product-type-simple"},"_links":{"self":[{"href":"https:\/\/roveyayinevi.com.tr\/index.php\/wp-json\/wp\/v2\/product\/714211","targetHints":{"allow":["GET"]}}],"collection":[{"href":"https:\/\/roveyayinevi.com.tr\/index.php\/wp-json\/wp\/v2\/product"}],"about":[{"href":"https:\/\/roveyayinevi.com.tr\/index.php\/wp-json\/wp\/v2\/types\/product"}],"wp:attachment":[{"href":"https:\/\/roveyayinevi.com.tr\/index.php\/wp-json\/wp\/v2\/media?parent=714211"}],"wp:term":[{"taxonomy":"product_brand","embeddable":true,"href":"https:\/\/roveyayinevi.com.tr\/index.php\/wp-json\/wp\/v2\/product_brand?post=714211"},{"taxonomy":"product_cat","embeddable":true,"href":"https:\/\/roveyayinevi.com.tr\/index.php\/wp-json\/wp\/v2\/product_cat?post=714211"},{"taxonomy":"product_tag","embeddable":true,"href":"https:\/\/roveyayinevi.com.tr\/index.php\/wp-json\/wp\/v2\/product_tag?post=714211"}],"curies":[{"name":"wp","href":"https:\/\/api.w.org\/{rel}","templated":true}]}}