{"id":714210,"date":"2025-08-27T17:16:05","date_gmt":"2025-08-27T14:16:05","guid":{"rendered":"https:\/\/roveyayinevi.com.tr\/index.php\/urun\/super-cocuklar-serisi-4-kitap\/"},"modified":"2026-04-16T02:22:44","modified_gmt":"2026-04-15T23:22:44","slug":"super-cocuklar-serisi-4-kitap","status":"publish","type":"product","link":"https:\/\/roveyayinevi.com.tr\/index.php\/urun\/super-cocuklar-serisi-4-kitap\/","title":{"rendered":"S\u00fcper \u00c7ocuklar Serisi 4 Kitap"},"content":{"rendered":"<p>Farkl\u0131l\u0131klar\u0131n zenginli\u011fine vurgu yapan S\u00fcper \u00c7ocuklar Serisi, okurlar\u0131n\u0131, kokular\u0131n pe\u015finde, renklerin izinde, gizemli ve hareketli maceralara s\u00fcr\u00fckl\u00fcyor. 8-10 ya\u015f aral\u0131\u011f\u0131ndaki kitapseverlere hitap eden S\u00fcper \u00c7ocuklar Serisi&#8217;nin her kitab\u0131nda gizli yeteneklerini ke\u015ffetmeye \u00e7al\u0131\u015fan bir grup \u00f6\u011frencinin heyecan dolu yeni bir ser\u00fcveni yer al\u0131yor.   Her halkas\u0131n\u0131n ba\u011f\u0131ms\u0131z olarak da okunabilece\u011fi S\u00fcper \u00c7ocuklar Serisi, okurlara ortak bir hedef u\u011fruna tek y\u00fcrek olma bilincini a\u015f\u0131larken, kendilerini ve s\u00fcper yeteneklerini ke\u015ffetme yolunda rehberlik ediyor. <\/p>\n","protected":false},"excerpt":{"rendered":"<p>Farkl\u0131l\u0131klar\u0131n zenginli\u011fine vurgu yapan S\u00fcper \u00c7ocuklar Serisi, okurlar\u0131n\u0131, kokular\u0131n pe\u015finde, renklerin izinde, gizemli ve hareketli maceralara s\u00fcr\u00fckl\u00fcyor. 8-10 ya\u015f aral\u0131\u011f\u0131ndaki kitapseverlere hitap eden S\u00fcper \u00c7ocuklar Serisi&#8217;nin<span class=\"excerpt-hellip\"> [\u2026]<\/span><\/p>\n","protected":false},"featured_media":0,"template":"","meta":{"_monsterinsights_skip_tracking":false,"_monsterinsights_sitenote_active":false,"_monsterinsights_sitenote_note":"","_monsterinsights_sitenote_category":0},"product_brand":[],"product_cat":[12275,12274],"product_tag":[],"class_list":{"0":"post-714210","1":"product","2":"type-product","3":"status-publish","5":"product_cat-6-12-yas-kitaplari","6":"product_cat-cocuk-ve-genclik-kitaplari","7":"pa_cilt-set","8":"pa_tur-kitap","9":"pa_yayinevi-tudem-yayinlari","10":"pa_yazar-aytul-akal","12":"first","13":"instock","14":"sale","15":"shipping-taxable","16":"purchasable","17":"product-type-simple"},"_links":{"self":[{"href":"https:\/\/roveyayinevi.com.tr\/index.php\/wp-json\/wp\/v2\/product\/714210","targetHints":{"allow":["GET"]}}],"collection":[{"href":"https:\/\/roveyayinevi.com.tr\/index.php\/wp-json\/wp\/v2\/product"}],"about":[{"href":"https:\/\/roveyayinevi.com.tr\/index.php\/wp-json\/wp\/v2\/types\/product"}],"wp:attachment":[{"href":"https:\/\/roveyayinevi.com.tr\/index.php\/wp-json\/wp\/v2\/media?parent=714210"}],"wp:term":[{"taxonomy":"product_brand","embeddable":true,"href":"https:\/\/roveyayinevi.com.tr\/index.php\/wp-json\/wp\/v2\/product_brand?post=714210"},{"taxonomy":"product_cat","embeddable":true,"href":"https:\/\/roveyayinevi.com.tr\/index.php\/wp-json\/wp\/v2\/product_cat?post=714210"},{"taxonomy":"product_tag","embeddable":true,"href":"https:\/\/roveyayinevi.com.tr\/index.php\/wp-json\/wp\/v2\/product_tag?post=714210"}],"curies":[{"name":"wp","href":"https:\/\/api.w.org\/{rel}","templated":true}]}}