{"id":714209,"date":"2025-08-27T17:16:05","date_gmt":"2025-08-27T14:16:05","guid":{"rendered":"https:\/\/roveyayinevi.com.tr\/index.php\/urun\/sezer-ve-tozar-comar-amcanin-mirasi\/"},"modified":"2026-04-16T02:22:44","modified_gmt":"2026-04-15T23:22:44","slug":"sezer-ve-tozar-comar-amcanin-mirasi","status":"publish","type":"product","link":"https:\/\/roveyayinevi.com.tr\/index.php\/urun\/sezer-ve-tozar-comar-amcanin-mirasi\/","title":{"rendered":"Sezer ve Tozar \u00c7omar Amca&#8217;n\u0131n Miras\u0131"},"content":{"rendered":"<p>Kimler \u015fehrin do\u011fusunda, neredeyse hi\u00e7 g\u00fcne\u015f y\u00fcz\u00fc g\u00f6rmeyen eski p\u00fcsk\u00fc bir evde ya\u015f\u0131yor? Kimler ya\u011fmurlu bir nisan g\u00fcn\u00fc hayatlar\u0131n\u0131n ilk mektubunu al\u0131yor? Kimlerin hayat\u0131, varl\u0131\u011f\u0131ndan haberdar olmad\u0131klar\u0131 bir amcan\u0131n miras\u0131yla tamamen de\u011fi\u015fiyor? Cevap: Tabii ki SEZER VE TOZAR! Tozar \u00e7irkin mi \u00e7irkin bir k\u00f6pektir, Sezer ise karn\u0131 hep a\u00e7, kurnaz bir kedi. Ya\u011fmurlu bir nisan g\u00fcn\u00fc ald\u0131klar\u0131 mektupla, Tozar\u2019\u0131n amcas\u0131 \u00c7omar\u2019\u0131n ona K\u00f6rfez Pansiyonu\u2019nu b\u0131rakt\u0131\u011f\u0131n\u0131 \u00f6\u011frenen iki kafadar bavullar\u0131n\u0131 toplay\u0131p yola koyulur. \u00c7a\u011fda\u015f Norve\u00e7 edebiyat\u0131n\u0131n en sevilen yazarlar\u0131ndan Ingvar Ambj\u00f8rnsen\u2019in kendi k\u00f6pe\u011fi ve kedisinden ilhamla yazd\u0131\u011f\u0131 Sezer ve Tozar serisiyle yepyeni bir maceraya at\u0131lmaya haz\u0131r olun! <\/p>\n","protected":false},"excerpt":{"rendered":"<p>Kimler \u015fehrin do\u011fusunda, neredeyse hi\u00e7 g\u00fcne\u015f y\u00fcz\u00fc g\u00f6rmeyen eski p\u00fcsk\u00fc bir evde ya\u015f\u0131yor? Kimler ya\u011fmurlu bir nisan g\u00fcn\u00fc hayatlar\u0131n\u0131n ilk mektubunu al\u0131yor? Kimlerin hayat\u0131, varl\u0131\u011f\u0131ndan haberdar<span class=\"excerpt-hellip\"> [\u2026]<\/span><\/p>\n","protected":false},"featured_media":0,"template":"","meta":{"_monsterinsights_skip_tracking":false,"_monsterinsights_sitenote_active":false,"_monsterinsights_sitenote_note":"","_monsterinsights_sitenote_category":0},"product_brand":[],"product_cat":[12275,12274],"product_tag":[],"class_list":{"0":"post-714209","1":"product","2":"type-product","3":"status-publish","5":"product_cat-6-12-yas-kitaplari","6":"product_cat-cocuk-ve-genclik-kitaplari","7":"pa_cilt-ciltsiz","8":"pa_tur-kitap","9":"pa_yayinevi-can-cocuk-yayinlari","10":"pa_yazar-ingvar-ambjornsen","12":"first","13":"instock","14":"sale","15":"shipping-taxable","16":"purchasable","17":"product-type-simple"},"_links":{"self":[{"href":"https:\/\/roveyayinevi.com.tr\/index.php\/wp-json\/wp\/v2\/product\/714209","targetHints":{"allow":["GET"]}}],"collection":[{"href":"https:\/\/roveyayinevi.com.tr\/index.php\/wp-json\/wp\/v2\/product"}],"about":[{"href":"https:\/\/roveyayinevi.com.tr\/index.php\/wp-json\/wp\/v2\/types\/product"}],"wp:attachment":[{"href":"https:\/\/roveyayinevi.com.tr\/index.php\/wp-json\/wp\/v2\/media?parent=714209"}],"wp:term":[{"taxonomy":"product_brand","embeddable":true,"href":"https:\/\/roveyayinevi.com.tr\/index.php\/wp-json\/wp\/v2\/product_brand?post=714209"},{"taxonomy":"product_cat","embeddable":true,"href":"https:\/\/roveyayinevi.com.tr\/index.php\/wp-json\/wp\/v2\/product_cat?post=714209"},{"taxonomy":"product_tag","embeddable":true,"href":"https:\/\/roveyayinevi.com.tr\/index.php\/wp-json\/wp\/v2\/product_tag?post=714209"}],"curies":[{"name":"wp","href":"https:\/\/api.w.org\/{rel}","templated":true}]}}