{"id":714207,"date":"2025-08-27T17:16:03","date_gmt":"2025-08-27T14:16:03","guid":{"rendered":"https:\/\/roveyayinevi.com.tr\/index.php\/urun\/dunya-turuna-bir-bilet\/"},"modified":"2026-04-16T02:22:44","modified_gmt":"2026-04-15T23:22:44","slug":"dunya-turuna-bir-bilet","status":"publish","type":"product","link":"https:\/\/roveyayinevi.com.tr\/index.php\/urun\/dunya-turuna-bir-bilet\/","title":{"rendered":"D\u00fcnya Turuna Bir Bilet"},"content":{"rendered":"<p>Hey \u00e7ocuklar! D\u00fcnyan\u0131n 13 \u00fclkesini kapsayan bir yolculu\u011fa \u00e7\u0131k\u0131yorum. Bu \u00fclkelerdeki arkada\u015flar\u0131mla bulu\u015facak, hem e\u011flenecek hem de yeni bilgiler edinece\u011fim. Benimle birlikte gelip bu \u00fclkelerin \u00e7e\u015fitli \u00f6zelliklerini \u00f6\u011frenmek; k\u00fclt\u00fcrleri, co\u011frafyalar\u0131, lisanlar\u0131, pop\u00fcler yemekleri, vah\u015fi ya\u015famlar\u0131 ya da \u00f6nemli yap\u0131lar\u0131 hakk\u0131nda bilgi edinmek istemez misiniz?   Haydi durmay\u0131n \u00f6yle, gelin hep birlikte ba\u015flayal\u0131m bu heyecan verici geziye! <\/p>\n","protected":false},"excerpt":{"rendered":"<p>Hey \u00e7ocuklar! D\u00fcnyan\u0131n 13 \u00fclkesini kapsayan bir yolculu\u011fa \u00e7\u0131k\u0131yorum. Bu \u00fclkelerdeki arkada\u015flar\u0131mla bulu\u015facak, hem e\u011flenecek hem de yeni bilgiler edinece\u011fim. Benimle birlikte gelip bu \u00fclkelerin \u00e7e\u015fitli<span class=\"excerpt-hellip\"> [\u2026]<\/span><\/p>\n","protected":false},"featured_media":0,"template":"","meta":{"_monsterinsights_skip_tracking":false,"_monsterinsights_sitenote_active":false,"_monsterinsights_sitenote_note":"","_monsterinsights_sitenote_category":0},"product_brand":[],"product_cat":[12913,12274],"product_tag":[],"class_list":{"0":"post-714207","1":"product","2":"type-product","3":"status-publish","5":"product_cat-3-6-yas-kitaplari","6":"product_cat-cocuk-ve-genclik-kitaplari","7":"pa_cilt-ciltsiz","8":"pa_tur-kitap","9":"pa_yayinevi-1001-cicek-kitaplar","10":"pa_yazar-natalia-diaz-melissa-owens","12":"first","13":"instock","14":"sale","15":"shipping-taxable","16":"purchasable","17":"product-type-simple"},"_links":{"self":[{"href":"https:\/\/roveyayinevi.com.tr\/index.php\/wp-json\/wp\/v2\/product\/714207","targetHints":{"allow":["GET"]}}],"collection":[{"href":"https:\/\/roveyayinevi.com.tr\/index.php\/wp-json\/wp\/v2\/product"}],"about":[{"href":"https:\/\/roveyayinevi.com.tr\/index.php\/wp-json\/wp\/v2\/types\/product"}],"wp:attachment":[{"href":"https:\/\/roveyayinevi.com.tr\/index.php\/wp-json\/wp\/v2\/media?parent=714207"}],"wp:term":[{"taxonomy":"product_brand","embeddable":true,"href":"https:\/\/roveyayinevi.com.tr\/index.php\/wp-json\/wp\/v2\/product_brand?post=714207"},{"taxonomy":"product_cat","embeddable":true,"href":"https:\/\/roveyayinevi.com.tr\/index.php\/wp-json\/wp\/v2\/product_cat?post=714207"},{"taxonomy":"product_tag","embeddable":true,"href":"https:\/\/roveyayinevi.com.tr\/index.php\/wp-json\/wp\/v2\/product_tag?post=714207"}],"curies":[{"name":"wp","href":"https:\/\/api.w.org\/{rel}","templated":true}]}}