{"id":714206,"date":"2025-08-27T17:16:03","date_gmt":"2025-08-27T14:16:03","guid":{"rendered":"https:\/\/roveyayinevi.com.tr\/index.php\/urun\/diyalektik-ve-tarihsel-materyalizmin-alfabesi\/"},"modified":"2026-04-16T02:22:44","modified_gmt":"2026-04-15T23:22:44","slug":"diyalektik-ve-tarihsel-materyalizmin-alfabesi","status":"publish","type":"product","link":"https:\/\/roveyayinevi.com.tr\/index.php\/urun\/diyalektik-ve-tarihsel-materyalizmin-alfabesi\/","title":{"rendered":"Diyalektik ve Tarihsel Materyalizmin Alfabesi"},"content":{"rendered":"<p>Bu kitap, be\u015f Sovyet bilimcinin ortak \u00fcr\u00fcn\u00fc. Ad\u0131 \u00fcst\u00fcnde, marksist diyalektik materyalizm ve tarihsel materyalizm teorisinin ger\u00e7ekten bir &#8220;alfabesi&#8221; niteli\u011finde. Teorinin en karma\u015f\u0131k g\u00f6r\u00fcnen y\u00f6nleri bile bu kitapta hayranl\u0131k verici bir a\u00e7\u0131kl\u0131k kazan\u0131yor. Marksizm \u00f6ncesi ve marksizm d\u0131\u015f\u0131 felsefi ak\u0131mlar ve tezlerle olduk\u00e7a ayr\u0131nt\u0131l\u0131 bir kar\u015f\u0131la\u015ft\u0131rmas\u0131 yap\u0131larak incelenen marksist bilimsel materyalizm, yeni bilimsel ara\u015ft\u0131rmalar\u0131n ve modern teknolojinin ortaya \u00e7\u0131kard\u0131\u011f\u0131 verilerin de \u0131\u015f\u0131\u011f\u0131nda zenginle\u015ftiriliyor. Konular\u0131n a\u00e7\u0131klanmas\u0131nda ba\u015fvurulan yak\u0131n tarihsel uygulamalara ili\u015fkin \u00f6rnekleme ve de\u011ferlendirmeler kimi yerlerde ele\u015ftirilebilir bir \u00f6znellik i\u00e7eriyor olmakla birlikte, bu, kitab\u0131n as\u0131l konusun anlamam\u0131z\u0131 zorla\u015ft\u0131rm\u0131yor. \ufffcTan\u0131t\u0131m Metni<\/p>\n","protected":false},"excerpt":{"rendered":"<p>Bu kitap, be\u015f Sovyet bilimcinin ortak \u00fcr\u00fcn\u00fc. Ad\u0131 \u00fcst\u00fcnde, marksist diyalektik materyalizm ve tarihsel materyalizm teorisinin ger\u00e7ekten bir &#8220;alfabesi&#8221; niteli\u011finde. Teorinin en karma\u015f\u0131k g\u00f6r\u00fcnen y\u00f6nleri bile<span class=\"excerpt-hellip\"> [\u2026]<\/span><\/p>\n","protected":false},"featured_media":0,"template":"","meta":{"_monsterinsights_skip_tracking":false,"_monsterinsights_sitenote_active":false,"_monsterinsights_sitenote_note":"","_monsterinsights_sitenote_category":0},"product_brand":[],"product_cat":[12388,15309],"product_tag":[],"class_list":{"0":"post-714206","1":"product","2":"type-product","3":"status-publish","5":"product_cat-felsefe","6":"product_cat-felsefi-akimlar","7":"pa_cilt-ciltsiz","8":"pa_tur-kitap","9":"pa_yayinevi-bilim-ve-sosyalizm-yayinlari","10":"pa_yazar-kollektif","12":"first","13":"instock","14":"sale","15":"shipping-taxable","16":"purchasable","17":"product-type-simple"},"_links":{"self":[{"href":"https:\/\/roveyayinevi.com.tr\/index.php\/wp-json\/wp\/v2\/product\/714206","targetHints":{"allow":["GET"]}}],"collection":[{"href":"https:\/\/roveyayinevi.com.tr\/index.php\/wp-json\/wp\/v2\/product"}],"about":[{"href":"https:\/\/roveyayinevi.com.tr\/index.php\/wp-json\/wp\/v2\/types\/product"}],"wp:attachment":[{"href":"https:\/\/roveyayinevi.com.tr\/index.php\/wp-json\/wp\/v2\/media?parent=714206"}],"wp:term":[{"taxonomy":"product_brand","embeddable":true,"href":"https:\/\/roveyayinevi.com.tr\/index.php\/wp-json\/wp\/v2\/product_brand?post=714206"},{"taxonomy":"product_cat","embeddable":true,"href":"https:\/\/roveyayinevi.com.tr\/index.php\/wp-json\/wp\/v2\/product_cat?post=714206"},{"taxonomy":"product_tag","embeddable":true,"href":"https:\/\/roveyayinevi.com.tr\/index.php\/wp-json\/wp\/v2\/product_tag?post=714206"}],"curies":[{"name":"wp","href":"https:\/\/api.w.org\/{rel}","templated":true}]}}