{"id":714203,"date":"2025-08-27T17:16:02","date_gmt":"2025-08-27T14:16:02","guid":{"rendered":"https:\/\/roveyayinevi.com.tr\/index.php\/urun\/komunizmin-ilkeleri\/"},"modified":"2026-04-16T02:22:44","modified_gmt":"2026-04-15T23:22:44","slug":"komunizmin-ilkeleri","status":"publish","type":"product","link":"https:\/\/roveyayinevi.com.tr\/index.php\/urun\/komunizmin-ilkeleri\/","title":{"rendered":"Kom\u00fcnizmin \u0130lkeleri"},"content":{"rendered":"<p>Engels, Kom\u00fcnizmin \u0130lkeleri&#8217;ni 1847 Ekim sonlar\u0131nda, Kom\u00fcnist Birli\u011fin Paris y\u00f6netim komitesinin karar\u0131 ile, Birli\u011fin program tasla\u011f\u0131 olarak yazd\u0131. Engels daha \u00f6nce, Birli\u011fin 1847 Haziran&#8217;\u0131nda Londra&#8217;da toplanan 1. Kongresinde tart\u0131\u015f\u0131lan ve program tasla\u011f\u0131 olarak kabul edilen bir metin haz\u0131rlam\u0131\u015ft\u0131. Kom\u00fcnizmin \u0130lkeleri, Haziran metninin, yani &#8220;Kom\u00fcnist \u0130man Yemin Tasla\u011f\u0131&#8221;n\u0131n geli\u015ftirilmi\u015f bir a\u00e7\u0131klamas\u0131d\u0131r. \ufffcTan\u0131t\u0131m Metni<\/p>\n","protected":false},"excerpt":{"rendered":"<p>Engels, Kom\u00fcnizmin \u0130lkeleri&#8217;ni 1847 Ekim sonlar\u0131nda, Kom\u00fcnist Birli\u011fin Paris y\u00f6netim komitesinin karar\u0131 ile, Birli\u011fin program tasla\u011f\u0131 olarak yazd\u0131. Engels daha \u00f6nce, Birli\u011fin 1847 Haziran&#8217;\u0131nda Londra&#8217;da toplanan<span class=\"excerpt-hellip\"> [\u2026]<\/span><\/p>\n","protected":false},"featured_media":0,"template":"","meta":{"_monsterinsights_skip_tracking":false,"_monsterinsights_sitenote_active":false,"_monsterinsights_sitenote_note":"","_monsterinsights_sitenote_category":0},"product_brand":[],"product_cat":[12337,16547],"product_tag":[],"class_list":{"0":"post-714203","1":"product","2":"type-product","3":"status-publish","5":"product_cat-politika-siyaset","6":"product_cat-sol-hareketler","7":"pa_cilt-ciltsiz","8":"pa_tur-kitap","9":"pa_yayinevi-bilim-ve-sosyalizm-yayinlari","10":"pa_yazar-friedrich-engels","12":"first","13":"instock","14":"sale","15":"shipping-taxable","16":"purchasable","17":"product-type-simple"},"_links":{"self":[{"href":"https:\/\/roveyayinevi.com.tr\/index.php\/wp-json\/wp\/v2\/product\/714203","targetHints":{"allow":["GET"]}}],"collection":[{"href":"https:\/\/roveyayinevi.com.tr\/index.php\/wp-json\/wp\/v2\/product"}],"about":[{"href":"https:\/\/roveyayinevi.com.tr\/index.php\/wp-json\/wp\/v2\/types\/product"}],"wp:attachment":[{"href":"https:\/\/roveyayinevi.com.tr\/index.php\/wp-json\/wp\/v2\/media?parent=714203"}],"wp:term":[{"taxonomy":"product_brand","embeddable":true,"href":"https:\/\/roveyayinevi.com.tr\/index.php\/wp-json\/wp\/v2\/product_brand?post=714203"},{"taxonomy":"product_cat","embeddable":true,"href":"https:\/\/roveyayinevi.com.tr\/index.php\/wp-json\/wp\/v2\/product_cat?post=714203"},{"taxonomy":"product_tag","embeddable":true,"href":"https:\/\/roveyayinevi.com.tr\/index.php\/wp-json\/wp\/v2\/product_tag?post=714203"}],"curies":[{"name":"wp","href":"https:\/\/api.w.org\/{rel}","templated":true}]}}