{"id":714199,"date":"2025-08-27T17:16:00","date_gmt":"2025-08-27T14:16:00","guid":{"rendered":"https:\/\/roveyayinevi.com.tr\/index.php\/urun\/ucretli-emek-ve-sermaye-2\/"},"modified":"2026-04-16T02:22:44","modified_gmt":"2026-04-15T23:22:44","slug":"ucretli-emek-ve-sermaye-2","status":"publish","type":"product","link":"https:\/\/roveyayinevi.com.tr\/index.php\/urun\/ucretli-emek-ve-sermaye-2\/","title":{"rendered":"\u00dccretli Emek ve Sermaye"},"content":{"rendered":"<p>Bu yap\u0131t\u0131nda Marx, kapitalist toplumdaki s\u0131n\u0131f sava\u015f\u0131m\u0131n\u0131n maddi temelini olu\u015fturan ekonomik ili\u015fkilerin ana \u00e7izgilerini herkesin anlayabilece\u011fi bir anlat\u0131mla ortaya koymay\u0131 ama\u00e7lam\u0131\u015ft\u0131r. \ufffcTan\u0131t\u0131m Metni<\/p>\n","protected":false},"excerpt":{"rendered":"<p>Bu yap\u0131t\u0131nda Marx, kapitalist toplumdaki s\u0131n\u0131f sava\u015f\u0131m\u0131n\u0131n maddi temelini olu\u015fturan ekonomik ili\u015fkilerin ana \u00e7izgilerini herkesin anlayabilece\u011fi bir anlat\u0131mla ortaya koymay\u0131 ama\u00e7lam\u0131\u015ft\u0131r. \ufffcTan\u0131t\u0131m Metni<\/p>\n","protected":false},"featured_media":0,"template":"","meta":{"_monsterinsights_skip_tracking":false,"_monsterinsights_sitenote_active":false,"_monsterinsights_sitenote_note":"","_monsterinsights_sitenote_category":0},"product_brand":[],"product_cat":[12338,12337],"product_tag":[],"class_list":{"0":"post-714199","1":"product","2":"type-product","3":"status-publish","5":"product_cat-dunya-siyaseti-ve-politikasi","6":"product_cat-politika-siyaset","7":"pa_cilt-ciltli","8":"pa_tur-kitap","9":"pa_yayinevi-bilim-ve-sosyalizm-yayinlari","10":"pa_yazar-karl-marx","12":"first","13":"instock","14":"sale","15":"shipping-taxable","16":"purchasable","17":"product-type-simple"},"_links":{"self":[{"href":"https:\/\/roveyayinevi.com.tr\/index.php\/wp-json\/wp\/v2\/product\/714199","targetHints":{"allow":["GET"]}}],"collection":[{"href":"https:\/\/roveyayinevi.com.tr\/index.php\/wp-json\/wp\/v2\/product"}],"about":[{"href":"https:\/\/roveyayinevi.com.tr\/index.php\/wp-json\/wp\/v2\/types\/product"}],"wp:attachment":[{"href":"https:\/\/roveyayinevi.com.tr\/index.php\/wp-json\/wp\/v2\/media?parent=714199"}],"wp:term":[{"taxonomy":"product_brand","embeddable":true,"href":"https:\/\/roveyayinevi.com.tr\/index.php\/wp-json\/wp\/v2\/product_brand?post=714199"},{"taxonomy":"product_cat","embeddable":true,"href":"https:\/\/roveyayinevi.com.tr\/index.php\/wp-json\/wp\/v2\/product_cat?post=714199"},{"taxonomy":"product_tag","embeddable":true,"href":"https:\/\/roveyayinevi.com.tr\/index.php\/wp-json\/wp\/v2\/product_tag?post=714199"}],"curies":[{"name":"wp","href":"https:\/\/api.w.org\/{rel}","templated":true}]}}