{"id":714197,"date":"2025-08-27T17:15:59","date_gmt":"2025-08-27T14:15:59","guid":{"rendered":"https:\/\/roveyayinevi.com.tr\/index.php\/urun\/utopik-ve-bilimsel-sosyalizm\/"},"modified":"2026-04-16T02:22:44","modified_gmt":"2026-04-15T23:22:44","slug":"utopik-ve-bilimsel-sosyalizm","status":"publish","type":"product","link":"https:\/\/roveyayinevi.com.tr\/index.php\/urun\/utopik-ve-bilimsel-sosyalizm\/","title":{"rendered":"\u00dctopik ve Bilimsel Sosyalizm"},"content":{"rendered":"<p>Lenin&#8217;in B\u00fct\u00fcn Yap\u0131tlar\u0131&#8217;ndaki, proleter devrim ve sosyalist kurulu\u015f sorunlar\u0131n\u0131n \u00e7\u00f6z\u00fcmlenmesi u\u011frunda ortaya koydu\u011fu, bilimsel sosyalizmin teori ve prati\u011fini a\u00e7\u0131mlayan d\u00fc\u015f\u00fcnceleri. \ufffcTan\u0131t\u0131m Metni<\/p>\n","protected":false},"excerpt":{"rendered":"<p>Lenin&#8217;in B\u00fct\u00fcn Yap\u0131tlar\u0131&#8217;ndaki, proleter devrim ve sosyalist kurulu\u015f sorunlar\u0131n\u0131n \u00e7\u00f6z\u00fcmlenmesi u\u011frunda ortaya koydu\u011fu, bilimsel sosyalizmin teori ve prati\u011fini a\u00e7\u0131mlayan d\u00fc\u015f\u00fcnceleri. \ufffcTan\u0131t\u0131m Metni<\/p>\n","protected":false},"featured_media":0,"template":"","meta":{"_monsterinsights_skip_tracking":false,"_monsterinsights_sitenote_active":false,"_monsterinsights_sitenote_note":"","_monsterinsights_sitenote_category":0},"product_brand":[],"product_cat":[13590,12337],"product_tag":[],"class_list":{"0":"post-714197","1":"product","2":"type-product","3":"status-publish","5":"product_cat-arastirma-inceleme-politika-siyaset","6":"product_cat-politika-siyaset","7":"pa_cilt-ciltsiz","8":"pa_tur-kitap","9":"pa_yayinevi-bilim-ve-sosyalizm-yayinlari","10":"pa_yazar-vladimir-ilyic-lenin","12":"first","13":"instock","14":"sale","15":"shipping-taxable","16":"purchasable","17":"product-type-simple"},"_links":{"self":[{"href":"https:\/\/roveyayinevi.com.tr\/index.php\/wp-json\/wp\/v2\/product\/714197","targetHints":{"allow":["GET"]}}],"collection":[{"href":"https:\/\/roveyayinevi.com.tr\/index.php\/wp-json\/wp\/v2\/product"}],"about":[{"href":"https:\/\/roveyayinevi.com.tr\/index.php\/wp-json\/wp\/v2\/types\/product"}],"wp:attachment":[{"href":"https:\/\/roveyayinevi.com.tr\/index.php\/wp-json\/wp\/v2\/media?parent=714197"}],"wp:term":[{"taxonomy":"product_brand","embeddable":true,"href":"https:\/\/roveyayinevi.com.tr\/index.php\/wp-json\/wp\/v2\/product_brand?post=714197"},{"taxonomy":"product_cat","embeddable":true,"href":"https:\/\/roveyayinevi.com.tr\/index.php\/wp-json\/wp\/v2\/product_cat?post=714197"},{"taxonomy":"product_tag","embeddable":true,"href":"https:\/\/roveyayinevi.com.tr\/index.php\/wp-json\/wp\/v2\/product_tag?post=714197"}],"curies":[{"name":"wp","href":"https:\/\/api.w.org\/{rel}","templated":true}]}}