{"id":714186,"date":"2025-08-27T17:15:53","date_gmt":"2025-08-27T14:15:53","guid":{"rendered":"https:\/\/roveyayinevi.com.tr\/index.php\/urun\/dun-koleydik-bugun-halkiz\/"},"modified":"2026-04-16T02:22:44","modified_gmt":"2026-04-15T23:22:44","slug":"dun-koleydik-bugun-halkiz","status":"publish","type":"product","link":"https:\/\/roveyayinevi.com.tr\/index.php\/urun\/dun-koleydik-bugun-halkiz\/","title":{"rendered":"D\u00fcn K\u00f6leydik Bug\u00fcn Halk\u0131z"},"content":{"rendered":"<p>Fa\u015fizmin karanl\u0131\u011f\u0131nda, y\u00fczy\u0131llar\u0131n biriktirdi\u011fi kayg\u0131larla konu\u015fan ac\u0131l\u0131 bir dil. Macar emek\u00e7isinin 1500 y\u0131ll\u0131k tarihinin destans\u0131 bir anlat\u0131m\u0131. \ufffcTan\u0131t\u0131m Metni<\/p>\n","protected":false},"excerpt":{"rendered":"<p>Fa\u015fizmin karanl\u0131\u011f\u0131nda, y\u00fczy\u0131llar\u0131n biriktirdi\u011fi kayg\u0131larla konu\u015fan ac\u0131l\u0131 bir dil. Macar emek\u00e7isinin 1500 y\u0131ll\u0131k tarihinin destans\u0131 bir anlat\u0131m\u0131. \ufffcTan\u0131t\u0131m Metni<\/p>\n","protected":false},"featured_media":0,"template":"","meta":{"_monsterinsights_skip_tracking":false,"_monsterinsights_sitenote_active":false,"_monsterinsights_sitenote_note":"","_monsterinsights_sitenote_category":0},"product_brand":[],"product_cat":[12305,12304],"product_tag":[],"class_list":{"0":"post-714186","1":"product","2":"type-product","3":"status-publish","5":"product_cat-dunya-tarihi","6":"product_cat-tarih","7":"pa_cilt-ciltsiz","8":"pa_tur-kitap","9":"pa_yayinevi-bilim-ve-sosyalizm-yayinlari","10":"pa_yazar-g-paloczy-horvath","12":"first","13":"instock","14":"sale","15":"shipping-taxable","16":"purchasable","17":"product-type-simple"},"_links":{"self":[{"href":"https:\/\/roveyayinevi.com.tr\/index.php\/wp-json\/wp\/v2\/product\/714186","targetHints":{"allow":["GET"]}}],"collection":[{"href":"https:\/\/roveyayinevi.com.tr\/index.php\/wp-json\/wp\/v2\/product"}],"about":[{"href":"https:\/\/roveyayinevi.com.tr\/index.php\/wp-json\/wp\/v2\/types\/product"}],"wp:attachment":[{"href":"https:\/\/roveyayinevi.com.tr\/index.php\/wp-json\/wp\/v2\/media?parent=714186"}],"wp:term":[{"taxonomy":"product_brand","embeddable":true,"href":"https:\/\/roveyayinevi.com.tr\/index.php\/wp-json\/wp\/v2\/product_brand?post=714186"},{"taxonomy":"product_cat","embeddable":true,"href":"https:\/\/roveyayinevi.com.tr\/index.php\/wp-json\/wp\/v2\/product_cat?post=714186"},{"taxonomy":"product_tag","embeddable":true,"href":"https:\/\/roveyayinevi.com.tr\/index.php\/wp-json\/wp\/v2\/product_tag?post=714186"}],"curies":[{"name":"wp","href":"https:\/\/api.w.org\/{rel}","templated":true}]}}