{"id":714185,"date":"2025-08-27T17:15:53","date_gmt":"2025-08-27T14:15:53","guid":{"rendered":"https:\/\/roveyayinevi.com.tr\/index.php\/urun\/deleuzeden-sonra-felsefe\/"},"modified":"2026-04-16T02:22:44","modified_gmt":"2026-04-15T23:22:44","slug":"deleuzeden-sonra-felsefe","status":"publish","type":"product","link":"https:\/\/roveyayinevi.com.tr\/index.php\/urun\/deleuzeden-sonra-felsefe\/","title":{"rendered":"Deleuze&#8217;den Sonra Felsefe"},"content":{"rendered":"<p>Deleuze&#8217;den Sonra Felsefe, Deleuze&#8217;\u00fcn felsefi eserinin faaliyette oldu\u011fu farkl\u0131 d\u00fc\u015f\u00fcnce alanlar\u0131n\u0131 b\u00fcy\u00fck bir ustal\u0131kla ortaya koymakla beraber onun 50&#8217;lerde ba\u015flayan projesinin 90&#8217;lara kadar kaleme ald\u0131\u011f\u0131 pop\u00fcler kitaplar\u0131na nas\u0131l ba\u011fland\u0131\u011f\u0131n\u0131 g\u00f6stermesi a\u00e7\u0131s\u0131ndan \u00f6zellikle a\u00e7\u0131klay\u0131c\u0131 bir giri\u015f kitab\u0131. Huges, Deleuze&#8217;\u00fcn yazma ve d\u00fc\u015f\u00fcnme \u00fcslubunu g\u00f6zden ge\u00e7irdikten sonra, bu kavramsal mimarinin ontolojiden politikaya kadar farkl\u0131 felsefi alanlardaki faaliyetini ele al\u0131r. Deleuze&#8217;\u00fcn farkl\u0131 ba\u011flamlarda ve farkl\u0131 tarihlerde yazd\u0131\u011f\u0131 kitaplar\u0131 birbirine eklemler ve de\u011fi\u015fen s\u00f6zc\u00fcklere ve terimlere ra\u011fmen felsefe okurlar\u0131n\u0131n takip edebilece\u011fi \u00f6zg\u00fcl bir yola i\u015faret eder. Deleuze&#8217;den Sonra Felsefe&#8217;nin en b\u00fcy\u00fck katk\u0131s\u0131 Deleuze felsefesini Guattari \u00f6ncesi ve sonras\u0131 d\u00f6nem olarak ikiye ay\u0131ran yayg\u0131n kan\u0131ya parlak ve ikna edici bir yan\u0131t niteli\u011finde olmas\u0131. \ufffcTan\u0131t\u0131m Metni<\/p>\n","protected":false},"excerpt":{"rendered":"<p>Deleuze&#8217;den Sonra Felsefe, Deleuze&#8217;\u00fcn felsefi eserinin faaliyette oldu\u011fu farkl\u0131 d\u00fc\u015f\u00fcnce alanlar\u0131n\u0131 b\u00fcy\u00fck bir ustal\u0131kla ortaya koymakla beraber onun 50&#8217;lerde ba\u015flayan projesinin 90&#8217;lara kadar kaleme ald\u0131\u011f\u0131 pop\u00fcler<span class=\"excerpt-hellip\"> [\u2026]<\/span><\/p>\n","protected":false},"featured_media":0,"template":"","meta":{"_monsterinsights_skip_tracking":false,"_monsterinsights_sitenote_active":false,"_monsterinsights_sitenote_note":"","_monsterinsights_sitenote_category":0},"product_brand":[],"product_cat":[16038,12388],"product_tag":[],"class_list":{"0":"post-714185","1":"product","2":"type-product","3":"status-publish","5":"product_cat-arastirma-inceleme-referans-felsefe","6":"product_cat-felsefe","7":"pa_cilt-ciltsiz","8":"pa_tur-kitap","9":"pa_yayinevi-bilim-ve-sosyalizm-yayinlari","10":"pa_yazar-joe-hughes","12":"first","13":"instock","14":"sale","15":"shipping-taxable","16":"purchasable","17":"product-type-simple"},"_links":{"self":[{"href":"https:\/\/roveyayinevi.com.tr\/index.php\/wp-json\/wp\/v2\/product\/714185","targetHints":{"allow":["GET"]}}],"collection":[{"href":"https:\/\/roveyayinevi.com.tr\/index.php\/wp-json\/wp\/v2\/product"}],"about":[{"href":"https:\/\/roveyayinevi.com.tr\/index.php\/wp-json\/wp\/v2\/types\/product"}],"wp:attachment":[{"href":"https:\/\/roveyayinevi.com.tr\/index.php\/wp-json\/wp\/v2\/media?parent=714185"}],"wp:term":[{"taxonomy":"product_brand","embeddable":true,"href":"https:\/\/roveyayinevi.com.tr\/index.php\/wp-json\/wp\/v2\/product_brand?post=714185"},{"taxonomy":"product_cat","embeddable":true,"href":"https:\/\/roveyayinevi.com.tr\/index.php\/wp-json\/wp\/v2\/product_cat?post=714185"},{"taxonomy":"product_tag","embeddable":true,"href":"https:\/\/roveyayinevi.com.tr\/index.php\/wp-json\/wp\/v2\/product_tag?post=714185"}],"curies":[{"name":"wp","href":"https:\/\/api.w.org\/{rel}","templated":true}]}}