{"id":714184,"date":"2025-08-27T17:15:52","date_gmt":"2025-08-27T14:15:52","guid":{"rendered":"https:\/\/roveyayinevi.com.tr\/index.php\/urun\/deleuzeden-sonra-siyaset-teorisi\/"},"modified":"2026-04-16T02:22:44","modified_gmt":"2026-04-15T23:22:44","slug":"deleuzeden-sonra-siyaset-teorisi","status":"publish","type":"product","link":"https:\/\/roveyayinevi.com.tr\/index.php\/urun\/deleuzeden-sonra-siyaset-teorisi\/","title":{"rendered":"Deleuze&#8217;den Sonra Siyaset Teorisi"},"content":{"rendered":"<p>Deleuze\u2019den Sonra Siyaset Teorisi : Nathan Widder, Deleuze\u2019\u00fcn Spinoza, Nietzche ve Bergson okumalar\u0131n\u0131 ve \u00f6zellikle Fark ve Tekrar ve Nietzche ve Felsefe boyunca geli\u015ftirdi\u011fi ontolojisini ayr\u0131nt\u0131l\u0131 olarak inceledikten sonra, Deleuze\u2019\u00fcn eserini siyaset teorisi ba\u011flam\u0131nda ele al\u0131r. Deleuze\u2019\u00fcn Guattari ortakl\u0131\u011f\u0131nda kaleme ald\u0131\u011f\u0131 Anti-\u00d6dipus ve Bin Yayla\u2019da beliren arzu ve mikro-politika kavramlar\u0131n\u0131n g\u00fcncel siyaset teorisi tart\u0131\u015fmalar\u0131nda alternatif ve etkili bir y\u00f6n ortaya koydu\u011funu \u00f6ner s\u00fcrer, ve kar\u015f\u0131la\u015ft\u0131rmal\u0131, ele\u015ftirel ve g\u00fcncel bir inceleme sunar. \ufffcTan\u0131t\u0131m Metni<\/p>\n","protected":false},"excerpt":{"rendered":"<p>Deleuze\u2019den Sonra Siyaset Teorisi : Nathan Widder, Deleuze\u2019\u00fcn Spinoza, Nietzche ve Bergson okumalar\u0131n\u0131 ve \u00f6zellikle Fark ve Tekrar ve Nietzche ve Felsefe boyunca geli\u015ftirdi\u011fi ontolojisini ayr\u0131nt\u0131l\u0131<span class=\"excerpt-hellip\"> [\u2026]<\/span><\/p>\n","protected":false},"featured_media":0,"template":"","meta":{"_monsterinsights_skip_tracking":false,"_monsterinsights_sitenote_active":false,"_monsterinsights_sitenote_note":"","_monsterinsights_sitenote_category":0},"product_brand":[],"product_cat":[12388,15309],"product_tag":[],"class_list":{"0":"post-714184","1":"product","2":"type-product","3":"status-publish","5":"product_cat-felsefe","6":"product_cat-felsefi-akimlar","7":"pa_cilt-ciltsiz","8":"pa_tur-kitap","9":"pa_yayinevi-bilim-ve-sosyalizm-yayinlari","10":"pa_yazar-nathan-widder","12":"first","13":"instock","14":"sale","15":"shipping-taxable","16":"purchasable","17":"product-type-simple"},"_links":{"self":[{"href":"https:\/\/roveyayinevi.com.tr\/index.php\/wp-json\/wp\/v2\/product\/714184","targetHints":{"allow":["GET"]}}],"collection":[{"href":"https:\/\/roveyayinevi.com.tr\/index.php\/wp-json\/wp\/v2\/product"}],"about":[{"href":"https:\/\/roveyayinevi.com.tr\/index.php\/wp-json\/wp\/v2\/types\/product"}],"wp:attachment":[{"href":"https:\/\/roveyayinevi.com.tr\/index.php\/wp-json\/wp\/v2\/media?parent=714184"}],"wp:term":[{"taxonomy":"product_brand","embeddable":true,"href":"https:\/\/roveyayinevi.com.tr\/index.php\/wp-json\/wp\/v2\/product_brand?post=714184"},{"taxonomy":"product_cat","embeddable":true,"href":"https:\/\/roveyayinevi.com.tr\/index.php\/wp-json\/wp\/v2\/product_cat?post=714184"},{"taxonomy":"product_tag","embeddable":true,"href":"https:\/\/roveyayinevi.com.tr\/index.php\/wp-json\/wp\/v2\/product_tag?post=714184"}],"curies":[{"name":"wp","href":"https:\/\/api.w.org\/{rel}","templated":true}]}}