{"id":714183,"date":"2025-08-27T17:15:52","date_gmt":"2025-08-27T14:15:52","guid":{"rendered":"https:\/\/roveyayinevi.com.tr\/index.php\/urun\/uluslarin-kendi-yazgilarini-belirleme-hakki\/"},"modified":"2026-04-16T02:22:44","modified_gmt":"2026-04-15T23:22:44","slug":"uluslarin-kendi-yazgilarini-belirleme-hakki","status":"publish","type":"product","link":"https:\/\/roveyayinevi.com.tr\/index.php\/urun\/uluslarin-kendi-yazgilarini-belirleme-hakki\/","title":{"rendered":"Uluslar\u0131n Kendi Yazg\u0131lar\u0131n\u0131 Belirleme Hakk\u0131"},"content":{"rendered":"<p>1. Bask\u0131s\u0131 Ulusal Siyaset ve Proleter Enternasyonalizm Sorunlar\u0131 ad\u0131yla yay\u0131nlanan bu kitab\u0131n 2. bask\u0131s\u0131, Uluslar\u0131n Kendi Yazg\u0131lar\u0131n\u0131 Belirleme Hakk\u0131 ba\u015fl\u0131\u011f\u0131 alt\u0131nda yay\u0131nlanm\u0131\u015ft\u0131r. Lenin\u2019in 1913-1916 y\u0131llar\u0131nda ulusal sorun \u00fczerine yazd\u0131\u011f\u0131 en \u00f6nemli yaz\u0131lar\u0131n\u0131 ve 1922 sonunda yazd\u0131\u011f\u0131 Milliyetler ve \u00f6zerklik sorunu ba\u015fl\u0131kl\u0131 bir mektubunu i\u00e7eriyor.Lenin\u2019in ulusal sorun konusunda izledi\u011fi siyasetin temel ilkeleri bu yaz\u0131larda ortaya konup temellendiriliyor. B\u00fct\u00fcn ezilen haklar\u0131n ulusal kurtulu\u015f hareketlerinin desteklenmesi, s\u00f6m\u00fcrgecili\u011fe kar\u015f\u0131 uzla\u015fmaz bir sava\u015f\u0131m, her ulusa kendi yazg\u0131s\u0131n\u0131 belirleme ve ulusal ba\u011f\u0131ms\u0131zl\u0131k hakk\u0131n\u0131n tan\u0131nmas\u0131 iste\u011fi ve her t\u00fcrl\u00fc ulusal e\u015fitsizlik ve bask\u0131 bi\u00e7imine kar\u015f\u0131 uluslar\u0131n tam bir e\u015fitli\u011fi i\u00e7in sava\u015f\u0131m gibi ilkeler bu siyasetin \u00f6z\u00fcn\u00fc olu\u015fturuyor. <\/p>\n","protected":false},"excerpt":{"rendered":"<p>1. Bask\u0131s\u0131 Ulusal Siyaset ve Proleter Enternasyonalizm Sorunlar\u0131 ad\u0131yla yay\u0131nlanan bu kitab\u0131n 2. bask\u0131s\u0131, Uluslar\u0131n Kendi Yazg\u0131lar\u0131n\u0131 Belirleme Hakk\u0131 ba\u015fl\u0131\u011f\u0131 alt\u0131nda yay\u0131nlanm\u0131\u015ft\u0131r. Lenin\u2019in 1913-1916 y\u0131llar\u0131nda ulusal<span class=\"excerpt-hellip\"> [\u2026]<\/span><\/p>\n","protected":false},"featured_media":0,"template":"","meta":{"_monsterinsights_skip_tracking":false,"_monsterinsights_sitenote_active":false,"_monsterinsights_sitenote_note":"","_monsterinsights_sitenote_category":0},"product_brand":[],"product_cat":[16098,12337],"product_tag":[],"class_list":{"0":"post-714183","1":"product","2":"type-product","3":"status-publish","5":"product_cat-politik-akimlar-hareketler","6":"product_cat-politika-siyaset","7":"pa_cilt-ciltsiz","8":"pa_tur-kitap","9":"pa_yayinevi-bilim-ve-sosyalizm-yayinlari","10":"pa_yazar-vladimir-ilyic-lenin","12":"first","13":"instock","14":"sale","15":"shipping-taxable","16":"purchasable","17":"product-type-simple"},"_links":{"self":[{"href":"https:\/\/roveyayinevi.com.tr\/index.php\/wp-json\/wp\/v2\/product\/714183","targetHints":{"allow":["GET"]}}],"collection":[{"href":"https:\/\/roveyayinevi.com.tr\/index.php\/wp-json\/wp\/v2\/product"}],"about":[{"href":"https:\/\/roveyayinevi.com.tr\/index.php\/wp-json\/wp\/v2\/types\/product"}],"wp:attachment":[{"href":"https:\/\/roveyayinevi.com.tr\/index.php\/wp-json\/wp\/v2\/media?parent=714183"}],"wp:term":[{"taxonomy":"product_brand","embeddable":true,"href":"https:\/\/roveyayinevi.com.tr\/index.php\/wp-json\/wp\/v2\/product_brand?post=714183"},{"taxonomy":"product_cat","embeddable":true,"href":"https:\/\/roveyayinevi.com.tr\/index.php\/wp-json\/wp\/v2\/product_cat?post=714183"},{"taxonomy":"product_tag","embeddable":true,"href":"https:\/\/roveyayinevi.com.tr\/index.php\/wp-json\/wp\/v2\/product_tag?post=714183"}],"curies":[{"name":"wp","href":"https:\/\/api.w.org\/{rel}","templated":true}]}}