{"id":714182,"date":"2025-08-27T17:15:52","date_gmt":"2025-08-27T14:15:52","guid":{"rendered":"https:\/\/roveyayinevi.com.tr\/index.php\/urun\/tarihsel-materyalizm-uzerine-mektuplar-1890-94\/"},"modified":"2026-04-16T02:22:44","modified_gmt":"2026-04-15T23:22:44","slug":"tarihsel-materyalizm-uzerine-mektuplar-1890-94","status":"publish","type":"product","link":"https:\/\/roveyayinevi.com.tr\/index.php\/urun\/tarihsel-materyalizm-uzerine-mektuplar-1890-94\/","title":{"rendered":"Tarihsel Materyalizm \u00dczerine Mektuplar 1890-94"},"content":{"rendered":"<p>Son y\u0131llar\u0131nda Engels&#8217;in tarihsel materyalizm teorisinin bir\u00e7ok y\u00f6nlerine ayr\u0131nt\u0131l\u0131 a\u00e7\u0131klamalar getiren d\u00fc\u015f\u00fcnceleri. \ufffcTan\u0131t\u0131m Metni<\/p>\n","protected":false},"excerpt":{"rendered":"<p>Son y\u0131llar\u0131nda Engels&#8217;in tarihsel materyalizm teorisinin bir\u00e7ok y\u00f6nlerine ayr\u0131nt\u0131l\u0131 a\u00e7\u0131klamalar getiren d\u00fc\u015f\u00fcnceleri. \ufffcTan\u0131t\u0131m Metni<\/p>\n","protected":false},"featured_media":0,"template":"","meta":{"_monsterinsights_skip_tracking":false,"_monsterinsights_sitenote_active":false,"_monsterinsights_sitenote_note":"","_monsterinsights_sitenote_category":0},"product_brand":[],"product_cat":[12965,12337],"product_tag":[],"class_list":{"0":"post-714182","1":"product","2":"type-product","3":"status-publish","5":"product_cat-genel-politika","6":"product_cat-politika-siyaset","7":"pa_cilt-ciltsiz","8":"pa_tur-kitap","9":"pa_yayinevi-bilim-ve-sosyalizm-yayinlari","10":"pa_yazar-friedrich-engels","12":"first","13":"instock","14":"sale","15":"shipping-taxable","16":"purchasable","17":"product-type-simple"},"_links":{"self":[{"href":"https:\/\/roveyayinevi.com.tr\/index.php\/wp-json\/wp\/v2\/product\/714182","targetHints":{"allow":["GET"]}}],"collection":[{"href":"https:\/\/roveyayinevi.com.tr\/index.php\/wp-json\/wp\/v2\/product"}],"about":[{"href":"https:\/\/roveyayinevi.com.tr\/index.php\/wp-json\/wp\/v2\/types\/product"}],"wp:attachment":[{"href":"https:\/\/roveyayinevi.com.tr\/index.php\/wp-json\/wp\/v2\/media?parent=714182"}],"wp:term":[{"taxonomy":"product_brand","embeddable":true,"href":"https:\/\/roveyayinevi.com.tr\/index.php\/wp-json\/wp\/v2\/product_brand?post=714182"},{"taxonomy":"product_cat","embeddable":true,"href":"https:\/\/roveyayinevi.com.tr\/index.php\/wp-json\/wp\/v2\/product_cat?post=714182"},{"taxonomy":"product_tag","embeddable":true,"href":"https:\/\/roveyayinevi.com.tr\/index.php\/wp-json\/wp\/v2\/product_tag?post=714182"}],"curies":[{"name":"wp","href":"https:\/\/api.w.org\/{rel}","templated":true}]}}