{"id":714181,"date":"2025-08-27T17:15:51","date_gmt":"2025-08-27T14:15:51","guid":{"rendered":"https:\/\/roveyayinevi.com.tr\/index.php\/urun\/direnisin-otesi-her-sey\/"},"modified":"2026-04-16T02:22:44","modified_gmt":"2026-04-15T23:22:44","slug":"direnisin-otesi-her-sey","status":"publish","type":"product","link":"https:\/\/roveyayinevi.com.tr\/index.php\/urun\/direnisin-otesi-her-sey\/","title":{"rendered":"Direni\u015fin \u00d6tesi &#8211; Her \u015eey"},"content":{"rendered":"<p>\u0130\u015fte \u00d6teki M\u00fccadele bu. Nas\u0131l bitece\u011fini bilmeden bir taslak \u00e7\u0131kar\u0131yoruz. D\u00fcr\u00fcstl\u00fc\u011f\u00fcm\u00fcz ve al\u00e7ak g\u00f6n\u00fcll\u00fcl\u00fc\u011f\u00fcm\u00fczle neyi bilmedi\u011fimizi belirlemeye \u00e7al\u0131\u015f\u0131yoruz. Tek g\u00fcvencemiz, se\u00e7ti\u011fimiz ahlaki yolun gitgide daha iyi olaca\u011f\u0131 ger\u00e7e\u011fi. Se\u00e7ti\u011fimiz bu ahlak, onlara hak ettikleri yeri vermek i\u00e7in en alttakilerin ahlak\u0131. Bu, ileride daha iyi maa\u015flar veya daha iyi fiyatlar vs. olaca\u011f\u0131 anlam\u0131na gelmiyor. Hatta ileride maa\u015f al\u0131p alamayaca\u011f\u0131m\u0131z\u0131 da bilmiyoruz. Bu, bizim s\u0131n\u0131rlar\u0131m\u0131\u0131n fark\u0131ndal\u0131\u011f\u0131, sahip oldu\u011fumuz bu d\u00fcnyaya dair ufkumuz. Ve bunun \u00f6tesinde yatanlar\u0131 \u00f6tekiler belirleyecek.- Subcomandante Marcos <\/p>\n","protected":false},"excerpt":{"rendered":"<p>\u0130\u015fte \u00d6teki M\u00fccadele bu. Nas\u0131l bitece\u011fini bilmeden bir taslak \u00e7\u0131kar\u0131yoruz. D\u00fcr\u00fcstl\u00fc\u011f\u00fcm\u00fcz ve al\u00e7ak g\u00f6n\u00fcll\u00fcl\u00fc\u011f\u00fcm\u00fczle neyi bilmedi\u011fimizi belirlemeye \u00e7al\u0131\u015f\u0131yoruz. Tek g\u00fcvencemiz, se\u00e7ti\u011fimiz ahlaki yolun gitgide daha iyi<span class=\"excerpt-hellip\"> [\u2026]<\/span><\/p>\n","protected":false},"featured_media":0,"template":"","meta":{"_monsterinsights_skip_tracking":false,"_monsterinsights_sitenote_active":false,"_monsterinsights_sitenote_note":"","_monsterinsights_sitenote_category":0},"product_brand":[],"product_cat":[16098,12337],"product_tag":[],"class_list":{"0":"post-714181","1":"product","2":"type-product","3":"status-publish","5":"product_cat-politik-akimlar-hareketler","6":"product_cat-politika-siyaset","7":"pa_cilt-ciltsiz","8":"pa_tur-kitap","9":"pa_yayinevi-bilim-ve-sosyalizm-yayinlari","10":"pa_yazar-subcomandante-marcos","12":"first","13":"instock","14":"sale","15":"shipping-taxable","16":"purchasable","17":"product-type-simple"},"_links":{"self":[{"href":"https:\/\/roveyayinevi.com.tr\/index.php\/wp-json\/wp\/v2\/product\/714181","targetHints":{"allow":["GET"]}}],"collection":[{"href":"https:\/\/roveyayinevi.com.tr\/index.php\/wp-json\/wp\/v2\/product"}],"about":[{"href":"https:\/\/roveyayinevi.com.tr\/index.php\/wp-json\/wp\/v2\/types\/product"}],"wp:attachment":[{"href":"https:\/\/roveyayinevi.com.tr\/index.php\/wp-json\/wp\/v2\/media?parent=714181"}],"wp:term":[{"taxonomy":"product_brand","embeddable":true,"href":"https:\/\/roveyayinevi.com.tr\/index.php\/wp-json\/wp\/v2\/product_brand?post=714181"},{"taxonomy":"product_cat","embeddable":true,"href":"https:\/\/roveyayinevi.com.tr\/index.php\/wp-json\/wp\/v2\/product_cat?post=714181"},{"taxonomy":"product_tag","embeddable":true,"href":"https:\/\/roveyayinevi.com.tr\/index.php\/wp-json\/wp\/v2\/product_tag?post=714181"}],"curies":[{"name":"wp","href":"https:\/\/api.w.org\/{rel}","templated":true}]}}