{"id":714180,"date":"2025-08-27T17:15:51","date_gmt":"2025-08-27T14:15:51","guid":{"rendered":"https:\/\/roveyayinevi.com.tr\/index.php\/urun\/kapitalizm-ve-sizofreni-icin-kullanici-rehberi\/"},"modified":"2026-04-16T02:22:44","modified_gmt":"2026-04-15T23:22:44","slug":"kapitalizm-ve-sizofreni-icin-kullanici-rehberi","status":"publish","type":"product","link":"https:\/\/roveyayinevi.com.tr\/index.php\/urun\/kapitalizm-ve-sizofreni-icin-kullanici-rehberi\/","title":{"rendered":"Kapitalizm ve \u015eizofreni i\u00e7in Kullan\u0131c\u0131 Rehberi"},"content":{"rendered":"<p>Kapitalizm ve \u015eizofreni \u0130\u00e7in Kullan\u0131c\u0131 Rehberi, Frans\u0131z filozoflar Gilles Deleuze ve Felix Guattari&#8217;nin ortak eserlerinin e\u011flenceli ve kesinlikle pratik, ayr\u0131nt\u0131l\u0131 bir analizidir. Metnin sonundaki ayr\u0131nt\u0131l\u0131 notlarla birlikte okundu\u011funda, ayn\u0131 zamanda Deleuze&#8217;\u00fcn felsefi eserinin tamam\u0131na y\u00f6nelik olduk\u00e7a zengin, akademik bir yakla\u015f\u0131m sunmaktad\u0131r. Ve nihayet, Brian Massumi&#8217;nin \u00e7a\u011fda\u015f sanattan, bilimden ve pop\u00fcler \u015fehir k\u00fclt\u00fcr\u00fcnden verid\u011fi bir\u00e7ok a\u00e7\u0131k \u00f6rnek, bu kitab\u0131 postmodern tart\u0131\u015fmalara dair \u00f6nemli, ve belki de merkezi bir metin k\u0131lmaktad\u0131r.Kapitalizm ve \u015eizofreni, sekiz y\u0131l arayla yay\u0131nlanm\u0131\u015f iki kitab\u0131n ortak ba\u015fl\u0131\u011f\u0131d\u0131r. Polemik bir \u00fcsluba sahip Anti-\u00d6dipus, 1968 May\u0131s\/Haziran olaylar\u0131na bir tepki olarak kaleme al\u0131nm\u0131\u015ft\u0131. \u0130kincisi, Bin Yayla ise, Deleuze ve Guattari&#8217;nin devlet felsefesine bir alternatif olarak \u00f6ne \u00e7\u0131kard\u0131klar\u0131 g\u00f6\u00e7ebe felsefe i\u00e7indeki olumlu bir deneyimdir.Brian Massumi, filozof ve siyaset teorisyenidir. Halen Montreal \u00dcniversitesi \u0130leti\u015fim Bilimleri Departman\u0131nda profes\u00f6r olarak \u00e7al\u0131\u015fmaktad\u0131r. <\/p>\n","protected":false},"excerpt":{"rendered":"<p>Kapitalizm ve \u015eizofreni \u0130\u00e7in Kullan\u0131c\u0131 Rehberi, Frans\u0131z filozoflar Gilles Deleuze ve Felix Guattari&#8217;nin ortak eserlerinin e\u011flenceli ve kesinlikle pratik, ayr\u0131nt\u0131l\u0131 bir analizidir. Metnin sonundaki ayr\u0131nt\u0131l\u0131 notlarla<span class=\"excerpt-hellip\"> [\u2026]<\/span><\/p>\n","protected":false},"featured_media":0,"template":"","meta":{"_monsterinsights_skip_tracking":false,"_monsterinsights_sitenote_active":false,"_monsterinsights_sitenote_note":"","_monsterinsights_sitenote_category":0},"product_brand":[],"product_cat":[12388,15536],"product_tag":[],"class_list":{"0":"post-714180","1":"product","2":"type-product","3":"status-publish","5":"product_cat-felsefe","6":"product_cat-siyaset-felsefesi","7":"pa_cilt-ciltsiz","8":"pa_tur-kitap","9":"pa_yayinevi-bilim-ve-sosyalizm-yayinlari","10":"pa_yazar-brian-massumi","12":"first","13":"instock","14":"sale","15":"shipping-taxable","16":"purchasable","17":"product-type-simple"},"_links":{"self":[{"href":"https:\/\/roveyayinevi.com.tr\/index.php\/wp-json\/wp\/v2\/product\/714180","targetHints":{"allow":["GET"]}}],"collection":[{"href":"https:\/\/roveyayinevi.com.tr\/index.php\/wp-json\/wp\/v2\/product"}],"about":[{"href":"https:\/\/roveyayinevi.com.tr\/index.php\/wp-json\/wp\/v2\/types\/product"}],"wp:attachment":[{"href":"https:\/\/roveyayinevi.com.tr\/index.php\/wp-json\/wp\/v2\/media?parent=714180"}],"wp:term":[{"taxonomy":"product_brand","embeddable":true,"href":"https:\/\/roveyayinevi.com.tr\/index.php\/wp-json\/wp\/v2\/product_brand?post=714180"},{"taxonomy":"product_cat","embeddable":true,"href":"https:\/\/roveyayinevi.com.tr\/index.php\/wp-json\/wp\/v2\/product_cat?post=714180"},{"taxonomy":"product_tag","embeddable":true,"href":"https:\/\/roveyayinevi.com.tr\/index.php\/wp-json\/wp\/v2\/product_tag?post=714180"}],"curies":[{"name":"wp","href":"https:\/\/api.w.org\/{rel}","templated":true}]}}