{"id":714178,"date":"2025-08-27T17:15:50","date_gmt":"2025-08-27T14:15:50","guid":{"rendered":"https:\/\/roveyayinevi.com.tr\/index.php\/urun\/leninin-uc-zaman-sentezi\/"},"modified":"2026-04-16T02:22:44","modified_gmt":"2026-04-15T23:22:44","slug":"leninin-uc-zaman-sentezi","status":"publish","type":"product","link":"https:\/\/roveyayinevi.com.tr\/index.php\/urun\/leninin-uc-zaman-sentezi\/","title":{"rendered":"Lenin\u2019in \u00dc\u00e7 Zaman Sentezi"},"content":{"rendered":"<p>Her devrim tarihi sapt\u0131ran genel \u00e7alkant\u0131 olarak y\u00fckselirken, kar\u015f\u0131-devrim tarihin eski gidi\u015fat\u0131n\u0131 yeniden onarmak, s\u0131n\u0131flar\u0131 yeniden yerli yerine oturtmak \u00fczere \u00e7\u0131kagelir. Dolay\u0131s\u0131yla bir devrimin a\u00e7t\u0131\u011f\u0131 olanaklar alan\u0131 asla tam olarak ger\u00e7ekle\u015fmez, bir\u00e7ok potansiyel engellenir, bast\u0131r\u0131l\u0131r veya g\u00f6r\u00fcnmez kal\u0131r, a\u00e7\u0131\u011fa \u00e7\u0131kan bir\u00e7ok ak\u0131\u015f hen\u00fcz yolun ba\u015f\u0131nda veya bir s\u00fcre yol ald\u0131ktan sonra kesintiye u\u011frar. \u00d6rne\u011fin Robespierre\u2019in m\u00fclkiyet hakk\u0131nda s\u00f6yledikleri anayasada yerini bulamam\u0131\u015ft\u0131r, Saint-Just\u2019un servet ve zenginlik i\u00e7in ifade etti\u011fi \u015feyler kar\u015f\u0131-devrimci s\u00fcre\u00e7ler taraf\u0131ndan \u015fiddetle bast\u0131r\u0131lm\u0131\u015ft\u0131r vb.. Bu y\u00fczden devrimci bir olay asla b\u00fct\u00fcn\u00fcyle ger\u00e7ekle\u015fmez, hep tarihe s\u0131\u011fmayan bir par\u00e7a edimselle\u015fmemi\u015f olarak kalakal\u0131r, olay\u0131n tarihe indirgenemez bir boyutu hep sakl\u0131 kal\u0131r. Yine de paradoksal olarak bu par\u00e7a, olay\u0131n tarih taraf\u0131ndan t\u00fcketilememi\u015f, hala uyand\u0131r\u0131labilecek bir potansiyeli olarak bekleyedurur; \u00e7\u00fcnk\u00fc ampirik tarihte kronolojik bir nokta durumuna asla gelememi\u015f oldu\u011fu i\u00e7in, tarihe yaz\u0131lm\u0131\u015f, geride kalm\u0131\u015f ve b\u00f6ylelikle a\u015f\u0131lm\u0131\u015f de\u011fildir. Ge\u00e7mi\u015fin gizil ve a\u015f\u0131lamaz bir potansiyeli olarak devrimcileri uyarmaya devam eder. \ufffcTan\u0131t\u0131m Metni<\/p>\n","protected":false},"excerpt":{"rendered":"<p>Her devrim tarihi sapt\u0131ran genel \u00e7alkant\u0131 olarak y\u00fckselirken, kar\u015f\u0131-devrim tarihin eski gidi\u015fat\u0131n\u0131 yeniden onarmak, s\u0131n\u0131flar\u0131 yeniden yerli yerine oturtmak \u00fczere \u00e7\u0131kagelir. Dolay\u0131s\u0131yla bir devrimin a\u00e7t\u0131\u011f\u0131 olanaklar<span class=\"excerpt-hellip\"> [\u2026]<\/span><\/p>\n","protected":false},"featured_media":0,"template":"","meta":{"_monsterinsights_skip_tracking":false,"_monsterinsights_sitenote_active":false,"_monsterinsights_sitenote_note":"","_monsterinsights_sitenote_category":0},"product_brand":[],"product_cat":[12388,15536],"product_tag":[],"class_list":{"0":"post-714178","1":"product","2":"type-product","3":"status-publish","5":"product_cat-felsefe","6":"product_cat-siyaset-felsefesi","7":"pa_cilt-ciltsiz","8":"pa_tur-kitap","9":"pa_yayinevi-bilim-ve-sosyalizm-yayinlari","10":"pa_yazar-fahrettin-ege","12":"first","13":"instock","14":"sale","15":"shipping-taxable","16":"purchasable","17":"product-type-simple"},"_links":{"self":[{"href":"https:\/\/roveyayinevi.com.tr\/index.php\/wp-json\/wp\/v2\/product\/714178","targetHints":{"allow":["GET"]}}],"collection":[{"href":"https:\/\/roveyayinevi.com.tr\/index.php\/wp-json\/wp\/v2\/product"}],"about":[{"href":"https:\/\/roveyayinevi.com.tr\/index.php\/wp-json\/wp\/v2\/types\/product"}],"wp:attachment":[{"href":"https:\/\/roveyayinevi.com.tr\/index.php\/wp-json\/wp\/v2\/media?parent=714178"}],"wp:term":[{"taxonomy":"product_brand","embeddable":true,"href":"https:\/\/roveyayinevi.com.tr\/index.php\/wp-json\/wp\/v2\/product_brand?post=714178"},{"taxonomy":"product_cat","embeddable":true,"href":"https:\/\/roveyayinevi.com.tr\/index.php\/wp-json\/wp\/v2\/product_cat?post=714178"},{"taxonomy":"product_tag","embeddable":true,"href":"https:\/\/roveyayinevi.com.tr\/index.php\/wp-json\/wp\/v2\/product_tag?post=714178"}],"curies":[{"name":"wp","href":"https:\/\/api.w.org\/{rel}","templated":true}]}}