{"id":714177,"date":"2025-08-27T17:15:49","date_gmt":"2025-08-27T14:15:49","guid":{"rendered":"https:\/\/roveyayinevi.com.tr\/index.php\/urun\/ucret-fiyat-ve-kar\/"},"modified":"2026-04-16T02:22:44","modified_gmt":"2026-04-15T23:22:44","slug":"ucret-fiyat-ve-kar","status":"publish","type":"product","link":"https:\/\/roveyayinevi.com.tr\/index.php\/urun\/ucret-fiyat-ve-kar\/","title":{"rendered":"\u00dccret Fiyat ve Kar"},"content":{"rendered":"<p>Bu yap\u0131t\u0131nda Marx, kendi art\u0131-de\u011fer teorisinin ana \u00e7izgilerini ilk kez a\u00e7\u0131k a\u00e7\u0131k ortaya koyar; i\u015f\u00e7ilerin ekonomik sava\u015f\u0131m\u0131n\u0131n rol\u00fcn\u00fc ve anlam\u0131n\u0131 teorik bir \u00f6zle donat\u0131r, ve proletaryan\u0131n nihai -\u00fccretli k\u00f6leli\u011fin kald\u0131r\u0131lmas\u0131- hedefine ba\u011fl\u0131 kalmas\u0131 zorunlulu\u011funu vurgular. \ufffcTan\u0131t\u0131m Metni<\/p>\n","protected":false},"excerpt":{"rendered":"<p>Bu yap\u0131t\u0131nda Marx, kendi art\u0131-de\u011fer teorisinin ana \u00e7izgilerini ilk kez a\u00e7\u0131k a\u00e7\u0131k ortaya koyar; i\u015f\u00e7ilerin ekonomik sava\u015f\u0131m\u0131n\u0131n rol\u00fcn\u00fc ve anlam\u0131n\u0131 teorik bir \u00f6zle donat\u0131r, ve proletaryan\u0131n<span class=\"excerpt-hellip\"> [\u2026]<\/span><\/p>\n","protected":false},"featured_media":0,"template":"","meta":{"_monsterinsights_skip_tracking":false,"_monsterinsights_sitenote_active":false,"_monsterinsights_sitenote_note":"","_monsterinsights_sitenote_category":0},"product_brand":[],"product_cat":[13590,12337],"product_tag":[],"class_list":{"0":"post-714177","1":"product","2":"type-product","3":"status-publish","5":"product_cat-arastirma-inceleme-politika-siyaset","6":"product_cat-politika-siyaset","7":"pa_cilt-ciltsiz","8":"pa_tur-kitap","9":"pa_yayinevi-bilim-ve-sosyalizm-yayinlari","10":"pa_yazar-karl-marx","12":"first","13":"instock","14":"sale","15":"shipping-taxable","16":"purchasable","17":"product-type-simple"},"_links":{"self":[{"href":"https:\/\/roveyayinevi.com.tr\/index.php\/wp-json\/wp\/v2\/product\/714177","targetHints":{"allow":["GET"]}}],"collection":[{"href":"https:\/\/roveyayinevi.com.tr\/index.php\/wp-json\/wp\/v2\/product"}],"about":[{"href":"https:\/\/roveyayinevi.com.tr\/index.php\/wp-json\/wp\/v2\/types\/product"}],"wp:attachment":[{"href":"https:\/\/roveyayinevi.com.tr\/index.php\/wp-json\/wp\/v2\/media?parent=714177"}],"wp:term":[{"taxonomy":"product_brand","embeddable":true,"href":"https:\/\/roveyayinevi.com.tr\/index.php\/wp-json\/wp\/v2\/product_brand?post=714177"},{"taxonomy":"product_cat","embeddable":true,"href":"https:\/\/roveyayinevi.com.tr\/index.php\/wp-json\/wp\/v2\/product_cat?post=714177"},{"taxonomy":"product_tag","embeddable":true,"href":"https:\/\/roveyayinevi.com.tr\/index.php\/wp-json\/wp\/v2\/product_tag?post=714177"}],"curies":[{"name":"wp","href":"https:\/\/api.w.org\/{rel}","templated":true}]}}