{"id":714174,"date":"2025-08-27T17:15:48","date_gmt":"2025-08-27T14:15:48","guid":{"rendered":"https:\/\/roveyayinevi.com.tr\/index.php\/urun\/mayis-68-ve-geriye-kalanlar\/"},"modified":"2026-04-16T02:22:44","modified_gmt":"2026-04-15T23:22:44","slug":"mayis-68-ve-geriye-kalanlar","status":"publish","type":"product","link":"https:\/\/roveyayinevi.com.tr\/index.php\/urun\/mayis-68-ve-geriye-kalanlar\/","title":{"rendered":"May\u0131s 68 ve Geriye Kalanlar"},"content":{"rendered":"<p>\u00dc\u00e7\u00fcnc\u00fc d\u00fcnyan\u0131n sorunlar\u0131na k\u00fcresel \u00e7\u00f6z\u00fcmler yaln\u0131zca kapitalist d\u00fcnya sisteminin k\u00f6kten bir de\u011fi\u015fiminde ve yeni bir ekonomik d\u00fczenle de\u011fi\u015ftirilmesinde temellenebilir\u2026 \u00d6\u011frenci-militanlar aras\u0131ndan \u00e7\u0131kan UJC (ml)\u2019nin Ulm caddesindeki Althusserciler taraf\u0131ndan Aral\u0131k 1966\u2019da kurulan Maocu grup\u2013 ilk kongresinin ilk oturumunun siyasi karar\u0131, \u00fc\u00e7\u00fcnc\u00fc d\u00fcnyan\u0131n durumunun Bat\u0131\u2019daki i\u015f\u00e7ilerin durumundan ayr\u0131lamaz oldu\u011funu g\u00f6zler \u00f6n\u00fcne serer. Burada ortak d\u00fc\u015fman, Amerikan emperyalizmi, Vietnaml\u0131 sava\u015f\u00e7\u0131dan Frans\u0131z i\u015f\u00e7iye do\u011frudan bir ge\u00e7i\u015fi m\u00fcmk\u00fcn k\u0131lar; Vietnam\u2019daki m\u00fccadeleyi Bat\u0131\u2019n\u0131n i\u00e7sel sorunlar\u0131na ba\u011flamaya kalk\u0131\u015f\u0131r\u2026 1. D\u00fcnyan\u0131n her yerindeki halklar\u0131n ortak d\u00fc\u015fman\u0131 olan Amerikan emperyalizmine kar\u015f\u0131 birle\u015fik bir gen\u00e7lik cephesi\u2026 Vietnaml\u0131 yolda\u015flar\u0131m\u0131z\u0131n muzaffer bir bi\u00e7imde y\u00fcr\u00fctt\u00fckleri halk sava\u015f\u0131na hi\u00e7bir s\u0131n\u0131rlama olmaks\u0131z\u0131n g\u00fc\u00e7l\u00fc bir destek. 2. \u0130\u015f\u00e7ilere ve i\u015f\u00e7i halklara kat\u0131lacak, b\u00f6yle bir g\u00f6revin ger\u00e7ekle\u015ftirilmesini m\u00fcmk\u00fcn k\u0131lacak yeni \u00f6rg\u00fctlenme bi\u00e7imlerini tesis edecek devrimci entelekt\u00fcellerin olu\u015fumu. M\u00fccadelesini s\u00fcrd\u00fcren Frans\u0131z entelekt\u00fcelleri ile Vietnaml\u0131 \u00d6teki\u2019nin ili\u015fkisi, bir birle\u015fik cephe ve ko\u015fulsuz destek ili\u015fkisiydi; bu ili\u015fkinin olduk\u00e7a do\u011frudan devrimci birlik ya da dayan\u0131\u015fma bayra\u011f\u0131 alt\u0131na d\u00fc\u015ft\u00fc\u011f\u00fc s\u00f6ylenebilir: dayan\u0131\u015fman\u0131n hay\u0131rseverlik anlam\u0131na gelmedi\u011fi bir cephe ba\u011flan\u0131m\u0131. \ufffcTan\u0131t\u0131m Metni<\/p>\n","protected":false},"excerpt":{"rendered":"<p>\u00dc\u00e7\u00fcnc\u00fc d\u00fcnyan\u0131n sorunlar\u0131na k\u00fcresel \u00e7\u00f6z\u00fcmler yaln\u0131zca kapitalist d\u00fcnya sisteminin k\u00f6kten bir de\u011fi\u015fiminde ve yeni bir ekonomik d\u00fczenle de\u011fi\u015ftirilmesinde temellenebilir\u2026 \u00d6\u011frenci-militanlar aras\u0131ndan \u00e7\u0131kan UJC (ml)\u2019nin Ulm caddesindeki<span class=\"excerpt-hellip\"> [\u2026]<\/span><\/p>\n","protected":false},"featured_media":0,"template":"","meta":{"_monsterinsights_skip_tracking":false,"_monsterinsights_sitenote_active":false,"_monsterinsights_sitenote_note":"","_monsterinsights_sitenote_category":0},"product_brand":[],"product_cat":[12388,15536],"product_tag":[],"class_list":{"0":"post-714174","1":"product","2":"type-product","3":"status-publish","5":"product_cat-felsefe","6":"product_cat-siyaset-felsefesi","7":"pa_cilt-ciltsiz","8":"pa_tur-kitap","9":"pa_yayinevi-bilim-ve-sosyalizm-yayinlari","10":"pa_yazar-kristin-ross","12":"first","13":"instock","14":"sale","15":"shipping-taxable","16":"purchasable","17":"product-type-simple"},"_links":{"self":[{"href":"https:\/\/roveyayinevi.com.tr\/index.php\/wp-json\/wp\/v2\/product\/714174","targetHints":{"allow":["GET"]}}],"collection":[{"href":"https:\/\/roveyayinevi.com.tr\/index.php\/wp-json\/wp\/v2\/product"}],"about":[{"href":"https:\/\/roveyayinevi.com.tr\/index.php\/wp-json\/wp\/v2\/types\/product"}],"wp:attachment":[{"href":"https:\/\/roveyayinevi.com.tr\/index.php\/wp-json\/wp\/v2\/media?parent=714174"}],"wp:term":[{"taxonomy":"product_brand","embeddable":true,"href":"https:\/\/roveyayinevi.com.tr\/index.php\/wp-json\/wp\/v2\/product_brand?post=714174"},{"taxonomy":"product_cat","embeddable":true,"href":"https:\/\/roveyayinevi.com.tr\/index.php\/wp-json\/wp\/v2\/product_cat?post=714174"},{"taxonomy":"product_tag","embeddable":true,"href":"https:\/\/roveyayinevi.com.tr\/index.php\/wp-json\/wp\/v2\/product_tag?post=714174"}],"curies":[{"name":"wp","href":"https:\/\/api.w.org\/{rel}","templated":true}]}}