{"id":714173,"date":"2025-08-27T17:15:47","date_gmt":"2025-08-27T14:15:47","guid":{"rendered":"https:\/\/roveyayinevi.com.tr\/index.php\/urun\/turk-mulkunun-nizami-nizamulmulk\/"},"modified":"2026-04-16T02:22:44","modified_gmt":"2026-04-15T23:22:44","slug":"turk-mulkunun-nizami-nizamulmulk","status":"publish","type":"product","link":"https:\/\/roveyayinevi.com.tr\/index.php\/urun\/turk-mulkunun-nizami-nizamulmulk\/","title":{"rendered":"T\u00fcrk M\u00fclk\u00fcn\u00fcn Nizam\u0131 Nizam\u00fclm\u00fclk"},"content":{"rendered":"<p>Nizam\u00fclm\u00fclk, \u015fehri dola\u015fmak i\u00e7in d\u0131\u015far\u0131ya \u00e7\u0131kt\u0131. Saray ortam\u0131nda son zamanlarda \u00e7ok s\u0131k\u0131lmaya ba\u015flam\u0131\u015ft\u0131. Kendisini ve kendisi ile birlikte olanlar\u0131n g\u00fcvende olmad\u0131klar\u0131n\u0131 d\u00fc\u015f\u00fcn\u00fcyordu art\u0131k. Devletin zor durumda kalmas\u0131n\u0131 isteyen g\u00fc\u00e7lerin i\u015fba\u015f\u0131nda olduklar\u0131 a\u015fik\u00e2rd\u0131. \u015eimdiye kadar bir\u00e7ok defa b\u00f6ylesi durumlarla kar\u015f\u0131la\u015fm\u0131\u015ft\u0131 ama k\u0131sa zamanda \u00e7\u00f6z\u00fclm\u00fc\u015ft\u00fc her \u015fey. Sultan Alp Arslan zaman\u0131nda, her yandan ak\u0131n ak\u0131n gelmeye ba\u015flam\u0131\u015flard\u0131. Sava\u015f meydanlar\u0131ndan \u00e7ok i\u00e7erideki hainlerle u\u011fra\u015fmaya harcam\u0131\u015ft\u0131 hizmetinin b\u00fcy\u00fck b\u00f6l\u00fcm\u00fcn\u00fc. Ancak d\u00fc\u015fman hi\u00e7bir zaman bo\u015f durmaz ve devleti y\u0131kmak i\u00e7in s\u00fcrekli plan yapard\u0131, \u015fu an oldu\u011fu gibi. Nizam\u00fclm\u00fclk, devleti y\u0131kmak isteyenlerin yine i\u015fba\u015f\u0131nda olduklar\u0131n\u0131 biliyordu ancak onlarla m\u00fccadelede kime ya da kimlere g\u00fcvenece\u011fini bilmiyordu. \u00dcstelik Sultan Melik\u015fah\u2019\u0131 her t\u00fcrl\u00fc tehlikeden haberdar etmek ve onun can g\u00fcvenli\u011fini sa\u011flamak gibi bir sorumlulu\u011fu vard\u0131. <\/p>\n","protected":false},"excerpt":{"rendered":"<p>Nizam\u00fclm\u00fclk, \u015fehri dola\u015fmak i\u00e7in d\u0131\u015far\u0131ya \u00e7\u0131kt\u0131. Saray ortam\u0131nda son zamanlarda \u00e7ok s\u0131k\u0131lmaya ba\u015flam\u0131\u015ft\u0131. Kendisini ve kendisi ile birlikte olanlar\u0131n g\u00fcvende olmad\u0131klar\u0131n\u0131 d\u00fc\u015f\u00fcn\u00fcyordu art\u0131k. Devletin zor durumda<span class=\"excerpt-hellip\"> [\u2026]<\/span><\/p>\n","protected":false},"featured_media":0,"template":"","meta":{"_monsterinsights_skip_tracking":false,"_monsterinsights_sitenote_active":false,"_monsterinsights_sitenote_note":"","_monsterinsights_sitenote_category":0},"product_brand":[],"product_cat":[12291,12745],"product_tag":[],"class_list":{"0":"post-714173","1":"product","2":"type-product","3":"status-publish","5":"product_cat-edebiyat","6":"product_cat-tarihi-roman","7":"pa_cilt-ciltsiz","8":"pa_tur-kitap","9":"pa_yayinevi-nar-agaci-yayinlari","10":"pa_yazar-hasan-murat-gokhan-celik","12":"first","13":"instock","14":"sale","15":"shipping-taxable","16":"purchasable","17":"product-type-simple"},"_links":{"self":[{"href":"https:\/\/roveyayinevi.com.tr\/index.php\/wp-json\/wp\/v2\/product\/714173","targetHints":{"allow":["GET"]}}],"collection":[{"href":"https:\/\/roveyayinevi.com.tr\/index.php\/wp-json\/wp\/v2\/product"}],"about":[{"href":"https:\/\/roveyayinevi.com.tr\/index.php\/wp-json\/wp\/v2\/types\/product"}],"wp:attachment":[{"href":"https:\/\/roveyayinevi.com.tr\/index.php\/wp-json\/wp\/v2\/media?parent=714173"}],"wp:term":[{"taxonomy":"product_brand","embeddable":true,"href":"https:\/\/roveyayinevi.com.tr\/index.php\/wp-json\/wp\/v2\/product_brand?post=714173"},{"taxonomy":"product_cat","embeddable":true,"href":"https:\/\/roveyayinevi.com.tr\/index.php\/wp-json\/wp\/v2\/product_cat?post=714173"},{"taxonomy":"product_tag","embeddable":true,"href":"https:\/\/roveyayinevi.com.tr\/index.php\/wp-json\/wp\/v2\/product_tag?post=714173"}],"curies":[{"name":"wp","href":"https:\/\/api.w.org\/{rel}","templated":true}]}}