{"id":714171,"date":"2025-08-27T17:15:46","date_gmt":"2025-08-27T14:15:46","guid":{"rendered":"https:\/\/roveyayinevi.com.tr\/index.php\/urun\/morfin-leviathan\/"},"modified":"2026-04-16T02:22:44","modified_gmt":"2026-04-15T23:22:44","slug":"morfin-leviathan","status":"publish","type":"product","link":"https:\/\/roveyayinevi.com.tr\/index.php\/urun\/morfin-leviathan\/","title":{"rendered":"Morfin &#8211; Leviathan"},"content":{"rendered":"<p>MORF\u0130N Rusya\u2019n\u0131n bitmek bilmeyen so\u011fuk k\u0131\u015f gecelerinde, s\u0131rt a\u011fr\u0131lar\u0131n\u0131 dindirmek i\u00e7in morfin kullanan ve zamanla bir morfinmana d\u00f6n\u00fc\u015fen gen\u00e7 doktor Polyakov\u2019un h\u00fcz\u00fcnl\u00fc hikayesini, Sovyetler Birli\u011fi d\u00f6neminde bir\u00e7ok kez yasaklarla kar\u015f\u0131la\u015fan usta yazar Bulgakov\u2019un kaleminden okuyacaks\u0131n\u0131z. LEV\u0130ATHAN Nissen Piczenik  adl\u0131 sayg\u0131n bir mercan t\u00fcccar\u0131, k\u00fc\u00e7\u00fck bir \u015fehir olan Progrody\u2019de ya\u015famaktad\u0131r. Piczenik hayat\u0131 boyunca denizi hi\u00e7 g\u00f6rmemi\u015ftir.  Denizci olan Komrower\u2019in kasabaya geli\u015fiyle birlikte Piczenik\u2019in b\u00fct\u00fcn hayat\u0131 alt \u00fcst olur. Piczenik\u2019in y\u0131llard\u0131r i\u00e7inde duydu\u011fu deniz \u00f6zlemi Odessa\u2019da yerini bamba\u015fka duygulara b\u0131rakacakt\u0131r. T\u00fcrk\u00e7eye ilk defa \u00e7evrilen bu eser masals\u0131 anlat\u0131m\u0131yla olduk\u00e7a b\u00fcy\u00fcleyici. <\/p>\n","protected":false},"excerpt":{"rendered":"<p>MORF\u0130N Rusya\u2019n\u0131n bitmek bilmeyen so\u011fuk k\u0131\u015f gecelerinde, s\u0131rt a\u011fr\u0131lar\u0131n\u0131 dindirmek i\u00e7in morfin kullanan ve zamanla bir morfinmana d\u00f6n\u00fc\u015fen gen\u00e7 doktor Polyakov\u2019un h\u00fcz\u00fcnl\u00fc hikayesini, Sovyetler Birli\u011fi d\u00f6neminde<span class=\"excerpt-hellip\"> [\u2026]<\/span><\/p>\n","protected":false},"featured_media":0,"template":"","meta":{"_monsterinsights_skip_tracking":false,"_monsterinsights_sitenote_active":false,"_monsterinsights_sitenote_note":"","_monsterinsights_sitenote_category":0},"product_brand":[],"product_cat":[12291,12711],"product_tag":[],"class_list":{"0":"post-714171","1":"product","2":"type-product","3":"status-publish","5":"product_cat-edebiyat","6":"product_cat-roman-oyku","7":"pa_cilt-ciltsiz","8":"pa_tur-kitap","9":"pa_yayinevi-kuzey-isigi-yayinlari","10":"pa_yazar-mihail-bulgakov-joseph-roth","12":"first","13":"instock","14":"sale","15":"shipping-taxable","16":"purchasable","17":"product-type-simple"},"_links":{"self":[{"href":"https:\/\/roveyayinevi.com.tr\/index.php\/wp-json\/wp\/v2\/product\/714171","targetHints":{"allow":["GET"]}}],"collection":[{"href":"https:\/\/roveyayinevi.com.tr\/index.php\/wp-json\/wp\/v2\/product"}],"about":[{"href":"https:\/\/roveyayinevi.com.tr\/index.php\/wp-json\/wp\/v2\/types\/product"}],"wp:attachment":[{"href":"https:\/\/roveyayinevi.com.tr\/index.php\/wp-json\/wp\/v2\/media?parent=714171"}],"wp:term":[{"taxonomy":"product_brand","embeddable":true,"href":"https:\/\/roveyayinevi.com.tr\/index.php\/wp-json\/wp\/v2\/product_brand?post=714171"},{"taxonomy":"product_cat","embeddable":true,"href":"https:\/\/roveyayinevi.com.tr\/index.php\/wp-json\/wp\/v2\/product_cat?post=714171"},{"taxonomy":"product_tag","embeddable":true,"href":"https:\/\/roveyayinevi.com.tr\/index.php\/wp-json\/wp\/v2\/product_tag?post=714171"}],"curies":[{"name":"wp","href":"https:\/\/api.w.org\/{rel}","templated":true}]}}