{"id":714169,"date":"2025-08-27T17:15:45","date_gmt":"2025-08-27T14:15:45","guid":{"rendered":"https:\/\/roveyayinevi.com.tr\/index.php\/urun\/ii-abdulhamit-ezberler-ve-gercekler\/"},"modified":"2026-04-16T02:22:44","modified_gmt":"2026-04-15T23:22:44","slug":"ii-abdulhamit-ezberler-ve-gercekler","status":"publish","type":"product","link":"https:\/\/roveyayinevi.com.tr\/index.php\/urun\/ii-abdulhamit-ezberler-ve-gercekler\/","title":{"rendered":"II. Abd\u00fclhamit Ezberler ve Ger\u00e7ekler"},"content":{"rendered":"<p>Sultan Abd\u00fclhamid hakk\u0131nda, g\u00fcn\u00fcm\u00fczde bile \u00e7ok yo\u011fun tart\u0131\u015fmalar ya\u015fanmaktad\u0131r. \u0130lgin\u00e7 olan, Abd\u00fclhamid\u2019den \u00f6nceki Tanzimat D\u00f6nemi Padi\u015fahlar\u0131n\u0131n bu tart\u0131\u015fmalar\u0131n d\u0131\u015f\u0131nda kalmalar\u0131d\u0131r! H\u00e2lbuki, Abd\u00fclhamid\u2019in babas\u0131 Abd\u00fclmecit ve amcas\u0131 Abd\u00fclaziz d\u00f6nemi, d\u0131\u015f bor\u00e7lar\u0131n ve devlet harcamalar\u0131nda israf\u0131n doru\u011fa \u00e7\u0131kt\u0131\u011f\u0131 bir d\u00f6nemdir! Abd\u00fclhamid, hem bor\u00e7lar\u0131 kontrol alt\u0131na almay\u0131 ba\u015faran ve hem de devletteki b\u00fcy\u00fck israfa son veren bir padi\u015faht\u0131r. Buna ra\u011fmen, b\u00fct\u00fcn oklar\u0131n II. Abd\u00fclhamid\u2019e y\u00f6nelmesi d\u00fc\u015f\u00fcnd\u00fcr\u00fcc\u00fcd\u00fcr. Abd\u00fclhamid\u2019e y\u00f6neltilen a\u011f\u0131r ele\u015ftirilerin sebebi, ayd\u0131nlar\u0131n s\u00fcr\u00fclmesi ise, Abd\u00fclaziz d\u00f6neminde de s\u00fcrg\u00fcnler ya\u015fanm\u0131\u015ft\u0131r. Fakat buna ra\u011fmen Abd\u00fclaziz\u2019e y\u00f6neltilen en k\u00fc\u00e7\u00fck bir ele\u015ftiri bile yoktur! Abd\u00fclhamid\u2019e gelince, \u2018K\u0131z\u0131l Sultan, M\u00fcstebit Padi\u015fah, H\u00fcrriyet D\u00fc\u015fman\u0131\u2019 unvanlar\u0131 pe\u015f pe\u015fe dizilmektedir! Ne yaz\u0131k ki, bu tart\u0131\u015fmalar genel ezberlere dayand\u0131\u011f\u0131 i\u00e7in, Abd\u00fclhamid\u2019i ele\u015ftirenler de, Abd\u00fclhamid\u2019i y\u00fcceltenler de, tarih\u00ee ger\u00e7eklere dayanan objektif de\u011ferlendirmeler yapamamaktad\u0131rlar. <\/p>\n","protected":false},"excerpt":{"rendered":"<p>Sultan Abd\u00fclhamid hakk\u0131nda, g\u00fcn\u00fcm\u00fczde bile \u00e7ok yo\u011fun tart\u0131\u015fmalar ya\u015fanmaktad\u0131r. \u0130lgin\u00e7 olan, Abd\u00fclhamid\u2019den \u00f6nceki Tanzimat D\u00f6nemi Padi\u015fahlar\u0131n\u0131n bu tart\u0131\u015fmalar\u0131n d\u0131\u015f\u0131nda kalmalar\u0131d\u0131r! H\u00e2lbuki, Abd\u00fclhamid\u2019in babas\u0131 Abd\u00fclmecit ve amcas\u0131<span class=\"excerpt-hellip\"> [\u2026]<\/span><\/p>\n","protected":false},"featured_media":0,"template":"","meta":{"_monsterinsights_skip_tracking":false,"_monsterinsights_sitenote_active":false,"_monsterinsights_sitenote_note":"","_monsterinsights_sitenote_category":0},"product_brand":[],"product_cat":[13946,12304],"product_tag":[],"class_list":{"0":"post-714169","1":"product","2":"type-product","3":"status-publish","5":"product_cat-biyografi-otobiyografi","6":"product_cat-tarih","7":"pa_cilt-ciltsiz","8":"pa_tur-kitap","9":"pa_yayinevi-altinordu-yayinlari","10":"pa_yazar-ismail-sefik-aydin","12":"first","13":"instock","14":"sale","15":"shipping-taxable","16":"purchasable","17":"product-type-simple"},"_links":{"self":[{"href":"https:\/\/roveyayinevi.com.tr\/index.php\/wp-json\/wp\/v2\/product\/714169","targetHints":{"allow":["GET"]}}],"collection":[{"href":"https:\/\/roveyayinevi.com.tr\/index.php\/wp-json\/wp\/v2\/product"}],"about":[{"href":"https:\/\/roveyayinevi.com.tr\/index.php\/wp-json\/wp\/v2\/types\/product"}],"wp:attachment":[{"href":"https:\/\/roveyayinevi.com.tr\/index.php\/wp-json\/wp\/v2\/media?parent=714169"}],"wp:term":[{"taxonomy":"product_brand","embeddable":true,"href":"https:\/\/roveyayinevi.com.tr\/index.php\/wp-json\/wp\/v2\/product_brand?post=714169"},{"taxonomy":"product_cat","embeddable":true,"href":"https:\/\/roveyayinevi.com.tr\/index.php\/wp-json\/wp\/v2\/product_cat?post=714169"},{"taxonomy":"product_tag","embeddable":true,"href":"https:\/\/roveyayinevi.com.tr\/index.php\/wp-json\/wp\/v2\/product_tag?post=714169"}],"curies":[{"name":"wp","href":"https:\/\/api.w.org\/{rel}","templated":true}]}}