{"id":714168,"date":"2025-08-27T17:15:44","date_gmt":"2025-08-27T14:15:44","guid":{"rendered":"https:\/\/roveyayinevi.com.tr\/index.php\/urun\/ezik-kokarca\/"},"modified":"2026-04-16T02:22:43","modified_gmt":"2026-04-15T23:22:43","slug":"ezik-kokarca","status":"publish","type":"product","link":"https:\/\/roveyayinevi.com.tr\/index.php\/urun\/ezik-kokarca\/","title":{"rendered":"Ezik Kokarca"},"content":{"rendered":"<p>ZORBALIKLA BA\u015e ETME \u00dcZER\u0130NE B\u0130R H\u0130KAYE Bo\u011fa\u00e7 arkada\u015flar\u0131n\u0131 d\u00fcrterek, \u201cRokfor kokulu bir ezik ile tan\u0131\u015fmak ister misin?\u201d dedi. Bo\u011fa\u00e7\u2019\u0131n ye\u015fil y\u0131lan g\u00f6zlerinin i\u00e7ine bakt\u0131m\u2026 Emir, Bo\u011fa\u00e7\u2019\u0131n ona yapt\u0131\u011f\u0131 zorbal\u0131klara dayanam\u0131yor ve art\u0131k bir \u015feyler yapmas\u0131 gerekti\u011fini biliyordu. Ama ne yapacak, nas\u0131l bir yol izleyecekti?  Bo\u011fa\u00e7\u2019tan nas\u0131l kurtulaca\u011f\u0131n\u0131 bilmiyordu. Ya\u015fad\u0131\u011f\u0131 bu zorbal\u0131ktan dolay\u0131 da kendini su\u00e7lu hissediyor ve bunun i\u00e7in de \u00e7evresinden yard\u0131m istemeye \u00e7ekiniyordu.  Her \u015fey daha da k\u00f6t\u00fcye giderse ne yapard\u0131? Ailesi olanlar\u0131 anlay\u0131nca \u015fa\u015f\u0131rt\u0131c\u0131 bir \u015fekilde rahatlamaya ba\u015flad\u0131. Ya\u015fad\u0131\u011f\u0131 durumu payla\u015fmak ona iyi geldi ve su\u00e7luluk duygusu ailesinin de deste\u011fi ile yok oldu. Ailesi onu Bo\u011fa\u00e7\u2019\u0131n zorbal\u0131\u011f\u0131ndan kurtaracak bir planla geldiklerinde art\u0131k Emir ne yapaca\u011f\u0131n\u0131 biliyordu. Bo\u011fa\u00e7\u2019\u0131 yapt\u0131\u011f\u0131 ilk zorbal\u0131kta Rokfor Kokulu Ezik Kokarca  onu b\u00fcy\u00fck bir s\u00fcrprizle kar\u015f\u0131lad\u0131. Ezik Kokarca, \u00e7ocuklara zorbal\u0131k ile m\u00fccadele etmede bir yol haritas\u0131 sunarak onlar\u0131 cesaretlendirirken, ebeveyn ve e\u011fitimcilere notlar ile de zorbal\u0131k konusunda yeti\u015fkinlere bir rehber niteli\u011fi ta\u015f\u0131yor. <\/p>\n","protected":false},"excerpt":{"rendered":"<p>ZORBALIKLA BA\u015e ETME \u00dcZER\u0130NE B\u0130R H\u0130KAYE Bo\u011fa\u00e7 arkada\u015flar\u0131n\u0131 d\u00fcrterek, \u201cRokfor kokulu bir ezik ile tan\u0131\u015fmak ister misin?\u201d dedi. Bo\u011fa\u00e7\u2019\u0131n ye\u015fil y\u0131lan g\u00f6zlerinin i\u00e7ine bakt\u0131m\u2026 Emir, Bo\u011fa\u00e7\u2019\u0131n<span class=\"excerpt-hellip\"> [\u2026]<\/span><\/p>\n","protected":false},"featured_media":0,"template":"","meta":{"_monsterinsights_skip_tracking":false,"_monsterinsights_sitenote_active":false,"_monsterinsights_sitenote_note":"","_monsterinsights_sitenote_category":0},"product_brand":[],"product_cat":[12275,12274],"product_tag":[],"class_list":{"0":"post-714168","1":"product","2":"type-product","3":"status-publish","5":"product_cat-6-12-yas-kitaplari","6":"product_cat-cocuk-ve-genclik-kitaplari","7":"pa_cilt-ciltli","8":"pa_tur-kitap","9":"pa_yayinevi-okuyan-koala","10":"pa_yazar-catherine-de-pino","12":"first","13":"instock","14":"sale","15":"shipping-taxable","16":"purchasable","17":"product-type-simple"},"_links":{"self":[{"href":"https:\/\/roveyayinevi.com.tr\/index.php\/wp-json\/wp\/v2\/product\/714168","targetHints":{"allow":["GET"]}}],"collection":[{"href":"https:\/\/roveyayinevi.com.tr\/index.php\/wp-json\/wp\/v2\/product"}],"about":[{"href":"https:\/\/roveyayinevi.com.tr\/index.php\/wp-json\/wp\/v2\/types\/product"}],"wp:attachment":[{"href":"https:\/\/roveyayinevi.com.tr\/index.php\/wp-json\/wp\/v2\/media?parent=714168"}],"wp:term":[{"taxonomy":"product_brand","embeddable":true,"href":"https:\/\/roveyayinevi.com.tr\/index.php\/wp-json\/wp\/v2\/product_brand?post=714168"},{"taxonomy":"product_cat","embeddable":true,"href":"https:\/\/roveyayinevi.com.tr\/index.php\/wp-json\/wp\/v2\/product_cat?post=714168"},{"taxonomy":"product_tag","embeddable":true,"href":"https:\/\/roveyayinevi.com.tr\/index.php\/wp-json\/wp\/v2\/product_tag?post=714168"}],"curies":[{"name":"wp","href":"https:\/\/api.w.org\/{rel}","templated":true}]}}