{"id":714166,"date":"2025-08-27T17:15:43","date_gmt":"2025-08-27T14:15:43","guid":{"rendered":"https:\/\/roveyayinevi.com.tr\/index.php\/urun\/somurge\/"},"modified":"2026-04-16T02:22:43","modified_gmt":"2026-04-15T23:22:43","slug":"somurge","status":"publish","type":"product","link":"https:\/\/roveyayinevi.com.tr\/index.php\/urun\/somurge\/","title":{"rendered":"S\u00f6m\u00fcrge"},"content":{"rendered":"<p>\u0130nsanl\u0131\u011f\u0131n, kurulu s\u00f6m\u00fcr\u00fc d\u00fczeninden yani faizden ve borca dayal\u0131 para sistemi olarak adland\u0131r\u0131lan zenginin fakiri, g\u00fc\u00e7l\u00fcn\u00fcn g\u00fc\u00e7s\u00fcz\u00fc soydu\u011fu fasit daireden kurtulmad\u0131k\u00e7a huzur bulmas\u0131 imk\u00e2ns\u0131zd\u0131r. \u00dcstelik bu imk\u00e2ns\u0131zl\u0131k makas\u0131 her ge\u00e7en g\u00fcn a\u011fz\u0131 a\u00e7\u0131larak b\u00fcy\u00fcmekte ve h\u0131zla d\u00fcnyam\u0131z\u0131n ac\u0131 sonunu haz\u0131rlamaktad\u0131r.Ba\u015fta \u00fclkemizin, ard\u0131ndan rol model oldu\u011fu \u0130slam d\u00fcnyas\u0131n\u0131n ve t\u00fcm insanl\u0131\u011f\u0131n bu sistemden kurtulu\u015fu i\u00e7in uzun soluklu plan ve programlara, ekonomik, k\u00fclt\u00fcrel ve siyasal a\u00e7\u0131dan birlikteliklere, ciddi bir haz\u0131rl\u0131k d\u00f6nemine, topyek\u00fbn bir kalk\u0131nma s\u00fcrecine, en \u00f6nemlisiyse ahlakl\u0131 insanlara ihtiya\u00e7 vard\u0131r.Bu \u00e7al\u0131\u015fma; ge\u00e7mi\u015ften g\u00fcn\u00fcm\u00fcze bahsi ge\u00e7en d\u00fczenin sahiplerinin faaliyetlerinin, tarihlerini anlat\u0131rken di\u011fer yandan bu sisteme alternatif olarak kurulan faizsiz bankalar\u0131n sistemlerini ve \u00e7al\u0131\u015fmalar\u0131n\u0131 ele alarak geli\u015ftirilmesi ve b\u00fcy\u00fcmeleri i\u00e7in gerekli olan hamlelerden, sonras\u0131nda da \u0130slam d\u00fcnyas\u0131 i\u00e7in b\u00f6lgesel bir kalk\u0131nma ad\u0131na gerekli olan at\u0131l\u0131mlardan, buna da \u00f6nc\u00fcl\u00fck edebilecek tek \u00fclke olan T\u00fcrkiye\u2019nin g\u00fc\u00e7l\u00fc bir lider olmas\u0131 i\u00e7in ihityac\u0131 olan ekonomik giri\u015fimlerden bahsetmekte, t\u00fcm bunlar\u0131 yaparken de bir\u00e7ok g\u00fcncel kar\u015f\u0131la\u015ft\u0131rmal\u0131 ya da tarihsel ya\u015fanm\u0131\u015fl\u0131k \u00f6rneklerine ba\u015fvurarak kan\u0131tlar sunmaktad\u0131r. <\/p>\n","protected":false},"excerpt":{"rendered":"<p>\u0130nsanl\u0131\u011f\u0131n, kurulu s\u00f6m\u00fcr\u00fc d\u00fczeninden yani faizden ve borca dayal\u0131 para sistemi olarak adland\u0131r\u0131lan zenginin fakiri, g\u00fc\u00e7l\u00fcn\u00fcn g\u00fc\u00e7s\u00fcz\u00fc soydu\u011fu fasit daireden kurtulmad\u0131k\u00e7a huzur bulmas\u0131 imk\u00e2ns\u0131zd\u0131r. \u00dcstelik bu<span class=\"excerpt-hellip\"> [\u2026]<\/span><\/p>\n","protected":false},"featured_media":0,"template":"","meta":{"_monsterinsights_skip_tracking":false,"_monsterinsights_sitenote_active":false,"_monsterinsights_sitenote_note":"","_monsterinsights_sitenote_category":0},"product_brand":[],"product_cat":[14841,13043],"product_tag":[],"class_list":{"0":"post-714166","1":"product","2":"type-product","3":"status-publish","5":"product_cat-arastirma-inceleme-kuram","6":"product_cat-ekonomi","7":"pa_cilt-ciltsiz","8":"pa_tur-kitap","9":"pa_yayinevi-luna-yayinlari","10":"pa_yazar-r-levent-isik","12":"first","13":"instock","14":"sale","15":"shipping-taxable","16":"purchasable","17":"product-type-simple"},"_links":{"self":[{"href":"https:\/\/roveyayinevi.com.tr\/index.php\/wp-json\/wp\/v2\/product\/714166","targetHints":{"allow":["GET"]}}],"collection":[{"href":"https:\/\/roveyayinevi.com.tr\/index.php\/wp-json\/wp\/v2\/product"}],"about":[{"href":"https:\/\/roveyayinevi.com.tr\/index.php\/wp-json\/wp\/v2\/types\/product"}],"wp:attachment":[{"href":"https:\/\/roveyayinevi.com.tr\/index.php\/wp-json\/wp\/v2\/media?parent=714166"}],"wp:term":[{"taxonomy":"product_brand","embeddable":true,"href":"https:\/\/roveyayinevi.com.tr\/index.php\/wp-json\/wp\/v2\/product_brand?post=714166"},{"taxonomy":"product_cat","embeddable":true,"href":"https:\/\/roveyayinevi.com.tr\/index.php\/wp-json\/wp\/v2\/product_cat?post=714166"},{"taxonomy":"product_tag","embeddable":true,"href":"https:\/\/roveyayinevi.com.tr\/index.php\/wp-json\/wp\/v2\/product_tag?post=714166"}],"curies":[{"name":"wp","href":"https:\/\/api.w.org\/{rel}","templated":true}]}}