{"id":714165,"date":"2025-08-27T17:15:43","date_gmt":"2025-08-27T14:15:43","guid":{"rendered":"https:\/\/roveyayinevi.com.tr\/index.php\/urun\/didimin-misafirleri-altinkum-yazarlar-festivali\/"},"modified":"2026-04-16T02:22:43","modified_gmt":"2026-04-15T23:22:43","slug":"didimin-misafirleri-altinkum-yazarlar-festivali","status":"publish","type":"product","link":"https:\/\/roveyayinevi.com.tr\/index.php\/urun\/didimin-misafirleri-altinkum-yazarlar-festivali\/","title":{"rendered":"Didim&#8217;in Misafirleri Alt\u0131nkum Yazarlar Festivali"},"content":{"rendered":"<p>Hayri Kandemir&#8217;in \u0130zmir Konak Meydan\u0131nda a\u00e7t\u0131\u011f\u0131 kitap sergisinde kitaplar\u0131 inceleyen gen\u00e7 bir han\u0131m, okumay\u0131 \u00e7ok sevdi\u011fini ama Didim&#8217;de bir kitabevinin bulunmad\u0131\u011f\u0131n\u0131, bo\u015f bir d\u00fckk\u00e2n\u0131 oldu\u011funu ve uygun fiyatla isterse kendisine kiraya verebilece\u011fini s\u00f6yler.O g\u00fcnlerde ad\u0131 Zeynep Bac\u0131 Pasaj\u0131 olan mek\u00e2n\u0131 g\u00f6rmek i\u00e7in Didim&#8217;e gelen Kandemir, i\u015f merkezinin bulundu\u011fu yerde otob\u00fcsten indi\u011finde, hem kendi ya\u015fam\u0131 de\u011fi\u015fecek hem de T\u00fcrkiye&#8217;nin en g\u00fc\u00e7l\u00fc k\u00fclt\u00fcr festivallerinden biri do\u011facakt\u0131r! 1992 y\u0131l\u0131n\u0131n May\u0131s ay\u0131 i\u00e7inde, Didim&#8217;in kapsaml\u0131 ilk kitabevi olan Ezgi Kitabevi&#8217;ni a\u00e7ar ve A\u011fustos ay\u0131nda da Muzaffer \u0130zg\u00fc&#8217;y\u00fc imza g\u00fcn\u00fcne davet eder. G\u00fcn boyunca plajlarda anonslar yap\u0131lm\u0131\u015f ve ilk kez bir yazar Didim&#8217;de kitaplar\u0131n\u0131 imzalam\u0131\u015ft\u0131r. G\u00f6rd\u00fc\u011f\u00fc yo\u011fun ilgiden Muzaffer \u0130zg\u00fc \u00e7ok memnun olmu\u015ftur. Halk\u0131n ola\u011fan\u00fcst\u00fc ilgisi gelecek y\u0131llarda g\u00fczel \u015feylerolabilece\u011finin \u00e2deta bir m\u00fcjdesidir.Ailesinin, dostlar\u0131n\u0131n, esnaf hatta evlerinden kek b\u00f6rek yap\u0131p getiren ev han\u0131mlar\u0131n\u0131n k\u0131sacas\u0131 Didimlilerin Hayri Kandemir&#8217;e verdi\u011fi destekle her y\u0131l giderek b\u00fcy\u00fcyen imza g\u00fcnleri, Didim Belediyesi ve daha g\u00fc\u00e7l\u00fc sponsorlar\u0131n deste\u011fiyle g\u00fc\u00e7lenir, bir festivale d\u00f6n\u00fc\u015f\u00fcr. Ay\u015fe Kulin&#8217;den Sinan Aky\u00fcz&#8217;e, U\u011fur D\u00fcndar&#8217;dan ipek Ongun&#8217;a k\u00fclt\u00fcr hayat\u0131m\u0131z\u0131n sevilen isimlerinin, saatlerce s\u00fcren imza ve sohbetleriyle \u201cAlt\u0131nkum Yazarlar Festivali&#8221; art\u0131k Ege&#8217;nin bir par\u00e7as\u0131, Hayri Kandemir de bir k\u00fclt\u00fcr emek\u00e7isidir. Didim&#8217;in Misafirleri, edebiyat, sanat ve insan sevgisiyle harmanlanm\u0131\u015f Alt\u0131nkum Yazarlar Festivali&#8217;nin ger\u00e7ek \u00f6yk\u00fcs\u00fcd\u00fcr. <\/p>\n","protected":false},"excerpt":{"rendered":"<p>Hayri Kandemir&#8217;in \u0130zmir Konak Meydan\u0131nda a\u00e7t\u0131\u011f\u0131 kitap sergisinde kitaplar\u0131 inceleyen gen\u00e7 bir han\u0131m, okumay\u0131 \u00e7ok sevdi\u011fini ama Didim&#8217;de bir kitabevinin bulunmad\u0131\u011f\u0131n\u0131, bo\u015f bir d\u00fckk\u00e2n\u0131 oldu\u011funu ve<span class=\"excerpt-hellip\"> [\u2026]<\/span><\/p>\n","protected":false},"featured_media":0,"template":"","meta":{"_monsterinsights_skip_tracking":false,"_monsterinsights_sitenote_active":false,"_monsterinsights_sitenote_note":"","_monsterinsights_sitenote_category":0},"product_brand":[],"product_cat":[18545,12291],"product_tag":[],"class_list":{"0":"post-714165","1":"product","2":"type-product","3":"status-publish","5":"product_cat-anlati","6":"product_cat-edebiyat","7":"pa_cilt-ciltsiz","8":"pa_tur-kitap","9":"pa_yayinevi-mona-kitap","10":"pa_yazar-hayri-kandemir","12":"first","13":"instock","14":"sale","15":"shipping-taxable","16":"purchasable","17":"product-type-simple"},"_links":{"self":[{"href":"https:\/\/roveyayinevi.com.tr\/index.php\/wp-json\/wp\/v2\/product\/714165","targetHints":{"allow":["GET"]}}],"collection":[{"href":"https:\/\/roveyayinevi.com.tr\/index.php\/wp-json\/wp\/v2\/product"}],"about":[{"href":"https:\/\/roveyayinevi.com.tr\/index.php\/wp-json\/wp\/v2\/types\/product"}],"wp:attachment":[{"href":"https:\/\/roveyayinevi.com.tr\/index.php\/wp-json\/wp\/v2\/media?parent=714165"}],"wp:term":[{"taxonomy":"product_brand","embeddable":true,"href":"https:\/\/roveyayinevi.com.tr\/index.php\/wp-json\/wp\/v2\/product_brand?post=714165"},{"taxonomy":"product_cat","embeddable":true,"href":"https:\/\/roveyayinevi.com.tr\/index.php\/wp-json\/wp\/v2\/product_cat?post=714165"},{"taxonomy":"product_tag","embeddable":true,"href":"https:\/\/roveyayinevi.com.tr\/index.php\/wp-json\/wp\/v2\/product_tag?post=714165"}],"curies":[{"name":"wp","href":"https:\/\/api.w.org\/{rel}","templated":true}]}}