{"id":714163,"date":"2025-08-27T17:15:42","date_gmt":"2025-08-27T14:15:42","guid":{"rendered":"https:\/\/roveyayinevi.com.tr\/index.php\/urun\/ruhun-sirlari-vaka-ornekleriyle-psikoterapiler\/"},"modified":"2026-04-16T02:22:43","modified_gmt":"2026-04-15T23:22:43","slug":"ruhun-sirlari-vaka-ornekleriyle-psikoterapiler","status":"publish","type":"product","link":"https:\/\/roveyayinevi.com.tr\/index.php\/urun\/ruhun-sirlari-vaka-ornekleriyle-psikoterapiler\/","title":{"rendered":"Ruhun S\u0131rlar\u0131 Vaka \u00d6rnekleriyle Psikoterapiler"},"content":{"rendered":"<p>TERAP\u0130 ANLAYI\u015eIM VE ANLAM D\u00dcNYAMDAN YANSIMALAR\u2026Terapist adaylar\u0131n\u0131n \u00f6zellikle ihtiya\u00e7 duyduklar\u0131 \u015fey, kuramsal bilgilerden \u00e7ok rol modeli olarak benimseyecekleri terapi ustalar\u0131n\u0131n uygulamalar\u0131n\u0131 sahici ve i\u00e7tenlikli bir tarzda yans\u0131tan eserlerdir. Ki\u015fisel ya\u015fam \u00f6yk\u00fcmden par\u00e7alar da i\u00e7eren bu kitap, sadece benimsedi\u011fim ve uygulad\u0131\u011f\u0131m terapi anlay\u0131\u015f\u0131n\u0131 \u00f6rneklerle sunmakla yetinmiyor; k\u00fclt\u00fcrel ba\u011flama s\u0131k\u0131 s\u0131k\u0131ya ba\u011fl\u0131 psikoterapi anlay\u0131\u015f\u0131mla do\u011frudan ba\u011flant\u0131l\u0131 oldu\u011funa inand\u0131\u011f\u0131m de\u011ferler ve anlam d\u00fcnyam\u0131 da a\u00e7\u0131k y\u00fcreklilikle okuyucu ile payla\u015f\u0131yorum. As\u0131l amac\u0131m herkesin kendi yaralar\u0131n\u0131 sarabilmesidir. Yaralar\u0131m\u0131z kendi ellerimizle kabuk ba\u011flayabilir. \u0130yile\u015fme s\u00fcresince tek bir mucizevi teknik ya da tamamen \u00fczerine aban\u0131p \u015fifa bulaca\u011f\u0131m\u0131z tek bir y\u00f6ntem yoktur. &#8211; Prof. Dr. Cengiz G\u00dcLE\u00c7 HER Y\u00d6N\u00dcYLE PS\u0130KOTERAPLER VE \u00c7ARPICI VAKA \u00d6RNEKLER\u0130\u2026Prof. Dr. Cengiz G\u00fcle\u00e7, psikanalitik y\u00f6nelimli psikoterapiler hakk\u0131nda kuramsal bilgilerin yan\u0131 s\u0131ra, psikoterapi kavram\u0131n\u0131 transk\u00fclt\u00fcrel ba\u011flamda stratejik m\u00fcdahalelerle bezenmi\u015f, psikodinamik y\u00f6nelimli terapileri ku\u015fatacak kadar geni\u015f bir anlamda ele ald\u0131\u011f\u0131 kitab\u0131nda, klinik deneyimlerinde geli\u015ftirdi\u011fi ve uygulad\u0131\u011f\u0131 klasik ve standart psikanalitik terapilere uymayan ki\u015fiye \u00f6zg\u00fc terapi tarz\u0131n\u0131 \u00e7arp\u0131c\u0131 vaka \u00f6rnekleri arac\u0131l\u0131\u011f\u0131yla aktar\u0131yor. &#8211; Psikoterapi ve Psikoterapistler Derne\u011fi (PS\u0130KODER) \u0130NSAN RUHSALLI\u011eINA DER\u0130N B\u0130R BAKI\u015e\u2026Prof. Dr. Cengiz G\u00fcle\u00e7, teorik ve akademik tart\u0131\u015fmalardan ka\u00e7\u0131narak sadece meslekten olanlar\u0131n de\u011fil, terapilere ilgi duyan okurlar\u0131n da yararlanabilece\u011fi bir \u00fcslupla kaleme ald\u0131\u011f\u0131 bu kitab\u0131nda, psikoterapist adaylar\u0131n\u0131n ihtiya\u00e7 duyduklar\u0131 pratik bilgileri ve vaka \u00f6rneklerini sunarken, ruh sa\u011fl\u0131\u011f\u0131 profesyoneli olmayan ama insan ruhsall\u0131\u011f\u0131na merakl\u0131 okuyucunun da zevkle ve heyecanla okuyaca\u011f\u0131 hayat \u00f6yk\u00fcleri arac\u0131l\u0131\u011f\u0131yla i\u00e7g\u00f6r\u00fc ve fark\u0131ndal\u0131k kazanma f\u0131rsat\u0131 sunuyor. Her insan\u0131n kendini \u00e7aresiz ve d\u00fcnyan\u0131n en mutsuz ki\u015fisi olarak hissetti\u011fi anlarda, kendine rehberlik etmesine katk\u0131 sa\u011fl\u0131yor. &#8211; PUSULA Yay\u0131nevi <\/p>\n","protected":false},"excerpt":{"rendered":"<p>TERAP\u0130 ANLAYI\u015eIM VE ANLAM D\u00dcNYAMDAN YANSIMALAR\u2026Terapist adaylar\u0131n\u0131n \u00f6zellikle ihtiya\u00e7 duyduklar\u0131 \u015fey, kuramsal bilgilerden \u00e7ok rol modeli olarak benimseyecekleri terapi ustalar\u0131n\u0131n uygulamalar\u0131n\u0131 sahici ve i\u00e7tenlikli bir tarzda<span class=\"excerpt-hellip\"> [\u2026]<\/span><\/p>\n","protected":false},"featured_media":0,"template":"","meta":{"_monsterinsights_skip_tracking":false,"_monsterinsights_sitenote_active":false,"_monsterinsights_sitenote_note":"","_monsterinsights_sitenote_category":0},"product_brand":[],"product_cat":[12358,12357],"product_tag":[],"class_list":{"0":"post-714163","1":"product","2":"type-product","3":"status-publish","5":"product_cat-genel-psikoloji","6":"product_cat-psikoloji","7":"pa_cilt-ciltsiz","8":"pa_tur-kitap","9":"pa_yayinevi-pusula-yayinevi-ankara","10":"pa_yazar-cengiz-gulec","12":"first","13":"instock","14":"sale","15":"shipping-taxable","16":"purchasable","17":"product-type-simple"},"_links":{"self":[{"href":"https:\/\/roveyayinevi.com.tr\/index.php\/wp-json\/wp\/v2\/product\/714163","targetHints":{"allow":["GET"]}}],"collection":[{"href":"https:\/\/roveyayinevi.com.tr\/index.php\/wp-json\/wp\/v2\/product"}],"about":[{"href":"https:\/\/roveyayinevi.com.tr\/index.php\/wp-json\/wp\/v2\/types\/product"}],"wp:attachment":[{"href":"https:\/\/roveyayinevi.com.tr\/index.php\/wp-json\/wp\/v2\/media?parent=714163"}],"wp:term":[{"taxonomy":"product_brand","embeddable":true,"href":"https:\/\/roveyayinevi.com.tr\/index.php\/wp-json\/wp\/v2\/product_brand?post=714163"},{"taxonomy":"product_cat","embeddable":true,"href":"https:\/\/roveyayinevi.com.tr\/index.php\/wp-json\/wp\/v2\/product_cat?post=714163"},{"taxonomy":"product_tag","embeddable":true,"href":"https:\/\/roveyayinevi.com.tr\/index.php\/wp-json\/wp\/v2\/product_tag?post=714163"}],"curies":[{"name":"wp","href":"https:\/\/api.w.org\/{rel}","templated":true}]}}