{"id":714160,"date":"2025-08-27T17:15:40","date_gmt":"2025-08-27T14:15:40","guid":{"rendered":"https:\/\/roveyayinevi.com.tr\/index.php\/urun\/kara-nehir\/"},"modified":"2026-04-16T02:22:43","modified_gmt":"2026-04-15T23:22:43","slug":"kara-nehir","status":"publish","type":"product","link":"https:\/\/roveyayinevi.com.tr\/index.php\/urun\/kara-nehir\/","title":{"rendered":"Kara Nehir"},"content":{"rendered":"<p>\u0130s kokan \u00e7ocuklar\u0131n sessiz \u00e7\u0131\u011fl\u0131\u011f\u0131n\u0131 duyabiliyor musunuz?\u0130\u00e7imdeki \u00e7ocu\u011fun umudunu k\u0131rarsam bir daha aya\u011fa kalkamam biliyorum. Renklerin yok oldu\u011fu, is kokan bu madenci kasabas\u0131na daha \u00e7ok k\u00fc\u00e7\u00fckken gelmeyece\u011fime dair yemin etmi\u015ftim. Ama \u015fimdi 1912 y\u0131l\u0131n\u0131n haziran ay\u0131nda tamamen kimsesiz ve \u0131ss\u0131z\u0131m, dahas\u0131 olmaktan korktu\u011fum yerdeyim. Yanlar\u0131nda kalmak zorunda oldu\u011fum insanlar\u0131n g\u00f6z\u00fcnde u\u011fursuz bir s\u0131\u011f\u0131nt\u0131y\u0131m belki de\u2026Kara Nehir\u2026 Bu kasaban\u0131n ad\u0131 bile t\u00fcylerimi diken diken etmeye yetiyor. K\u00fc\u00e7\u00fcc\u00fck \u00e7ocuklar\u0131n okul yerine \u00e7al\u0131\u015fmak i\u00e7in maden oca\u011f\u0131na gitmesi beni kahrediyor. Bir avu\u00e7 k\u00f6m\u00fcr, bir lokma ekmek i\u00e7in o k\u00fc\u00e7\u00fcc\u00fck bedenlerin yok olmas\u0131, annelerin d\u00f6kt\u00fc\u011f\u00fc g\u00f6zya\u015flar\u0131 i\u00e7imi ac\u0131t\u0131yor. En k\u00f6t\u00fcs\u00fc de ne biliyor musunuz? Bakt\u0131\u011f\u0131m her \u00e7aresiz y\u00fczde kaybetti\u011fim erkek karde\u015fimi g\u00f6r\u00fcyorum. Neden beni kurtarmad\u0131n diyor sanki\u2026Art\u0131k bundan ka\u00e7\u0131\u015f\u0131m yok, sustuklar\u0131m\u0131 dile getirme vakti geldi. Ben, Emma Malloy, tek ba\u015f\u0131na da kalsam k\u00f6m\u00fcr tozunu hava diye ci\u011ferlerine \u00e7eken o k\u00fc\u00e7\u00fck \u00e7ocuklar i\u00e7in m\u00fccadele edece\u011fim. Belki de y\u0131llar \u00f6nce solan vicdan\u0131m\u0131n \u00e7i\u00e7ekleri yeniden a\u00e7ar. Belki de \u0131ss\u0131z yan\u0131m bir a\u015fk\u0131n \u015fefkatiyle hayat bulur, kim bilir\u2026Ellen Marie Wiseman\u2019\u0131n kaleminden d\u00f6k\u00fclen Ard\u0131mda Kalanlar ve Erik A\u011fac\u0131\u2019ndan sonra \u015fimdi de Kara Nehir ile tarihin ger\u00e7ek ve bir o kadar y\u00fcrek burkan y\u00fcz\u00fcyle tan\u0131\u015fmaya haz\u0131r olun. K\u00fc\u00e7\u00fck bir cesaret k\u0131r\u0131nt\u0131s\u0131n\u0131n ve umudun ne yaralar kapataca\u011f\u0131n\u0131 g\u00f6zya\u015flar\u0131yla okuyacaks\u0131n\u0131z\u2026 <\/p>\n","protected":false},"excerpt":{"rendered":"<p>\u0130s kokan \u00e7ocuklar\u0131n sessiz \u00e7\u0131\u011fl\u0131\u011f\u0131n\u0131 duyabiliyor musunuz?\u0130\u00e7imdeki \u00e7ocu\u011fun umudunu k\u0131rarsam bir daha aya\u011fa kalkamam biliyorum. Renklerin yok oldu\u011fu, is kokan bu madenci kasabas\u0131na daha \u00e7ok k\u00fc\u00e7\u00fckken<span class=\"excerpt-hellip\"> [\u2026]<\/span><\/p>\n","protected":false},"featured_media":0,"template":"","meta":{"_monsterinsights_skip_tracking":false,"_monsterinsights_sitenote_active":false,"_monsterinsights_sitenote_note":"","_monsterinsights_sitenote_category":0},"product_brand":[],"product_cat":[12291,12711],"product_tag":[],"class_list":{"0":"post-714160","1":"product","2":"type-product","3":"status-publish","5":"product_cat-edebiyat","6":"product_cat-roman-oyku","7":"pa_cilt-ciltsiz","8":"pa_tur-kitap","9":"pa_yayinevi-arkadya-yayinlari","10":"pa_yazar-ellen-marie-wiseman","12":"first","13":"instock","14":"sale","15":"shipping-taxable","16":"purchasable","17":"product-type-simple"},"_links":{"self":[{"href":"https:\/\/roveyayinevi.com.tr\/index.php\/wp-json\/wp\/v2\/product\/714160","targetHints":{"allow":["GET"]}}],"collection":[{"href":"https:\/\/roveyayinevi.com.tr\/index.php\/wp-json\/wp\/v2\/product"}],"about":[{"href":"https:\/\/roveyayinevi.com.tr\/index.php\/wp-json\/wp\/v2\/types\/product"}],"wp:attachment":[{"href":"https:\/\/roveyayinevi.com.tr\/index.php\/wp-json\/wp\/v2\/media?parent=714160"}],"wp:term":[{"taxonomy":"product_brand","embeddable":true,"href":"https:\/\/roveyayinevi.com.tr\/index.php\/wp-json\/wp\/v2\/product_brand?post=714160"},{"taxonomy":"product_cat","embeddable":true,"href":"https:\/\/roveyayinevi.com.tr\/index.php\/wp-json\/wp\/v2\/product_cat?post=714160"},{"taxonomy":"product_tag","embeddable":true,"href":"https:\/\/roveyayinevi.com.tr\/index.php\/wp-json\/wp\/v2\/product_tag?post=714160"}],"curies":[{"name":"wp","href":"https:\/\/api.w.org\/{rel}","templated":true}]}}