{"id":714159,"date":"2025-08-27T17:15:39","date_gmt":"2025-08-27T14:15:39","guid":{"rendered":"https:\/\/roveyayinevi.com.tr\/index.php\/urun\/gelincik-ile-serce\/"},"modified":"2026-04-16T02:22:43","modified_gmt":"2026-04-15T23:22:43","slug":"gelincik-ile-serce","status":"publish","type":"product","link":"https:\/\/roveyayinevi.com.tr\/index.php\/urun\/gelincik-ile-serce\/","title":{"rendered":"Gelincik ile Ser\u00e7e"},"content":{"rendered":"<p>Belki de umut k\u00fc\u00e7\u00fck bir ser\u00e7enin kanad\u0131ndad\u0131r\u2026Yeni sanat galerisinin a\u00e7\u0131l\u0131\u015f\u0131 ve bir peri masal\u0131n\u0131 aratmayan d\u00fc\u011f\u00fcn\u00fcn\u00fcn ard\u0131ndan Sera James, b\u00fcy\u00fcleyici bir hayat s\u00fcrmeye ba\u015flar. Ancak William Hanover\u2019\u0131n i\u015flemedi\u011fi bir su\u00e7 y\u00fcz\u00fcnden tutuklanmas\u0131yla peri masal\u0131 bir k\u00e2busa d\u00f6n\u00fc\u015f\u00fcr. Sera ile William korku ve endi\u015fe sava\u015f\u0131n\u0131 verirken, Sera \u00e2\u015f\u0131k oldu\u011fu adam\u0131n ger\u00e7ekte kim oldu\u011funu sorgulayacak, arad\u0131\u011f\u0131 yan\u0131tlar\u0131 ise ge\u00e7mi\u015fte bulacakt\u0131r.K\u00e1ja Makovsk\u00fd, 1939 y\u0131l\u0131nda yar\u0131 Yahudi ailesini geride b\u0131rakarak Nazi i\u015fgali alt\u0131nda olan Prag\u2019dan ka\u00e7mak zorunda kal\u0131r. \u00dc\u00e7 sene sonra \u0130ngiltere\u2019de art\u0131k bir gazetede \u00e7al\u0131\u015fan K\u00e1ja, Nazilerin Londra\u2019y\u0131 bombalamas\u0131n\u0131n ard\u0131ndan Man\u015f Denizi\u2019nin kar\u015f\u0131 taraf\u0131nda ya\u015fanan korkun\u00e7 olaylar\u0131 ke\u015ffeder. B\u00f6lgede binlerce Yahudinin katledildi\u011fini \u00f6\u011frendi\u011finde ailesini kurtarmak i\u00e7in hayat\u0131n\u0131 riske atarak vatan\u0131m dedi\u011fi \u015fehre geri d\u00f6nmeye karar verir. Ancak \u015feytan bo\u015f durmay\u0131p onun planlar\u0131n\u0131 bozar ve K\u00e1ja kendini korkular\u0131n\u0131n merkezinde, Terezin Toplama Kamp\u0131\u2019nda bulur\u2026Umuda ve hayata tutunma hik\u00e2yesinde Sera ve K\u00e1ja, y\u00fcreklerini saran inanca tutunacak ve sevdiklerini korumak u\u011fruna sonuna kadar sava\u015facaklard\u0131r. Bu, geleceklerini yok saymak anlam\u0131na gelse bile\u2026Kelebek ile Keman\u2019la g\u00f6nl\u00fcm\u00fczde yer edinen Kristy Cambron, bu kez Gelincik ile Ser\u00e7e\u2019yle sava\u015f\u0131n karanl\u0131k y\u00fcz\u00fcn\u00fcn \u00e7ocuklardaki etkisini, k\u00f6t\u00fc bildiklerimizin de i\u00e7inde iyilik ta\u015f\u0131yabilece\u011fini y\u00fcrek burkan bir dille anlat\u0131yor\u2026\u201cGelincik ile Ser\u00e7e bize bir kez daha Terezin Toplama Kamp\u0131\u2019na 15,000 \u00e7ocu\u011fun g\u00f6nderildi\u011fini ve yaln\u0131zca y\u00fcz\u00fcn\u00fcn kurtulabildi\u011fini deh\u015fetle hat\u0131rlat\u0131yor. Bu roman sevdiklerimiz u\u011fruna neleri g\u00f6ze alabildi\u011fimizi \u00e7arp\u0131c\u0131 bir dille anlat\u0131yor.\u201d-Beth K. Vogt <\/p>\n","protected":false},"excerpt":{"rendered":"<p>Belki de umut k\u00fc\u00e7\u00fck bir ser\u00e7enin kanad\u0131ndad\u0131r\u2026Yeni sanat galerisinin a\u00e7\u0131l\u0131\u015f\u0131 ve bir peri masal\u0131n\u0131 aratmayan d\u00fc\u011f\u00fcn\u00fcn\u00fcn ard\u0131ndan Sera James, b\u00fcy\u00fcleyici bir hayat s\u00fcrmeye ba\u015flar. Ancak William<span class=\"excerpt-hellip\"> [\u2026]<\/span><\/p>\n","protected":false},"featured_media":0,"template":"","meta":{"_monsterinsights_skip_tracking":false,"_monsterinsights_sitenote_active":false,"_monsterinsights_sitenote_note":"","_monsterinsights_sitenote_category":0},"product_brand":[],"product_cat":[12291,12711],"product_tag":[],"class_list":{"0":"post-714159","1":"product","2":"type-product","3":"status-publish","5":"product_cat-edebiyat","6":"product_cat-roman-oyku","7":"pa_cilt-ciltsiz","8":"pa_tur-kitap","9":"pa_yayinevi-arkadya-yayinlari","10":"pa_yazar-kristy-cambron","12":"first","13":"instock","14":"sale","15":"shipping-taxable","16":"purchasable","17":"product-type-simple"},"_links":{"self":[{"href":"https:\/\/roveyayinevi.com.tr\/index.php\/wp-json\/wp\/v2\/product\/714159","targetHints":{"allow":["GET"]}}],"collection":[{"href":"https:\/\/roveyayinevi.com.tr\/index.php\/wp-json\/wp\/v2\/product"}],"about":[{"href":"https:\/\/roveyayinevi.com.tr\/index.php\/wp-json\/wp\/v2\/types\/product"}],"wp:attachment":[{"href":"https:\/\/roveyayinevi.com.tr\/index.php\/wp-json\/wp\/v2\/media?parent=714159"}],"wp:term":[{"taxonomy":"product_brand","embeddable":true,"href":"https:\/\/roveyayinevi.com.tr\/index.php\/wp-json\/wp\/v2\/product_brand?post=714159"},{"taxonomy":"product_cat","embeddable":true,"href":"https:\/\/roveyayinevi.com.tr\/index.php\/wp-json\/wp\/v2\/product_cat?post=714159"},{"taxonomy":"product_tag","embeddable":true,"href":"https:\/\/roveyayinevi.com.tr\/index.php\/wp-json\/wp\/v2\/product_tag?post=714159"}],"curies":[{"name":"wp","href":"https:\/\/api.w.org\/{rel}","templated":true}]}}