{"id":714158,"date":"2025-08-27T17:15:39","date_gmt":"2025-08-27T14:15:39","guid":{"rendered":"https:\/\/roveyayinevi.com.tr\/index.php\/urun\/iletisim-bence-dumandan-hashtage-iletisim\/"},"modified":"2026-04-16T02:22:43","modified_gmt":"2026-04-15T23:22:43","slug":"iletisim-bence-dumandan-hashtage-iletisim","status":"publish","type":"product","link":"https:\/\/roveyayinevi.com.tr\/index.php\/urun\/iletisim-bence-dumandan-hashtage-iletisim\/","title":{"rendered":"\u0130leti\u015fim Bence Dumandan Hashtag&#8217;e \u0130leti\u015fim"},"content":{"rendered":"<p>\u0130leti\u015fim benim anlad\u0131\u011f\u0131m kadar\u0131yla k\u0131saca derdini anlatabilme ba\u015far\u0131s\u0131d\u0131r. Bu tek bir bireyin ba\u015fka bir bireyle ili\u015fkisi olarak an\u0131labilece\u011fi gibi, bir bireyin kitlelerle ili\u015fkisi olarak da an\u0131labilir.  Ki\u015finin kafas\u0131n\u0131n i\u00e7inde d\u00f6n\u00fcp duran negatif veya pozitif (ki kimseyi bu bi\u00e7imiyle ilgilendirmemeli) fikirleri muhatab\u0131na veya muhataplar\u0131na ula\u015ft\u0131rma becerisine ben ileti\u015fim derim. Derdini anlatmay\u0131, daha do\u011frusu dinletmeyi becerememe durumunda da yine bir ileti\u015fimden bahsedebiliriz ama bana g\u00f6re bu ileti\u015fimsizlik de\u011fil, daha \u00e7ok beceriksizlik olur. Binlerce y\u0131ld\u0131r ileti\u015fim ad\u0131na yap\u0131lan her eylem, bu becerimize bir katk\u0131 oldu ama geldi\u011fimiz noktada, 21. y\u00fczy\u0131l ileti\u015fim \u00e7a\u011f\u0131nda \u00f6zledi\u011fimiz ileti\u015fim yolunun, ilk \u00e7a\u011flardaki \u201cdokunma\u201d kadar naif bir duygu olmas\u0131 tesad\u00fcf de\u011fil elbette. Bu geli\u015fme arzusu insano\u011fluna iyi bir \u015fey mi yapt\u0131, i\u015fte ondan emin de\u011filim ama eminim ki torunlar\u0131m\u0131z evimizdeki robotlar ile yine dokunarak ileti\u015fim kuracak. -Can Y\u0131lmaz- <\/p>\n","protected":false},"excerpt":{"rendered":"<p>\u0130leti\u015fim benim anlad\u0131\u011f\u0131m kadar\u0131yla k\u0131saca derdini anlatabilme ba\u015far\u0131s\u0131d\u0131r. Bu tek bir bireyin ba\u015fka bir bireyle ili\u015fkisi olarak an\u0131labilece\u011fi gibi, bir bireyin kitlelerle ili\u015fkisi olarak da an\u0131labilir.<span class=\"excerpt-hellip\"> [\u2026]<\/span><\/p>\n","protected":false},"featured_media":0,"template":"","meta":{"_monsterinsights_skip_tracking":false,"_monsterinsights_sitenote_active":false,"_monsterinsights_sitenote_note":"","_monsterinsights_sitenote_category":0},"product_brand":[],"product_cat":[15983,13488],"product_tag":[],"class_list":{"0":"post-714158","1":"product","2":"type-product","3":"status-publish","5":"product_cat-iletisim-ve-medya","6":"product_cat-toplum-ve-insan","7":"pa_cilt-ciltsiz","8":"pa_tur-kitap","9":"pa_yayinevi-inkilap-kitabevi","10":"pa_yazar-nurgul-soydas","12":"first","13":"instock","14":"sale","15":"shipping-taxable","16":"purchasable","17":"product-type-simple"},"_links":{"self":[{"href":"https:\/\/roveyayinevi.com.tr\/index.php\/wp-json\/wp\/v2\/product\/714158","targetHints":{"allow":["GET"]}}],"collection":[{"href":"https:\/\/roveyayinevi.com.tr\/index.php\/wp-json\/wp\/v2\/product"}],"about":[{"href":"https:\/\/roveyayinevi.com.tr\/index.php\/wp-json\/wp\/v2\/types\/product"}],"wp:attachment":[{"href":"https:\/\/roveyayinevi.com.tr\/index.php\/wp-json\/wp\/v2\/media?parent=714158"}],"wp:term":[{"taxonomy":"product_brand","embeddable":true,"href":"https:\/\/roveyayinevi.com.tr\/index.php\/wp-json\/wp\/v2\/product_brand?post=714158"},{"taxonomy":"product_cat","embeddable":true,"href":"https:\/\/roveyayinevi.com.tr\/index.php\/wp-json\/wp\/v2\/product_cat?post=714158"},{"taxonomy":"product_tag","embeddable":true,"href":"https:\/\/roveyayinevi.com.tr\/index.php\/wp-json\/wp\/v2\/product_tag?post=714158"}],"curies":[{"name":"wp","href":"https:\/\/api.w.org\/{rel}","templated":true}]}}