{"id":714156,"date":"2025-08-27T17:15:38","date_gmt":"2025-08-27T14:15:38","guid":{"rendered":"https:\/\/roveyayinevi.com.tr\/index.php\/urun\/savaskiran\/"},"modified":"2026-04-16T02:22:43","modified_gmt":"2026-04-15T23:22:43","slug":"savaskiran","status":"publish","type":"product","link":"https:\/\/roveyayinevi.com.tr\/index.php\/urun\/savaskiran\/","title":{"rendered":"Sava\u015fk\u0131ran"},"content":{"rendered":"<p>Hallandren&#8217;in ba\u015fkenti T&#8217;Telir\u2026 G\u00fcne\u015fli sokaklar\u0131nda dolanan ve reng\u00e2renk k\u0131yafetler giymi\u015f insanlar\u0131n, tanr\u0131 olarak yeniden do\u011fan kahramanlara tapt\u0131\u011f\u0131 bir sahil \u015fehri. Sessiz ve gizemli Tanr\u0131 Kral&#8217;\u0131n liderli\u011findeki tap\u0131nak, ya\u015famaya devam etmeleri ve daima gen\u00e7 kalmalar\u0131 i\u00e7in halk taraf\u0131ndan ba\u011f\u0131\u015flanan hayat g\u00fcc\u00fc, yani Nefes sayesinde varl\u0131\u011f\u0131n\u0131 s\u00fcrd\u00fcrmeye devam ediyor. Idris&#8217;e s\u00fcr\u00fclm\u00fc\u015f olan eski kraliyet ailesi, g\u00f6n\u00fcls\u00fczce de olsa, prenseslerden birini Tanr\u0131 Kral ile evlendirmek zorunda. Ancak T&#8217;Telir&#8217;e gelen prenses ne \u015fehri bekledi\u011fi gibi bulacak ne de tahmin etti\u011fi gibi bir evlilik yapacak. Prensesin tek dostu, Idris&#8217;le bir sava\u015f \u00e7\u0131kmas\u0131ndan endi\u015fe eden ve kendi kutsall\u0131\u011f\u0131ndan \u015f\u00fcphe duyan bir tanr\u0131: I\u015f\u0131kt\u0131n\u0131. B\u00fct\u00fcn bunlar olup biterken Gecekan\u0131 isminde bilin\u00e7li bir k\u0131l\u0131\u00e7 ta\u015f\u0131yan ve renkleri kullanarak Nefesin g\u00fcc\u00fcn\u00fc odaklayan Hallandren, b\u00fcy\u00fcs\u00fcyle gizli kapakl\u0131 i\u015fler \u00e7eviriyor ve gizli planlar\u0131, belki de t\u00fcm d\u00fcnyay\u0131 de\u011fi\u015ftirecek\u2026 * * * \u201cTekinsiz dostluklar, karanl\u0131k entrikalar ve tehlikeli b\u00fcy\u00fcler \u00fczerine \u00e7ok g\u00fc\u00e7l\u00fc bir hik\u00e2ye anlatan, ba\u011f\u0131ms\u0131z bir roman. Karma\u015f\u0131k ve ikna edici karakterleri, muhte\u015fem bir d\u00fcnyay\u0131 ve incelikli bir mizah\u0131 ayn\u0131 potada eriten Sanderson, ilgi \u00e7ekici ve ola\u011fan\u00fcst\u00fc bir macera yaratm\u0131\u015f.\u201d -Publishers Weekly <\/p>\n","protected":false},"excerpt":{"rendered":"<p>Hallandren&#8217;in ba\u015fkenti T&#8217;Telir\u2026 G\u00fcne\u015fli sokaklar\u0131nda dolanan ve reng\u00e2renk k\u0131yafetler giymi\u015f insanlar\u0131n, tanr\u0131 olarak yeniden do\u011fan kahramanlara tapt\u0131\u011f\u0131 bir sahil \u015fehri. Sessiz ve gizemli Tanr\u0131 Kral&#8217;\u0131n liderli\u011findeki<span class=\"excerpt-hellip\"> [\u2026]<\/span><\/p>\n","protected":false},"featured_media":0,"template":"","meta":{"_monsterinsights_skip_tracking":false,"_monsterinsights_sitenote_active":false,"_monsterinsights_sitenote_note":"","_monsterinsights_sitenote_category":0},"product_brand":[],"product_cat":[12291,14777],"product_tag":[],"class_list":{"0":"post-714156","1":"product","2":"type-product","3":"status-publish","5":"product_cat-edebiyat","6":"product_cat-fantastik","7":"pa_cilt-ciltsiz","8":"pa_tur-kitap","9":"pa_yayinevi-akil-celen-kitaplar","10":"pa_yazar-brandon-sanderson","12":"first","13":"instock","14":"sale","15":"shipping-taxable","16":"purchasable","17":"product-type-simple"},"_links":{"self":[{"href":"https:\/\/roveyayinevi.com.tr\/index.php\/wp-json\/wp\/v2\/product\/714156","targetHints":{"allow":["GET"]}}],"collection":[{"href":"https:\/\/roveyayinevi.com.tr\/index.php\/wp-json\/wp\/v2\/product"}],"about":[{"href":"https:\/\/roveyayinevi.com.tr\/index.php\/wp-json\/wp\/v2\/types\/product"}],"wp:attachment":[{"href":"https:\/\/roveyayinevi.com.tr\/index.php\/wp-json\/wp\/v2\/media?parent=714156"}],"wp:term":[{"taxonomy":"product_brand","embeddable":true,"href":"https:\/\/roveyayinevi.com.tr\/index.php\/wp-json\/wp\/v2\/product_brand?post=714156"},{"taxonomy":"product_cat","embeddable":true,"href":"https:\/\/roveyayinevi.com.tr\/index.php\/wp-json\/wp\/v2\/product_cat?post=714156"},{"taxonomy":"product_tag","embeddable":true,"href":"https:\/\/roveyayinevi.com.tr\/index.php\/wp-json\/wp\/v2\/product_tag?post=714156"}],"curies":[{"name":"wp","href":"https:\/\/api.w.org\/{rel}","templated":true}]}}