{"id":714152,"date":"2025-08-27T17:15:35","date_gmt":"2025-08-27T14:15:35","guid":{"rendered":"https:\/\/roveyayinevi.com.tr\/index.php\/urun\/kesifler-ve-kavrayislar\/"},"modified":"2026-04-12T02:26:45","modified_gmt":"2026-04-11T23:26:45","slug":"kesifler-ve-kavrayislar","status":"publish","type":"product","link":"https:\/\/roveyayinevi.com.tr\/index.php\/urun\/kesifler-ve-kavrayislar\/","title":{"rendered":"Ke\u015fifler ve Kavray\u0131\u015flar"},"content":{"rendered":"<p>\u201c\u2026\u00c7e\u015fitli g\u00fc\u00e7ler vard\u0131r\u2026 Bunlara siddhi dersiniz, \u00f6yle de\u011fil mi? Bunlar\u0131n g\u00fcne\u015f alt\u0131nda yak\u0131lm\u0131\u015f mumlara benzedi\u011fini biliyor muydunuz? G\u00fcne\u015fin olmad\u0131\u011f\u0131 yerde karanl\u0131k vard\u0131r, b\u00f6yle durumlarda mum ve onun \u0131\u015f\u0131\u011f\u0131 b\u00fcy\u00fck \u00f6nem ta\u015f\u0131r. Ama bir yerde g\u00fcne\u015f, \u0131\u015f\u0131k, g\u00fczellik, berrakl\u0131k varsa bu g\u00fc\u00e7lerin veya siddhilerin t\u00fcm\u00fc \u2013\u00e7e\u015fitli enerji merkezleri, \u00e7akralar veya kundalininin geli\u015ftirilmesi gibi bir s\u00fcr\u00fc \u015fey\u2013 mum \u0131\u015f\u0131\u011f\u0131na benzer; hi\u00e7bir de\u011ferleri yoktur. O \u0131\u015f\u0131\u011fa sahipseniz, ba\u015fka hi\u00e7bir \u015feye ihtiya\u00e7 duymazs\u0131n\u0131z.\u201d \u2014 Jiddu Krishnamurti <\/p>\n","protected":false},"excerpt":{"rendered":"<p>\u201c\u2026\u00c7e\u015fitli g\u00fc\u00e7ler vard\u0131r\u2026 Bunlara siddhi dersiniz, \u00f6yle de\u011fil mi? Bunlar\u0131n g\u00fcne\u015f alt\u0131nda yak\u0131lm\u0131\u015f mumlara benzedi\u011fini biliyor muydunuz? G\u00fcne\u015fin olmad\u0131\u011f\u0131 yerde karanl\u0131k vard\u0131r, b\u00f6yle durumlarda mum ve<span class=\"excerpt-hellip\"> [\u2026]<\/span><\/p>\n","protected":false},"featured_media":0,"template":"","meta":{"_monsterinsights_skip_tracking":false,"_monsterinsights_sitenote_active":false,"_monsterinsights_sitenote_note":"","_monsterinsights_sitenote_category":0},"product_brand":[],"product_cat":[12364,12376],"product_tag":[],"class_list":{"0":"post-714152","1":"product","2":"type-product","3":"status-publish","5":"product_cat-genel-konular","6":"product_cat-kisisel-gelisim","7":"pa_cilt-ciltsiz","8":"pa_tur-kitap","9":"pa_yayinevi-ganj-yayinevi","10":"pa_yazar-jiddu-krishnamurti","12":"first","13":"instock","14":"sale","15":"shipping-taxable","16":"purchasable","17":"product-type-simple"},"_links":{"self":[{"href":"https:\/\/roveyayinevi.com.tr\/index.php\/wp-json\/wp\/v2\/product\/714152","targetHints":{"allow":["GET"]}}],"collection":[{"href":"https:\/\/roveyayinevi.com.tr\/index.php\/wp-json\/wp\/v2\/product"}],"about":[{"href":"https:\/\/roveyayinevi.com.tr\/index.php\/wp-json\/wp\/v2\/types\/product"}],"wp:attachment":[{"href":"https:\/\/roveyayinevi.com.tr\/index.php\/wp-json\/wp\/v2\/media?parent=714152"}],"wp:term":[{"taxonomy":"product_brand","embeddable":true,"href":"https:\/\/roveyayinevi.com.tr\/index.php\/wp-json\/wp\/v2\/product_brand?post=714152"},{"taxonomy":"product_cat","embeddable":true,"href":"https:\/\/roveyayinevi.com.tr\/index.php\/wp-json\/wp\/v2\/product_cat?post=714152"},{"taxonomy":"product_tag","embeddable":true,"href":"https:\/\/roveyayinevi.com.tr\/index.php\/wp-json\/wp\/v2\/product_tag?post=714152"}],"curies":[{"name":"wp","href":"https:\/\/api.w.org\/{rel}","templated":true}]}}