{"id":714151,"date":"2025-08-27T17:15:35","date_gmt":"2025-08-27T14:15:35","guid":{"rendered":"https:\/\/roveyayinevi.com.tr\/index.php\/urun\/yazdan-sonra-yalnizlik\/"},"modified":"2026-04-16T02:22:43","modified_gmt":"2026-04-15T23:22:43","slug":"yazdan-sonra-yalnizlik","status":"publish","type":"product","link":"https:\/\/roveyayinevi.com.tr\/index.php\/urun\/yazdan-sonra-yalnizlik\/","title":{"rendered":"Yazdan Sonra Yaln\u0131zl\u0131k"},"content":{"rendered":"<p>\u201cEy kendini temiz sanan su! Unutma ki dibe \u00e7\u00f6ken tortudad\u0131r ge\u00e7mi\u015fin.\u201d \u201cYazdan Sonra Yaln\u0131zl\u0131k\u201d daha \u00f6nce yay\u0131nlanm\u0131\u015f bir roman\u0131 bulunan Sinan \u00d6zt\u00fcrk\u2019\u00fcn ilk \u015fiir kitab\u0131d\u0131r. Sinan \u00d6zt\u00fcrk 1965 y\u0131l\u0131nda Trabzon\u2019da do\u011fdu. Uzun y\u0131llard\u0131r, y\u00fcksek \u00f6\u011frenim i\u00e7in gitti\u011fi Almanya\u2019da ya\u015f\u0131yor ve orada Almanya\u2019ya gelen yabanc\u0131lara, \u00f6\u011frenci ve akademisyenlere bu \u00fclkenin dilini, k\u00fclt\u00fcr\u00fcn\u00fc, hukuksal ve siyasal yap\u0131s\u0131n\u0131 ve yak\u0131n tarihini anlatmakla g\u00f6revli. <\/p>\n","protected":false},"excerpt":{"rendered":"<p>\u201cEy kendini temiz sanan su! Unutma ki dibe \u00e7\u00f6ken tortudad\u0131r ge\u00e7mi\u015fin.\u201d \u201cYazdan Sonra Yaln\u0131zl\u0131k\u201d daha \u00f6nce yay\u0131nlanm\u0131\u015f bir roman\u0131 bulunan Sinan \u00d6zt\u00fcrk\u2019\u00fcn ilk \u015fiir kitab\u0131d\u0131r. Sinan<span class=\"excerpt-hellip\"> [\u2026]<\/span><\/p>\n","protected":false},"featured_media":0,"template":"","meta":{"_monsterinsights_skip_tracking":false,"_monsterinsights_sitenote_active":false,"_monsterinsights_sitenote_note":"","_monsterinsights_sitenote_category":0},"product_brand":[],"product_cat":[12291,12509],"product_tag":[],"class_list":{"0":"post-714151","1":"product","2":"type-product","3":"status-publish","5":"product_cat-edebiyat","6":"product_cat-siir","7":"pa_cilt-ciltsiz","8":"pa_tur-kitap","9":"pa_yayinevi-kalkedon-yayincilik","10":"pa_yazar-sinan-ozturk","12":"first","13":"instock","14":"sale","15":"shipping-taxable","16":"purchasable","17":"product-type-simple"},"_links":{"self":[{"href":"https:\/\/roveyayinevi.com.tr\/index.php\/wp-json\/wp\/v2\/product\/714151","targetHints":{"allow":["GET"]}}],"collection":[{"href":"https:\/\/roveyayinevi.com.tr\/index.php\/wp-json\/wp\/v2\/product"}],"about":[{"href":"https:\/\/roveyayinevi.com.tr\/index.php\/wp-json\/wp\/v2\/types\/product"}],"wp:attachment":[{"href":"https:\/\/roveyayinevi.com.tr\/index.php\/wp-json\/wp\/v2\/media?parent=714151"}],"wp:term":[{"taxonomy":"product_brand","embeddable":true,"href":"https:\/\/roveyayinevi.com.tr\/index.php\/wp-json\/wp\/v2\/product_brand?post=714151"},{"taxonomy":"product_cat","embeddable":true,"href":"https:\/\/roveyayinevi.com.tr\/index.php\/wp-json\/wp\/v2\/product_cat?post=714151"},{"taxonomy":"product_tag","embeddable":true,"href":"https:\/\/roveyayinevi.com.tr\/index.php\/wp-json\/wp\/v2\/product_tag?post=714151"}],"curies":[{"name":"wp","href":"https:\/\/api.w.org\/{rel}","templated":true}]}}