{"id":714149,"date":"2025-08-27T17:15:34","date_gmt":"2025-08-27T14:15:34","guid":{"rendered":"https:\/\/roveyayinevi.com.tr\/index.php\/urun\/haz-ve-hiz-caginda-genc-olmak\/"},"modified":"2026-04-16T02:22:43","modified_gmt":"2026-04-15T23:22:43","slug":"haz-ve-hiz-caginda-genc-olmak","status":"publish","type":"product","link":"https:\/\/roveyayinevi.com.tr\/index.php\/urun\/haz-ve-hiz-caginda-genc-olmak\/","title":{"rendered":"Haz ve H\u0131z \u00c7a\u011f\u0131nda Gen\u00e7 Olmak"},"content":{"rendered":"<p>\u201cKe\u015fke\u201d demek, pi\u015fman olman\u0131n d\u0131\u015fa vurumu!Gen\u00e7ler! Ke\u015fke demek istemiyorsan\u0131z elinizdeki bu kitab\u0131 samimi bir dost gibi kucaklay\u0131p okuyun. O, sizi, i\u00e7ine d\u00fc\u015febilece\u011finiz sinsi tuzaklara kar\u015f\u0131 uyaracakt\u0131r. Bazen k\u00f6t\u00fcye do\u011fru ad\u0131m\u0131n\u0131 atar da bilmez insan. \u0130\u00e7ine d\u00fc\u015fer de, fark etmez. B\u00f6yle durumlarda nerede ve nas\u0131l oldu\u011funuzu d\u0131\u015far\u0131dan bir g\u00f6zle tan\u0131mlar size.Bu kitap, bir gen\u00e7 dostudur!Elinizi uzatt\u0131\u011f\u0131n\u0131zda yan\u0131 ba\u015f\u0131n\u0131zda bulabilece\u011finiz bir dert orta\u011f\u0131. D\u00f6n\u00fclmez san\u0131lan hatalardan birlikte d\u00f6nersiniz, birlikte silkelenir kendinize gelirsiniz. Okuduk\u00e7a kim oldu\u011funuzu fark edersiniz!\u201cBunu neden yap\u0131yorum?\u201d sorusuna cevap bulur, bazen gereksiz al\u0131\u015fveri\u015flerinden bazen ba\u015f\u0131bo\u015f internetten bazen de seni g\u00fcnaha s\u00fcr\u00fckleyen \u015feylerden vazge\u00e7ersin. Hayat\u0131na anlam ve bereket gelir.Akl\u0131 ba\u015f\u0131nda, iman\u0131 kalbinde, kim oldu\u011funu bilen, kararl\u0131 ve enerjik bir gen\u00e7 olarak\u2013i\u00e7i bo\u015f, hatta tehlikeli zihniyetlerin tuzaklar\u0131na d\u00fc\u015fmeden\u2013hayat\u0131n\u0131 s\u00fcrd\u00fcrmek istiyorsan, bu kitab\u0131 oku ve arkada\u015f\u0131na okut. Uyan\u0131k ol, uyuyanlar\u0131 uyand\u0131r!Senin ve kimli\u011finin kar\u015f\u0131s\u0131nda duranlar\u0131 iyi tan\u0131! D\u00fc\u015fman\u0131n\u0131 tan\u0131rsan gard\u0131n\u0131 do\u011fru al\u0131rs\u0131n. <\/p>\n","protected":false},"excerpt":{"rendered":"<p>\u201cKe\u015fke\u201d demek, pi\u015fman olman\u0131n d\u0131\u015fa vurumu!Gen\u00e7ler! Ke\u015fke demek istemiyorsan\u0131z elinizdeki bu kitab\u0131 samimi bir dost gibi kucaklay\u0131p okuyun. O, sizi, i\u00e7ine d\u00fc\u015febilece\u011finiz sinsi tuzaklara kar\u015f\u0131 uyaracakt\u0131r.<span class=\"excerpt-hellip\"> [\u2026]<\/span><\/p>\n","protected":false},"featured_media":0,"template":"","meta":{"_monsterinsights_skip_tracking":false,"_monsterinsights_sitenote_active":false,"_monsterinsights_sitenote_note":"","_monsterinsights_sitenote_category":0},"product_brand":[],"product_cat":[12831,12324],"product_tag":[],"class_list":{"0":"post-714149","1":"product","2":"type-product","3":"status-publish","5":"product_cat-aile-ve-cocuk","6":"product_cat-sosyoloji","7":"pa_cilt-ciltsiz","8":"pa_tur-kitap","9":"pa_yayinevi-nesil-yayinlari","10":"pa_yazar-aysegul-akakus-akgun","12":"first","13":"instock","14":"sale","15":"shipping-taxable","16":"purchasable","17":"product-type-simple"},"_links":{"self":[{"href":"https:\/\/roveyayinevi.com.tr\/index.php\/wp-json\/wp\/v2\/product\/714149","targetHints":{"allow":["GET"]}}],"collection":[{"href":"https:\/\/roveyayinevi.com.tr\/index.php\/wp-json\/wp\/v2\/product"}],"about":[{"href":"https:\/\/roveyayinevi.com.tr\/index.php\/wp-json\/wp\/v2\/types\/product"}],"wp:attachment":[{"href":"https:\/\/roveyayinevi.com.tr\/index.php\/wp-json\/wp\/v2\/media?parent=714149"}],"wp:term":[{"taxonomy":"product_brand","embeddable":true,"href":"https:\/\/roveyayinevi.com.tr\/index.php\/wp-json\/wp\/v2\/product_brand?post=714149"},{"taxonomy":"product_cat","embeddable":true,"href":"https:\/\/roveyayinevi.com.tr\/index.php\/wp-json\/wp\/v2\/product_cat?post=714149"},{"taxonomy":"product_tag","embeddable":true,"href":"https:\/\/roveyayinevi.com.tr\/index.php\/wp-json\/wp\/v2\/product_tag?post=714149"}],"curies":[{"name":"wp","href":"https:\/\/api.w.org\/{rel}","templated":true}]}}