{"id":714148,"date":"2025-08-27T17:15:33","date_gmt":"2025-08-27T14:15:33","guid":{"rendered":"https:\/\/roveyayinevi.com.tr\/index.php\/urun\/efendimizin-sutannesi-hz-halime\/"},"modified":"2026-04-16T02:22:43","modified_gmt":"2026-04-15T23:22:43","slug":"efendimizin-sutannesi-hz-halime","status":"publish","type":"product","link":"https:\/\/roveyayinevi.com.tr\/index.php\/urun\/efendimizin-sutannesi-hz-halime\/","title":{"rendered":"Efendimizin S\u00fctannesi Hz. Halime"},"content":{"rendered":"<p>Halime&#8230;\u015eefkat abidesi, hasret yorgunu Halime&#8230;Doyamad\u0131&#8230; Duyulur muydu en sevilene? \u201cYeter\u201d denilir miydi sevdi\u011finin yan\u0131ndayken ge\u00e7ip giden zamana?Sevgi dolu, \u015fefkatli; Emanet\u2019inin \u00fczerine a\u015fkla titreyen bir anne&#8230;S\u00fctannelerin en hay\u0131rl\u0131s\u0131&#8230;Asr-\u0131 Saadet\u2019in ayak seslerini duyabilece\u011finiz bir fedakarl\u0131k, hasret ve sahipleni\u015f roman\u0131.Serg\u00fcl Vural, ak\u0131c\u0131 ve \u015fiirsel \u00fcslubuyla ilk\u2019leri sevenlere, karanl\u0131k gecelerde Y\u0131ld\u0131z\u2019lar\u0131n izlerini s\u00fcrenlere  do\u011fumundan \u00f6l\u00fcm\u00fcne kadar anlat\u0131yor Hz. Halime\u2019nin hayat\u0131n\u0131.Bu kitapta Efendimiz\u2019in s\u00fctannesi Hz. Halime\u2019nin hayat\u0131n\u0131, ilk defa a\u015fk dolu bir iklimde okumakla kalmayacak, adeta olaylar\u0131n i\u00e7inde ya\u015fayacaks\u0131n\u0131z.Ve \u015fimdi Saadet G\u00fcne\u015fi\u2019nin do\u011fdu\u011fu g\u00fcnlere, \u00e7\u00f6l\u00fcn sinesine gitme vakti&#8230;\u015eimdi Hz. Halime\u2019nin hayat\u0131na \u015fahitlik etme vakti&#8230;\u015eimdi \u201cHalime\u201d olma vakti&#8230; <\/p>\n","protected":false},"excerpt":{"rendered":"<p>Halime&#8230;\u015eefkat abidesi, hasret yorgunu Halime&#8230;Doyamad\u0131&#8230; Duyulur muydu en sevilene? \u201cYeter\u201d denilir miydi sevdi\u011finin yan\u0131ndayken ge\u00e7ip giden zamana?Sevgi dolu, \u015fefkatli; Emanet\u2019inin \u00fczerine a\u015fkla titreyen bir anne&#8230;S\u00fctannelerin en<span class=\"excerpt-hellip\"> [\u2026]<\/span><\/p>\n","protected":false},"featured_media":0,"template":"","meta":{"_monsterinsights_skip_tracking":false,"_monsterinsights_sitenote_active":false,"_monsterinsights_sitenote_note":"","_monsterinsights_sitenote_category":0},"product_brand":[],"product_cat":[12718,12719],"product_tag":[],"class_list":{"0":"post-714148","1":"product","2":"type-product","3":"status-publish","5":"product_cat-din","6":"product_cat-islam","7":"pa_cilt-ciltsiz","8":"pa_tur-kitap","9":"pa_yayinevi-nesil-yayinlari","10":"pa_yazar-sergul-vural","12":"first","13":"instock","14":"sale","15":"shipping-taxable","16":"purchasable","17":"product-type-simple"},"_links":{"self":[{"href":"https:\/\/roveyayinevi.com.tr\/index.php\/wp-json\/wp\/v2\/product\/714148","targetHints":{"allow":["GET"]}}],"collection":[{"href":"https:\/\/roveyayinevi.com.tr\/index.php\/wp-json\/wp\/v2\/product"}],"about":[{"href":"https:\/\/roveyayinevi.com.tr\/index.php\/wp-json\/wp\/v2\/types\/product"}],"wp:attachment":[{"href":"https:\/\/roveyayinevi.com.tr\/index.php\/wp-json\/wp\/v2\/media?parent=714148"}],"wp:term":[{"taxonomy":"product_brand","embeddable":true,"href":"https:\/\/roveyayinevi.com.tr\/index.php\/wp-json\/wp\/v2\/product_brand?post=714148"},{"taxonomy":"product_cat","embeddable":true,"href":"https:\/\/roveyayinevi.com.tr\/index.php\/wp-json\/wp\/v2\/product_cat?post=714148"},{"taxonomy":"product_tag","embeddable":true,"href":"https:\/\/roveyayinevi.com.tr\/index.php\/wp-json\/wp\/v2\/product_tag?post=714148"}],"curies":[{"name":"wp","href":"https:\/\/api.w.org\/{rel}","templated":true}]}}