{"id":714146,"date":"2025-08-27T17:15:32","date_gmt":"2025-08-27T14:15:32","guid":{"rendered":"https:\/\/roveyayinevi.com.tr\/index.php\/urun\/ilk-isirikta-ask-ziyafet-sanati\/"},"modified":"2026-04-16T02:22:43","modified_gmt":"2026-04-15T23:22:43","slug":"ilk-isirikta-ask-ziyafet-sanati","status":"publish","type":"product","link":"https:\/\/roveyayinevi.com.tr\/index.php\/urun\/ilk-isirikta-ask-ziyafet-sanati\/","title":{"rendered":"\u0130lk Is\u0131r\u0131kta A\u015fk \u2013 Ziyafet Sanat\u0131"},"content":{"rendered":"<p>\u201cBilin ki onlarca kez elimi yakt\u0131m s\u0131cak tepsilerle. F\u0131r\u0131n\u0131n kar\u015f\u0131s\u0131na ge\u00e7ip 200 \u00baC\u2019de 45 dakika boyunca \u2018L\u00fctfen kabar, l\u00fctfen, l\u00fctfen!\u2019 diye say\u0131klad\u0131m ka\u00e7 defa. Una bulanm\u0131\u015f y\u00fcz\u00fcmle, g\u00f6z\u00fcmden akan bir damla ya\u015fla mutfa\u011f\u0131n ortas\u0131na \u00e7\u00f6k\u00fcp \u00f6ylece kald\u0131\u011f\u0131m da oldu, yemeklerim \u00e7ok be\u011fenilince sevin\u00e7ten a\u011flad\u0131\u011f\u0131m da\u2026\u201d \u00d6n\u00fcn\u00fcze bir d\u00fcnya haritas\u0131 a\u00e7\u0131n, g\u00f6zlerinizi kapat\u0131n ve parma\u011f\u0131n\u0131z\u0131 rastgele dola\u015ft\u0131r\u0131p, diledi\u011finiz bir yerde durdurun. Oras\u0131 her neresi olursa olsun Aynaz\u2019\u0131n size anlataca\u011f\u0131 bir hikayesi, verece\u011fi enfes bir tarifi, sofran\u0131z\u0131 ziyafete d\u00f6n\u00fc\u015ft\u00fcrece\u011fi tavsiyeleri var! Uzakdo\u011fu\u2019dan Fas\u2019a, Teksas\u2019tan \u0130talya\u2019ya a\u011fz\u0131n\u0131z\u0131 suland\u0131racak bir lezzet yolculu\u011funa haz\u0131r olun. Bu kitab\u0131 edinmenizin ard\u0131ndan denizin ortas\u0131nda bile olsan\u0131z biraz bal\u0131k, biraz yosunla harikalar yaratacaks\u0131n\u0131z! Bundan b\u00f6yle sadece yemeklerinizin tad\u0131 de\u011fil sofran\u0131z\u0131n g\u00fczelli\u011fi de dillere destan olacak. Aynaz, al\u0131\u015fkanl\u0131klar\u0131n\u0131z\u0131 de\u011fi\u015ftirmeye, yeniliklere yelken a\u00e7man\u0131z\u0131 sa\u011flamaya, i\u00e7inizdeki yarat\u0131c\u0131l\u0131\u011f\u0131 ortaya \u00e7\u0131karman\u0131za yard\u0131mc\u0131 olmaya geliyor. F\u0131r\u0131n\u0131n\u0131z\u0131 \u0131s\u0131t\u0131n, \u00f6l\u00e7\u00fc bardaklar\u0131n\u0131z\u0131 haz\u0131rlay\u0131n, y\u0131llard\u0131r vitrininizde duran o \u015fahane tak\u0131mlar\u0131 kurtar\u0131n tozlu raflardan\u2026 Art\u0131k, Aynaz var! * * * \u201cG\u00fczel bir yeme\u011fi, \u015f\u0131k bir sofrada yemek hepimizin hakk\u0131 ve bunu hepimiz yapabiliriz. Ben yapt\u0131m, siz de yapacaks\u0131n\u0131z biliyorum. Mutfa\u011f\u0131ma, soframa, yolculu\u011fuma ho\u015f geldiniz! Afiyet olsun!\u201d <\/p>\n","protected":false},"excerpt":{"rendered":"<p>\u201cBilin ki onlarca kez elimi yakt\u0131m s\u0131cak tepsilerle. F\u0131r\u0131n\u0131n kar\u015f\u0131s\u0131na ge\u00e7ip 200 \u00baC\u2019de 45 dakika boyunca \u2018L\u00fctfen kabar, l\u00fctfen, l\u00fctfen!\u2019 diye say\u0131klad\u0131m ka\u00e7 defa. Una bulanm\u0131\u015f<span class=\"excerpt-hellip\"> [\u2026]<\/span><\/p>\n","protected":false},"featured_media":0,"template":"","meta":{"_monsterinsights_skip_tracking":false,"_monsterinsights_sitenote_active":false,"_monsterinsights_sitenote_note":"","_monsterinsights_sitenote_category":0},"product_brand":[],"product_cat":[12458,12457],"product_tag":[],"class_list":{"0":"post-714146","1":"product","2":"type-product","3":"status-publish","5":"product_cat-turk-mutfagi","6":"product_cat-yemek-kitaplari","7":"pa_cilt-ciltli","8":"pa_tur-kitap","9":"pa_yayinevi-okuyan-us-yayin","10":"pa_yazar-aynaz-ozkasikci","12":"first","13":"instock","14":"sale","15":"shipping-taxable","16":"purchasable","17":"product-type-simple"},"_links":{"self":[{"href":"https:\/\/roveyayinevi.com.tr\/index.php\/wp-json\/wp\/v2\/product\/714146","targetHints":{"allow":["GET"]}}],"collection":[{"href":"https:\/\/roveyayinevi.com.tr\/index.php\/wp-json\/wp\/v2\/product"}],"about":[{"href":"https:\/\/roveyayinevi.com.tr\/index.php\/wp-json\/wp\/v2\/types\/product"}],"wp:attachment":[{"href":"https:\/\/roveyayinevi.com.tr\/index.php\/wp-json\/wp\/v2\/media?parent=714146"}],"wp:term":[{"taxonomy":"product_brand","embeddable":true,"href":"https:\/\/roveyayinevi.com.tr\/index.php\/wp-json\/wp\/v2\/product_brand?post=714146"},{"taxonomy":"product_cat","embeddable":true,"href":"https:\/\/roveyayinevi.com.tr\/index.php\/wp-json\/wp\/v2\/product_cat?post=714146"},{"taxonomy":"product_tag","embeddable":true,"href":"https:\/\/roveyayinevi.com.tr\/index.php\/wp-json\/wp\/v2\/product_tag?post=714146"}],"curies":[{"name":"wp","href":"https:\/\/api.w.org\/{rel}","templated":true}]}}