{"id":714145,"date":"2025-08-27T17:15:31","date_gmt":"2025-08-27T14:15:31","guid":{"rendered":"https:\/\/roveyayinevi.com.tr\/index.php\/urun\/yeniden-baslamanin-gizemli-gucu\/"},"modified":"2026-04-16T02:22:43","modified_gmt":"2026-04-15T23:22:43","slug":"yeniden-baslamanin-gizemli-gucu","status":"publish","type":"product","link":"https:\/\/roveyayinevi.com.tr\/index.php\/urun\/yeniden-baslamanin-gizemli-gucu\/","title":{"rendered":"Yeniden Ba\u015flaman\u0131n Gizemli G\u00fcc\u00fc"},"content":{"rendered":"<p>Do\u011fruluk size  asla ihanet etmez, kendini kand\u0131rmak kendine ihanet etmektir. Guy Finley \/ Vazge\u00e7ebilmek Havada duran u\u00e7urtma u\u00e7tu\u011funu san\u0131r. Oysa onu yere ba\u011flayan incecik bir iptir. U\u00e7urtman\u0131n kaderinde y\u00fckselmek vard\u0131r ama tek \u015fartla: \u0130P\u0130N\u0130 KOPARIRSA. Sizi tutan ipleriniz neler? Neyin su\u00e7lulu\u011funu duyuyorsunuz? \u0130steyip de elde edemedi\u011finiz ne? Her \u015feye yeniden ba\u015flayabilmek m\u00fcmk\u00fcn m\u00fc? Kay\u0131plara, ac\u0131ya, hayal k\u0131r\u0131kl\u0131\u011f\u0131na ve onca umutsuzlu\u011fa ra\u011fmen yeniden ba\u015flayabilir miyiz? Bitti denilen yerden yeni ba\u015flang\u0131\u00e7lar yaratabilir miyiz? Yeniden yola \u00e7\u0131kmak m\u00fcmk\u00fcn m\u00fc? Peki ama nas\u0131l? E\u011fer yorulduysan\u0131z, nefesiniz t\u00fckendiyse hayat yolculu\u011funda derin bir nefes al\u0131n, hayat\u0131n\u0131za yeni bir ba\u015flang\u0131\u00e7 yapmak i\u00e7in \u015funlar\u0131 s\u00f6yleyin: \u201cT\u00fcm olduramad\u0131klar\u0131m\u0131, beni yoranlar\u0131, aya\u011f\u0131ma zincir vuranlar\u0131, ba\u015far\u0131m\u0131 engelleyenleri, sevgimi hak etmeyenleri geride b\u0131rak\u0131yorum. Manas\u0131 olmayan sava\u015flar\u0131, beni geri \u00e7ekenleri, yorgun d\u00fc\u015f\u00fcrenleri, enerjimi t\u00fcketenleri ve g\u00f6z\u00fcm\u00fc perdeleyen ne varsa hepsini b\u0131rak\u0131yorum. Art\u0131k bedenimi ve zihnimi h\u0131rpalamak istemiyorum. Bir a\u011fa\u00e7 gibi huzurlu ve sakin hissetmek istiyorum. \u00d6zg\u00fcrle\u015fmek, bir ku\u015fun kanad\u0131 gibi hafiflemek istiyorum. \u00d6zg\u00fcr bir u\u00e7urtma gibi y\u00fckselmeyi istiyorum. VE YEN\u0130DEN BA\u015eLIYORUM!\u201d <\/p>\n","protected":false},"excerpt":{"rendered":"<p>Do\u011fruluk size asla ihanet etmez, kendini kand\u0131rmak kendine ihanet etmektir. Guy Finley \/ Vazge\u00e7ebilmek Havada duran u\u00e7urtma u\u00e7tu\u011funu san\u0131r. Oysa onu yere ba\u011flayan incecik bir iptir.<span class=\"excerpt-hellip\"> [\u2026]<\/span><\/p>\n","protected":false},"featured_media":0,"template":"","meta":{"_monsterinsights_skip_tracking":false,"_monsterinsights_sitenote_active":false,"_monsterinsights_sitenote_note":"","_monsterinsights_sitenote_category":0},"product_brand":[],"product_cat":[12364,12376],"product_tag":[],"class_list":{"0":"post-714145","1":"product","2":"type-product","3":"status-publish","5":"product_cat-genel-konular","6":"product_cat-kisisel-gelisim","7":"pa_cilt-ciltsiz","8":"pa_tur-kitap","9":"pa_yayinevi-destek-yayinlari","10":"pa_yazar-nuray-sayari","12":"first","13":"instock","14":"sale","15":"shipping-taxable","16":"purchasable","17":"product-type-simple"},"_links":{"self":[{"href":"https:\/\/roveyayinevi.com.tr\/index.php\/wp-json\/wp\/v2\/product\/714145","targetHints":{"allow":["GET"]}}],"collection":[{"href":"https:\/\/roveyayinevi.com.tr\/index.php\/wp-json\/wp\/v2\/product"}],"about":[{"href":"https:\/\/roveyayinevi.com.tr\/index.php\/wp-json\/wp\/v2\/types\/product"}],"wp:attachment":[{"href":"https:\/\/roveyayinevi.com.tr\/index.php\/wp-json\/wp\/v2\/media?parent=714145"}],"wp:term":[{"taxonomy":"product_brand","embeddable":true,"href":"https:\/\/roveyayinevi.com.tr\/index.php\/wp-json\/wp\/v2\/product_brand?post=714145"},{"taxonomy":"product_cat","embeddable":true,"href":"https:\/\/roveyayinevi.com.tr\/index.php\/wp-json\/wp\/v2\/product_cat?post=714145"},{"taxonomy":"product_tag","embeddable":true,"href":"https:\/\/roveyayinevi.com.tr\/index.php\/wp-json\/wp\/v2\/product_tag?post=714145"}],"curies":[{"name":"wp","href":"https:\/\/api.w.org\/{rel}","templated":true}]}}