{"id":714144,"date":"2025-08-27T17:15:31","date_gmt":"2025-08-27T14:15:31","guid":{"rendered":"https:\/\/roveyayinevi.com.tr\/index.php\/urun\/koy-enstituleri-dosyasi\/"},"modified":"2026-04-16T02:22:43","modified_gmt":"2026-04-15T23:22:43","slug":"koy-enstituleri-dosyasi","status":"publish","type":"product","link":"https:\/\/roveyayinevi.com.tr\/index.php\/urun\/koy-enstituleri-dosyasi\/","title":{"rendered":"K\u00f6y Enstit\u00fcleri Dosyas\u0131"},"content":{"rendered":"<p>K\u00f6y Enstit\u00fclerinin Kurulu\u015fu K\u00f6y Enstit\u00fcleri B\u00fcnyesinde \u201cYa\u015fayarak ve \u00dcreterek\u201d E\u011fitim K\u00f6y Enstit\u00fclerinde Tiyatro K\u00f6y Enstit\u00fclerinde M\u00fczik K\u00f6y Enstit\u00fclerinde Tarih \u00d6\u011fretimi K\u00f6y Enstit\u00fclerinde K\u0131zlar\u0131n E\u011fitimi K\u00f6y Enstit\u00fclerinin Kapat\u0131lmas\u0131 K\u00f6y Enstit\u00fclerinin T\u00fcrkiye\u2019nin Kalk\u0131nmas\u0131ndaki Etkisi H\u00fcmanist Bir Ayd\u0131nlanmac\u0131: Hasan \u00c2li Y\u00fccel Bir Ayd\u0131nlanma Neferi: \u0130smail Hakk\u0131 Tongu\u00e7 K\u00f6y Enstit\u00fclerimizden Mezun D\u00f6rt B\u00fcy\u00fck Yazar K\u00f6y Enstit\u00fcs\u00fc Mezunlar\u0131n\u0131n An\u0131lar\u0131 K\u00f6y Enstit\u00fclerinin Yurti\u00e7inde Yank\u0131lar\u0131 K\u00f6y Enstit\u00fclerinin Yurtd\u0131\u015f\u0131nda Yank\u0131lar\u0131 K\u00f6y Enstit\u00fclerinden Foto\u011fraflar  <\/p>\n","protected":false},"excerpt":{"rendered":"<p>K\u00f6y Enstit\u00fclerinin Kurulu\u015fu K\u00f6y Enstit\u00fcleri B\u00fcnyesinde \u201cYa\u015fayarak ve \u00dcreterek\u201d E\u011fitim K\u00f6y Enstit\u00fclerinde Tiyatro K\u00f6y Enstit\u00fclerinde M\u00fczik K\u00f6y Enstit\u00fclerinde Tarih \u00d6\u011fretimi K\u00f6y Enstit\u00fclerinde K\u0131zlar\u0131n E\u011fitimi K\u00f6y Enstit\u00fclerinin<span class=\"excerpt-hellip\"> [\u2026]<\/span><\/p>\n","protected":false},"featured_media":0,"template":"","meta":{"_monsterinsights_skip_tracking":false,"_monsterinsights_sitenote_active":false,"_monsterinsights_sitenote_note":"","_monsterinsights_sitenote_category":0},"product_brand":[],"product_cat":[13072,12291],"product_tag":[],"class_list":{"0":"post-714144","1":"product","2":"type-product","3":"status-publish","5":"product_cat-arastirma-inceleme-referans","6":"product_cat-edebiyat","7":"pa_cilt-ciltsiz","8":"pa_tur-kitap","9":"pa_yayinevi-destek-yayinlari","10":"pa_yazar-ahmet-ozgur-turen","12":"first","13":"instock","14":"sale","15":"shipping-taxable","16":"purchasable","17":"product-type-simple"},"_links":{"self":[{"href":"https:\/\/roveyayinevi.com.tr\/index.php\/wp-json\/wp\/v2\/product\/714144","targetHints":{"allow":["GET"]}}],"collection":[{"href":"https:\/\/roveyayinevi.com.tr\/index.php\/wp-json\/wp\/v2\/product"}],"about":[{"href":"https:\/\/roveyayinevi.com.tr\/index.php\/wp-json\/wp\/v2\/types\/product"}],"wp:attachment":[{"href":"https:\/\/roveyayinevi.com.tr\/index.php\/wp-json\/wp\/v2\/media?parent=714144"}],"wp:term":[{"taxonomy":"product_brand","embeddable":true,"href":"https:\/\/roveyayinevi.com.tr\/index.php\/wp-json\/wp\/v2\/product_brand?post=714144"},{"taxonomy":"product_cat","embeddable":true,"href":"https:\/\/roveyayinevi.com.tr\/index.php\/wp-json\/wp\/v2\/product_cat?post=714144"},{"taxonomy":"product_tag","embeddable":true,"href":"https:\/\/roveyayinevi.com.tr\/index.php\/wp-json\/wp\/v2\/product_tag?post=714144"}],"curies":[{"name":"wp","href":"https:\/\/api.w.org\/{rel}","templated":true}]}}