{"id":714143,"date":"2025-08-27T17:15:30","date_gmt":"2025-08-27T14:15:30","guid":{"rendered":"https:\/\/roveyayinevi.com.tr\/index.php\/urun\/dun-gelir-gun-bittiginde\/"},"modified":"2026-04-16T02:22:43","modified_gmt":"2026-04-15T23:22:43","slug":"dun-gelir-gun-bittiginde","status":"publish","type":"product","link":"https:\/\/roveyayinevi.com.tr\/index.php\/urun\/dun-gelir-gun-bittiginde\/","title":{"rendered":"D\u00fcn Gelir G\u00fcn Bitti\u011finde"},"content":{"rendered":"<p>Ne \u00e7ok \u015fey \u00f6\u011fretir hayat. En \u00e7ok da direnmeyi. Sonra kimseye \u00e7ok da g\u00fcvenmemeyi. \u00d6yle her s\u0131fat\u0131 herkese hemen vermemen gerekti\u011fini. Kalabal\u0131\u011f\u0131n g\u00fczelli\u011fini&#8230; Yaln\u0131zl\u0131\u011f\u0131n g\u00fcc\u00fcn\u00fc&#8230; Kendi g\u00fcc\u00fcn\u00fc ke\u015ffetmenin en b\u00fcy\u00fck mutluluk oldu\u011funu. Ama en \u00e7ok da herkese \u201chi\u00e7 kimse\u201d olarak bakabilmeyi. Baz\u0131 mevsimlerde g\u00fcne\u015f var diye aldanmay\u0131p, yan\u0131na bir \u015fey alman\u0131n gereklili\u011fini. Yani ihtimalleri. Hayatta her \u015feyin m\u00fcmk\u00fcnl\u00fc\u011f\u00fcn\u00fc. Hik\u00e2yede Dervi\u015f\u2019in dedi\u011fi gibi: \u201cBu da ge\u00e7er yahu!\u201d diyebilmeyi&#8230; <\/p>\n","protected":false},"excerpt":{"rendered":"<p>Ne \u00e7ok \u015fey \u00f6\u011fretir hayat. En \u00e7ok da direnmeyi. Sonra kimseye \u00e7ok da g\u00fcvenmemeyi. \u00d6yle her s\u0131fat\u0131 herkese hemen vermemen gerekti\u011fini. Kalabal\u0131\u011f\u0131n g\u00fczelli\u011fini&#8230; Yaln\u0131zl\u0131\u011f\u0131n g\u00fcc\u00fcn\u00fc&#8230; Kendi<span class=\"excerpt-hellip\"> [\u2026]<\/span><\/p>\n","protected":false},"featured_media":0,"template":"","meta":{"_monsterinsights_skip_tracking":false,"_monsterinsights_sitenote_active":false,"_monsterinsights_sitenote_note":"","_monsterinsights_sitenote_category":0},"product_brand":[],"product_cat":[12777,12291],"product_tag":[],"class_list":{"0":"post-714143","1":"product","2":"type-product","3":"status-publish","5":"product_cat-deneme","6":"product_cat-edebiyat","7":"pa_cilt-ciltsiz","8":"pa_tur-kitap","9":"pa_yayinevi-destek-yayinlari","10":"pa_yazar-nabi-resuloglu","12":"first","13":"instock","14":"sale","15":"shipping-taxable","16":"purchasable","17":"product-type-simple"},"_links":{"self":[{"href":"https:\/\/roveyayinevi.com.tr\/index.php\/wp-json\/wp\/v2\/product\/714143","targetHints":{"allow":["GET"]}}],"collection":[{"href":"https:\/\/roveyayinevi.com.tr\/index.php\/wp-json\/wp\/v2\/product"}],"about":[{"href":"https:\/\/roveyayinevi.com.tr\/index.php\/wp-json\/wp\/v2\/types\/product"}],"wp:attachment":[{"href":"https:\/\/roveyayinevi.com.tr\/index.php\/wp-json\/wp\/v2\/media?parent=714143"}],"wp:term":[{"taxonomy":"product_brand","embeddable":true,"href":"https:\/\/roveyayinevi.com.tr\/index.php\/wp-json\/wp\/v2\/product_brand?post=714143"},{"taxonomy":"product_cat","embeddable":true,"href":"https:\/\/roveyayinevi.com.tr\/index.php\/wp-json\/wp\/v2\/product_cat?post=714143"},{"taxonomy":"product_tag","embeddable":true,"href":"https:\/\/roveyayinevi.com.tr\/index.php\/wp-json\/wp\/v2\/product_tag?post=714143"}],"curies":[{"name":"wp","href":"https:\/\/api.w.org\/{rel}","templated":true}]}}