{"id":714142,"date":"2025-08-27T17:15:30","date_gmt":"2025-08-27T14:15:30","guid":{"rendered":"https:\/\/roveyayinevi.com.tr\/index.php\/urun\/mezopotamya-ve-misir-paganizmi\/"},"modified":"2026-04-16T02:22:43","modified_gmt":"2026-04-15T23:22:43","slug":"mezopotamya-ve-misir-paganizmi","status":"publish","type":"product","link":"https:\/\/roveyayinevi.com.tr\/index.php\/urun\/mezopotamya-ve-misir-paganizmi\/","title":{"rendered":"Mezopotamya ve M\u0131s\u0131r Paganizmi"},"content":{"rendered":"<p>Televizyondan ve sosyal medyadan s\u00fcrekli payla\u015ft\u0131\u011f\u0131m\u0131z gibi, d\u00fcnya siyasetini anlamak i\u00e7in, di\u011fer disiplinlerin yan\u0131 s\u0131ra ezoterizmi, paganizmi ve dinler tarihini \u00e7ok iyi bilmek gerekmektedir. Mezopotamya ve M\u0131s\u0131r paganizmini anlamak, hem insanl\u0131\u011f\u0131n ilk zamanlar\u0131ndan gelen kadim dilini ve bilgeli\u011fini \u00f6\u011frenmek hem de siyaseti y\u00f6neten sapk\u0131n inan\u00e7l\u0131lar\u0131n bunlardan nas\u0131l etkilendi\u011fini bilmek i\u00e7in \u00f6nemlidir. Bu kitapta konu hakk\u0131nda akademik ara\u015ft\u0131rma yapanlardan amat\u00f6r ara\u015ft\u0131rmac\u0131lara kadar herkese faydal\u0131 olmas\u0131n\u0131 umdu\u011fumuz bir\u00e7ok \u00f6nemli bilgiyi bulacaks\u0131n\u0131z. S\u0131radan mitoloji kitaplar\u0131n\u0131n d\u0131\u015f\u0131nda, paganizm ba\u011flam\u0131nda, Mezopotamya ve M\u0131s\u0131r inan\u00e7lar\u0131n\u0131 tan\u0131mak, rit\u00fcellerini \u00f6\u011frenmek ve g\u00fcn\u00fcm\u00fcze etkisini g\u00f6rmek i\u00e7in mutlaka okuyun diyoruz. <\/p>\n","protected":false},"excerpt":{"rendered":"<p>Televizyondan ve sosyal medyadan s\u00fcrekli payla\u015ft\u0131\u011f\u0131m\u0131z gibi, d\u00fcnya siyasetini anlamak i\u00e7in, di\u011fer disiplinlerin yan\u0131 s\u0131ra ezoterizmi, paganizmi ve dinler tarihini \u00e7ok iyi bilmek gerekmektedir. Mezopotamya ve<span class=\"excerpt-hellip\"> [\u2026]<\/span><\/p>\n","protected":false},"featured_media":0,"template":"","meta":{"_monsterinsights_skip_tracking":false,"_monsterinsights_sitenote_active":false,"_monsterinsights_sitenote_note":"","_monsterinsights_sitenote_category":0},"product_brand":[],"product_cat":[12370,12304],"product_tag":[],"class_list":{"0":"post-714142","1":"product","2":"type-product","3":"status-publish","5":"product_cat-arastirma-inceleme","6":"product_cat-tarih","7":"pa_cilt-ciltsiz","8":"pa_tur-kitap","9":"pa_yayinevi-destek-yayinlari","10":"pa_yazar-erhan-altunay","12":"first","13":"instock","14":"sale","15":"shipping-taxable","16":"purchasable","17":"product-type-simple"},"_links":{"self":[{"href":"https:\/\/roveyayinevi.com.tr\/index.php\/wp-json\/wp\/v2\/product\/714142","targetHints":{"allow":["GET"]}}],"collection":[{"href":"https:\/\/roveyayinevi.com.tr\/index.php\/wp-json\/wp\/v2\/product"}],"about":[{"href":"https:\/\/roveyayinevi.com.tr\/index.php\/wp-json\/wp\/v2\/types\/product"}],"wp:attachment":[{"href":"https:\/\/roveyayinevi.com.tr\/index.php\/wp-json\/wp\/v2\/media?parent=714142"}],"wp:term":[{"taxonomy":"product_brand","embeddable":true,"href":"https:\/\/roveyayinevi.com.tr\/index.php\/wp-json\/wp\/v2\/product_brand?post=714142"},{"taxonomy":"product_cat","embeddable":true,"href":"https:\/\/roveyayinevi.com.tr\/index.php\/wp-json\/wp\/v2\/product_cat?post=714142"},{"taxonomy":"product_tag","embeddable":true,"href":"https:\/\/roveyayinevi.com.tr\/index.php\/wp-json\/wp\/v2\/product_tag?post=714142"}],"curies":[{"name":"wp","href":"https:\/\/api.w.org\/{rel}","templated":true}]}}