{"id":714141,"date":"2025-08-27T17:15:29","date_gmt":"2025-08-27T14:15:29","guid":{"rendered":"https:\/\/roveyayinevi.com.tr\/index.php\/urun\/devlet-ve-ihtilal\/"},"modified":"2026-04-16T02:22:43","modified_gmt":"2026-04-15T23:22:43","slug":"devlet-ve-ihtilal","status":"publish","type":"product","link":"https:\/\/roveyayinevi.com.tr\/index.php\/urun\/devlet-ve-ihtilal\/","title":{"rendered":"Devlet ve \u0130htilal"},"content":{"rendered":"<p>Devlet sorunu, g\u00fcn\u00fcm\u00fczde, teorik bak\u0131mdan olsun, siyasal ve pratik bak\u0131mdan olsun, \u00f6zel bir \u00f6nem kazan\u0131yor. Emperyalist sava\u015f, tekelci kapitalizmin tekelci devlet kapitalizmi durumuna d\u00f6n\u00fc\u015fme s\u00fcrecini b\u00fcy\u00fck \u00f6l\u00e7\u00fcde h\u0131zland\u0131r\u0131p yo\u011funla\u015ft\u0131rd\u0131. G\u00fc\u00e7l\u00fc kapitalist topluluklarla durmadan daha s\u0131k\u0131 bir bi\u00e7imde kayna\u015fan devletin \u00e7al\u0131\u015fan y\u0131\u011f\u0131nlar \u00fczerindeki korkun\u00e7 bask\u0131s\u0131, kendini git gide daha \u00e7ok g\u00f6steriyor. \ufffcTan\u0131t\u0131m Metni<\/p>\n","protected":false},"excerpt":{"rendered":"<p>Devlet sorunu, g\u00fcn\u00fcm\u00fczde, teorik bak\u0131mdan olsun, siyasal ve pratik bak\u0131mdan olsun, \u00f6zel bir \u00f6nem kazan\u0131yor. Emperyalist sava\u015f, tekelci kapitalizmin tekelci devlet kapitalizmi durumuna d\u00f6n\u00fc\u015fme s\u00fcrecini b\u00fcy\u00fck<span class=\"excerpt-hellip\"> [\u2026]<\/span><\/p>\n","protected":false},"featured_media":0,"template":"","meta":{"_monsterinsights_skip_tracking":false,"_monsterinsights_sitenote_active":false,"_monsterinsights_sitenote_note":"","_monsterinsights_sitenote_category":0},"product_brand":[],"product_cat":[12388,15536],"product_tag":[],"class_list":{"0":"post-714141","1":"product","2":"type-product","3":"status-publish","5":"product_cat-felsefe","6":"product_cat-siyaset-felsefesi","7":"pa_cilt-ciltsiz","8":"pa_tur-kitap","9":"pa_yayinevi-bilim-ve-sosyalizm-yayinlari","10":"pa_yazar-vladimir-ilyic-lenin","12":"first","13":"instock","14":"sale","15":"shipping-taxable","16":"purchasable","17":"product-type-simple"},"_links":{"self":[{"href":"https:\/\/roveyayinevi.com.tr\/index.php\/wp-json\/wp\/v2\/product\/714141","targetHints":{"allow":["GET"]}}],"collection":[{"href":"https:\/\/roveyayinevi.com.tr\/index.php\/wp-json\/wp\/v2\/product"}],"about":[{"href":"https:\/\/roveyayinevi.com.tr\/index.php\/wp-json\/wp\/v2\/types\/product"}],"wp:attachment":[{"href":"https:\/\/roveyayinevi.com.tr\/index.php\/wp-json\/wp\/v2\/media?parent=714141"}],"wp:term":[{"taxonomy":"product_brand","embeddable":true,"href":"https:\/\/roveyayinevi.com.tr\/index.php\/wp-json\/wp\/v2\/product_brand?post=714141"},{"taxonomy":"product_cat","embeddable":true,"href":"https:\/\/roveyayinevi.com.tr\/index.php\/wp-json\/wp\/v2\/product_cat?post=714141"},{"taxonomy":"product_tag","embeddable":true,"href":"https:\/\/roveyayinevi.com.tr\/index.php\/wp-json\/wp\/v2\/product_tag?post=714141"}],"curies":[{"name":"wp","href":"https:\/\/api.w.org\/{rel}","templated":true}]}}