{"id":714139,"date":"2025-08-27T17:15:28","date_gmt":"2025-08-27T14:15:28","guid":{"rendered":"https:\/\/roveyayinevi.com.tr\/index.php\/urun\/visne-mavisi\/"},"modified":"2026-04-16T02:22:43","modified_gmt":"2026-04-15T23:22:43","slug":"visne-mavisi","status":"publish","type":"product","link":"https:\/\/roveyayinevi.com.tr\/index.php\/urun\/visne-mavisi\/","title":{"rendered":"Vi\u015fne Mavisi"},"content":{"rendered":"<p>G\u00fcn boyu arkada\u015flar\u0131yla top s\u00fcr\u00fcyor, u\u00e7urtma u\u00e7uruyor, saklamba\u00e7 oynuyor Thui. Her ak\u015fam eve d\u00f6ner d\u00f6nmez de b\u00fcy\u00fckbabas\u0131yla dertle\u015fiyor har\u0131l har\u0131l. Neler anlatm\u0131yor ki? Mahalledeki di\u011fer \u00e7ocuklar kadar h\u0131zl\u0131 ko\u015famad\u0131\u011f\u0131n\u0131 s\u00f6yl\u00fcyor \u00f6rne\u011fin. Defalarca denese bile topu art arda sektiremedi\u011finden yak\u0131n\u0131yor. Ah, bir de \u0131sl\u0131k \u00e7alamamas\u0131 var dert etti\u011fi\u2026 Ba\u015far\u0131s\u0131zl\u0131\u011fa ve hayal k\u0131r\u0131kl\u0131klar\u0131na g\u00fclen g\u00f6zlerle bakmas\u0131n\u0131 bilen b\u00fcy\u00fckbabas\u0131, Thui\u2019nin en b\u00fcy\u00fck s\u0131rda\u015f\u0131. Herkesin yaln\u0131zca ba\u015far\u0131lar\u0131yla \u00f6v\u00fcnd\u00fc\u011f\u00fc bir d\u00fcnyada torununun mutlu ve \u00f6zg\u00fcr kalmas\u0131 i\u00e7in t\u00fcm gayreti. Bu nedenle \u00f6zenle serpi\u015ftiriyor c\u00fcmlelerine esprilerini ve d\u00fc\u015f\u00fcnmeyi sa\u011fl\u0131yor her sordu\u011fu soru. Thui\u2019nin i\u00e7ten kahkahalar\u0131na e\u015flik edece\u011finiz \u00f6yk\u00fc boyunca en yak\u0131n arkada\u015flar\u0131yla payla\u015ft\u0131\u011f\u0131 mutlulu\u011fa da tan\u0131k olacak, sat\u0131 r aralar\u0131nda nelerin \u00fcstesinden gelebildi\u011fini, g\u00fcn ge\u00e7tik\u00e7e nas\u0131l kuvvetlendi\u011fini g\u00f6receksiniz. Kendisine inanan ve denemekten vazge\u00e7meyen t\u00fcm \u00e7ocuklar i\u00e7in&#8230; <\/p>\n","protected":false},"excerpt":{"rendered":"<p>G\u00fcn boyu arkada\u015flar\u0131yla top s\u00fcr\u00fcyor, u\u00e7urtma u\u00e7uruyor, saklamba\u00e7 oynuyor Thui. Her ak\u015fam eve d\u00f6ner d\u00f6nmez de b\u00fcy\u00fckbabas\u0131yla dertle\u015fiyor har\u0131l har\u0131l. Neler anlatm\u0131yor ki? Mahalledeki di\u011fer \u00e7ocuklar<span class=\"excerpt-hellip\"> [\u2026]<\/span><\/p>\n","protected":false},"featured_media":0,"template":"","meta":{"_monsterinsights_skip_tracking":false,"_monsterinsights_sitenote_active":false,"_monsterinsights_sitenote_note":"","_monsterinsights_sitenote_category":0},"product_brand":[],"product_cat":[12275,12274],"product_tag":[],"class_list":{"0":"post-714139","1":"product","2":"type-product","3":"status-publish","5":"product_cat-6-12-yas-kitaplari","6":"product_cat-cocuk-ve-genclik-kitaplari","7":"pa_cilt-ciltsiz","8":"pa_tur-kitap","9":"pa_yayinevi-dogan-egmont-yayincilik","10":"pa_yazar-idil-pisgin","12":"first","13":"instock","14":"sale","15":"shipping-taxable","16":"purchasable","17":"product-type-simple"},"_links":{"self":[{"href":"https:\/\/roveyayinevi.com.tr\/index.php\/wp-json\/wp\/v2\/product\/714139","targetHints":{"allow":["GET"]}}],"collection":[{"href":"https:\/\/roveyayinevi.com.tr\/index.php\/wp-json\/wp\/v2\/product"}],"about":[{"href":"https:\/\/roveyayinevi.com.tr\/index.php\/wp-json\/wp\/v2\/types\/product"}],"wp:attachment":[{"href":"https:\/\/roveyayinevi.com.tr\/index.php\/wp-json\/wp\/v2\/media?parent=714139"}],"wp:term":[{"taxonomy":"product_brand","embeddable":true,"href":"https:\/\/roveyayinevi.com.tr\/index.php\/wp-json\/wp\/v2\/product_brand?post=714139"},{"taxonomy":"product_cat","embeddable":true,"href":"https:\/\/roveyayinevi.com.tr\/index.php\/wp-json\/wp\/v2\/product_cat?post=714139"},{"taxonomy":"product_tag","embeddable":true,"href":"https:\/\/roveyayinevi.com.tr\/index.php\/wp-json\/wp\/v2\/product_tag?post=714139"}],"curies":[{"name":"wp","href":"https:\/\/api.w.org\/{rel}","templated":true}]}}