{"id":714138,"date":"2025-08-27T17:15:27","date_gmt":"2025-08-27T14:15:27","guid":{"rendered":"https:\/\/roveyayinevi.com.tr\/index.php\/urun\/tepeden-tirnaga-isyan-nazim-hikmet\/"},"modified":"2026-04-16T02:22:43","modified_gmt":"2026-04-15T23:22:43","slug":"tepeden-tirnaga-isyan-nazim-hikmet","status":"publish","type":"product","link":"https:\/\/roveyayinevi.com.tr\/index.php\/urun\/tepeden-tirnaga-isyan-nazim-hikmet\/","title":{"rendered":"Tepeden T\u0131rna\u011fa \u0130syan Naz\u0131m Hikmet"},"content":{"rendered":"<p>\u0130stanbul\u2019da bir ceviz a\u011fac\u0131d\u0131r o, G\u00fclhane Park\u0131\u2019n\u0131 kendine mesken edinmi\u015f, bin y\u0131llar boyu orada k\u00f6k salm\u0131\u015f. Elleri vard\u0131r milyonlarca, uzan\u0131r insanlara, insanl\u0131\u011fa dallar\u0131yla. Bir hasretlik t\u00fcrk\u00fcs\u00fcd\u00fcr, bir sokak lambas\u0131n\u0131n solgun \u0131\u015f\u0131\u011f\u0131nda bekler durur sevgiliyi; birdenbire kalkar, k\u00f6p\u00fcr\u00fcr. \u00c7\u0131\u011fl\u0131k olur g\u00f6\u011f\u00fcnde h\u0131\u015f\u0131rt\u0131s\u0131 yapraklar\u0131n\u0131n\u2026 \u0130stanbul\u2019un\u2026 Baharlar\u0131 ilk \u00f6nce o \u00e7i\u00e7eklenir, y\u00fcz\u00fcn\u00fc d\u00f6ner g\u00fcne\u015fe, g\u00fcz gelince h\u00fcz\u00fcnle yava\u015ftan d\u00f6ker alt\u0131n rengi yapraklar\u0131n\u0131, bir hal\u0131 serer \u00fc\u015f\u00fcyen \u00e7\u0131plak ayakl\u0131 \u00e7ocuklara\u2026  Bir \u0130stanbullu \u015fairin \u00f6yk\u00fcs\u00fcd\u00fcr bu, bir vatan haininin. Nereye gitse memleketini y\u00fcre\u011finde ta\u015f\u0131m\u0131\u015f, gitti\u011fi her yeri memleket yapm\u0131\u015f bir vatan haininin \u00f6yk\u00fcs\u00fcd\u00fcr bu. Bir kanunla Anadolu\u2019dan, yurdundan kopar\u0131lmaya \u00e7al\u0131\u015f\u0131lan ama halk\u0131n\u0131n dilinde her yeni g\u00fcn bamba\u015fka bir s\u00f6z olarak bayrakla\u015fan N\u00e2z\u0131m Hikmet\u2019in \u00f6yk\u00fcs\u00fcd\u00fcr\u2026 <\/p>\n","protected":false},"excerpt":{"rendered":"<p>\u0130stanbul\u2019da bir ceviz a\u011fac\u0131d\u0131r o, G\u00fclhane Park\u0131\u2019n\u0131 kendine mesken edinmi\u015f, bin y\u0131llar boyu orada k\u00f6k salm\u0131\u015f. Elleri vard\u0131r milyonlarca, uzan\u0131r insanlara, insanl\u0131\u011fa dallar\u0131yla. Bir hasretlik t\u00fcrk\u00fcs\u00fcd\u00fcr,<span class=\"excerpt-hellip\"> [\u2026]<\/span><\/p>\n","protected":false},"featured_media":0,"template":"","meta":{"_monsterinsights_skip_tracking":false,"_monsterinsights_sitenote_active":false,"_monsterinsights_sitenote_note":"","_monsterinsights_sitenote_category":0},"product_brand":[],"product_cat":[14009,12291],"product_tag":[],"class_list":{"0":"post-714138","1":"product","2":"type-product","3":"status-publish","5":"product_cat-biyografi-otobiyografi-edebiyat","6":"product_cat-edebiyat","7":"pa_cilt-ciltsiz","8":"pa_tur-kitap","9":"pa_yayinevi-dogan-kitap","10":"pa_yazar-enver-aysever","12":"first","13":"instock","14":"sale","15":"shipping-taxable","16":"purchasable","17":"product-type-simple"},"_links":{"self":[{"href":"https:\/\/roveyayinevi.com.tr\/index.php\/wp-json\/wp\/v2\/product\/714138","targetHints":{"allow":["GET"]}}],"collection":[{"href":"https:\/\/roveyayinevi.com.tr\/index.php\/wp-json\/wp\/v2\/product"}],"about":[{"href":"https:\/\/roveyayinevi.com.tr\/index.php\/wp-json\/wp\/v2\/types\/product"}],"wp:attachment":[{"href":"https:\/\/roveyayinevi.com.tr\/index.php\/wp-json\/wp\/v2\/media?parent=714138"}],"wp:term":[{"taxonomy":"product_brand","embeddable":true,"href":"https:\/\/roveyayinevi.com.tr\/index.php\/wp-json\/wp\/v2\/product_brand?post=714138"},{"taxonomy":"product_cat","embeddable":true,"href":"https:\/\/roveyayinevi.com.tr\/index.php\/wp-json\/wp\/v2\/product_cat?post=714138"},{"taxonomy":"product_tag","embeddable":true,"href":"https:\/\/roveyayinevi.com.tr\/index.php\/wp-json\/wp\/v2\/product_tag?post=714138"}],"curies":[{"name":"wp","href":"https:\/\/api.w.org\/{rel}","templated":true}]}}